{"id":1716,"date":"2024-11-28T08:43:53","date_gmt":"2024-11-28T08:43:53","guid":{"rendered":"https:\/\/devabor.com\/?page_id=1716"},"modified":"2024-11-28T08:48:51","modified_gmt":"2024-11-28T08:48:51","slug":"magazin","status":"publish","type":"page","link":"https:\/\/devabor.com\/de\/magazin\/","title":{"rendered":"Magazin"},"content":{"rendered":"<div data-elementor-type=\"wp-page\" data-elementor-id=\"1716\" class=\"elementor elementor-1716\" data-elementor-post-type=\"page\">\n\t\t\t\t<div class=\"elementor-element elementor-element-32286c8 e-flex e-con-boxed e-con e-parent\" data-id=\"32286c8\" data-element_type=\"container\" data-e-type=\"container\">\n\t\t\t\t\t<div class=\"e-con-inner\">\n\t\t\t\t<div class=\"elementor-element elementor-element-ecbc371 elementor-widget elementor-widget-heading\" data-id=\"ecbc371\" data-element_type=\"widget\" data-e-type=\"widget\" data-widget_type=\"heading.default\">\n\t\t\t\t<div class=\"elementor-widget-container\">\n\t\t\t\t\t<h2 class=\"elementor-heading-title elementor-size-default\">Bormagazin<\/h2>\t\t\t\t<\/div>\n\t\t\t\t<\/div>\n\t\t\t\t\t<\/div>\n\t\t\t\t<\/div>\n\t\t<div class=\"elementor-element elementor-element-9e7d987 e-flex e-con-boxed e-con e-parent\" data-id=\"9e7d987\" data-element_type=\"container\" data-e-type=\"container\">\n\t\t\t\t\t<div class=\"e-con-inner\">\n\t\t\t\t<div class=\"elementor-element elementor-element-65bc539 elementor-widget elementor-widget-text-editor\" data-id=\"65bc539\" data-element_type=\"widget\" data-e-type=\"widget\" data-widget_type=\"text-editor.default\">\n\t\t\t\t<div class=\"elementor-widget-container\">\n\t\t\t\t\t\t\t\t\t<p>\u00c9rdekess\u00e9gek a borok vil\u00e1g\u00e1b\u00f3l, itthonr\u00f3l \u00e9s k\u00fclf\u00f6ldr\u0151l! Bor \u00e9s eduk\u00e1ci\u00f3<\/p>\t\t\t\t\t\t\t\t<\/div>\n\t\t\t\t<\/div>\n\t\t\t\t\t<\/div>\n\t\t\t\t<\/div>\n\t\t<div class=\"elementor-element elementor-element-e987359 e-flex e-con-boxed e-con e-parent\" data-id=\"e987359\" data-element_type=\"container\" data-e-type=\"container\">\n\t\t\t\t\t<div class=\"e-con-inner\">\n\t\t\t\t<div class=\"elementor-element elementor-element-2e28cda elementor-widget-divider--view-line elementor-widget elementor-widget-divider\" data-id=\"2e28cda\" data-element_type=\"widget\" data-e-type=\"widget\" data-widget_type=\"divider.default\">\n\t\t\t\t<div class=\"elementor-widget-container\">\n\t\t\t\t\t\t\t<div class=\"elementor-divider\">\n\t\t\t<span class=\"elementor-divider-separator\">\n\t\t\t\t\t\t<\/span>\n\t\t<\/div>\n\t\t\t\t\t\t<\/div>\n\t\t\t\t<\/div>\n\t\t\t\t\t<\/div>\n\t\t\t\t<\/div>\n\t\t<div class=\"elementor-element elementor-element-a1c9b95 e-flex e-con-boxed e-con e-parent\" data-id=\"a1c9b95\" data-element_type=\"container\" data-e-type=\"container\">\n\t\t\t\t\t<div class=\"e-con-inner\">\n\t\t\t\t<div class=\"elementor-element elementor-element-c45f17d elementor-grid-3 elementor-grid-tablet-2 elementor-grid-mobile-1 elementor-posts--thumbnail-top elementor-posts--show-avatar elementor-card-shadow-yes elementor-posts__hover-gradient elementor-widget elementor-widget-posts\" data-id=\"c45f17d\" data-element_type=\"widget\" data-e-type=\"widget\" data-settings=\"{&quot;cards_columns&quot;:&quot;3&quot;,&quot;cards_columns_tablet&quot;:&quot;2&quot;,&quot;cards_columns_mobile&quot;:&quot;1&quot;,&quot;cards_row_gap&quot;:{&quot;unit&quot;:&quot;px&quot;,&quot;size&quot;:35,&quot;sizes&quot;:[]},&quot;cards_row_gap_tablet&quot;:{&quot;unit&quot;:&quot;px&quot;,&quot;size&quot;:&quot;&quot;,&quot;sizes&quot;:[]},&quot;cards_row_gap_mobile&quot;:{&quot;unit&quot;:&quot;px&quot;,&quot;size&quot;:&quot;&quot;,&quot;sizes&quot;:[]}}\" data-widget_type=\"posts.cards\">\n\t\t\t\t<div class=\"elementor-widget-container\">\n\t\t\t\t\t\t\t<div class=\"elementor-posts-container elementor-posts elementor-posts--skin-cards elementor-grid\" role=\"list\">\n\t\t\t\t<article class=\"elementor-post elementor-grid-item post-3586 post type-post status-publish format-standard has-post-thumbnail hentry category-devabor category-magazin tag-borajanlo tag-borblog tag-boredukacio tag-borkostolo tag-fiatalgeneracio tag-kostolas\" role=\"listitem\">\n\t\t\t<div class=\"elementor-post__card\">\n\t\t\t\t<a class=\"elementor-post__thumbnail__link\" href=\"https:\/\/devabor.com\/de\/a-boraszat-kihivasai-hogyan-szolitsuk-meg-a-fiatalokat\/\" tabindex=\"-1\" target=\"_blank\"><div class=\"elementor-post__thumbnail\"><img fetchpriority=\"high\" decoding=\"async\" width=\"768\" height=\"768\" src=\"https:\/\/devabor.com\/wp-content\/uploads\/2026\/05\/bor-j-768x768.png\" class=\"attachment-medium_large size-medium_large wp-image-3591\" alt=\"\" srcset=\"https:\/\/devabor.com\/wp-content\/uploads\/2026\/05\/bor-j-768x768.png 768w, https:\/\/devabor.com\/wp-content\/uploads\/2026\/05\/bor-j-300x300.png 300w, https:\/\/devabor.com\/wp-content\/uploads\/2026\/05\/bor-j-1024x1024.png 1024w, https:\/\/devabor.com\/wp-content\/uploads\/2026\/05\/bor-j-150x150.png 150w, https:\/\/devabor.com\/wp-content\/uploads\/2026\/05\/bor-j-12x12.png 12w, https:\/\/devabor.com\/wp-content\/uploads\/2026\/05\/bor-j-400x400.png 400w, https:\/\/devabor.com\/wp-content\/uploads\/2026\/05\/bor-j-800x800.png 800w, https:\/\/devabor.com\/wp-content\/uploads\/2026\/05\/bor-j-100x100.png 100w, https:\/\/devabor.com\/wp-content\/uploads\/2026\/05\/bor-j.png 1080w\" sizes=\"(max-width: 768px) 100vw, 768px\" \/><\/div><\/a>\n\t\t\t\t<div class=\"elementor-post__badge\">D\u00e9vabor<\/div>\n\t\t\t\t<div class=\"elementor-post__avatar\">\n\t\t\t\t\t<\/div>\n\t\t\t\t<div class=\"elementor-post__text\">\n\t\t\t\t<h3 class=\"elementor-post__title\">\n\t\t\t<a href=\"https:\/\/devabor.com\/de\/a-boraszat-kihivasai-hogyan-szolitsuk-meg-a-fiatalokat\/\" target=\"&quot;_blank&quot;\">\n\t\t\t\tA bor\u00e1szat kih\u00edv\u00e1sai: Hogyan sz\u00f3l\u00edtsuk meg a fiatalokat?\t\t\t<\/a>\n\t\t<\/h3>\n\t\t\t\t\t<div class=\"elementor-post__read-more-wrapper\">\n\t\t\n\t\t<a class=\"elementor-post__read-more\" href=\"https:\/\/devabor.com\/de\/a-boraszat-kihivasai-hogyan-szolitsuk-meg-a-fiatalokat\/\" aria-label=\"Read more about A bor\u00e1szat kih\u00edv\u00e1sai: Hogyan sz\u00f3l\u00edtsuk meg a fiatalokat?\" tabindex=\"-1\" target=\"_blank\">\n\t\t\tTov\u00e1bb olvasom \u00bb\t\t<\/a>\n\n\t\t\t\t\t<\/div>\n\t\t\t\t<\/div>\n\t\t\t\t<div class=\"elementor-post__meta-data\">\n\t\t\t\t\t<span class=\"elementor-post-date\">\n\t\t\tMai 10, 2026\t\t<\/span>\n\t\t\t\t<span class=\"elementor-post-avatar\">\n\t\t\tKeine Kommentare\t\t<\/span>\n\t\t\t\t<\/div>\n\t\t\t\t\t<\/div>\n\t\t<\/article>\n\t\t\t\t<article class=\"elementor-post elementor-grid-item post-3559 post type-post status-publish format-standard has-post-thumbnail hentry category-ajandekotletek category-magazin tag-boredukacio tag-borkostolo tag-kostolas tag-palackposta tag-sommelier tag-velemeny\" role=\"listitem\">\n\t\t\t<div class=\"elementor-post__card\">\n\t\t\t\t<a class=\"elementor-post__thumbnail__link\" href=\"https:\/\/devabor.com\/de\/hogyan-valassz-bort-ajandekba\/\" tabindex=\"-1\" target=\"_blank\"><div class=\"elementor-post__thumbnail\"><img decoding=\"async\" width=\"768\" height=\"768\" src=\"https:\/\/devabor.com\/wp-content\/uploads\/2026\/05\/utmutat-768x768.png\" class=\"attachment-medium_large size-medium_large wp-image-3575\" alt=\"\" srcset=\"https:\/\/devabor.com\/wp-content\/uploads\/2026\/05\/utmutat-768x768.png 768w, https:\/\/devabor.com\/wp-content\/uploads\/2026\/05\/utmutat-300x300.png 300w, https:\/\/devabor.com\/wp-content\/uploads\/2026\/05\/utmutat-1024x1024.png 1024w, https:\/\/devabor.com\/wp-content\/uploads\/2026\/05\/utmutat-150x150.png 150w, https:\/\/devabor.com\/wp-content\/uploads\/2026\/05\/utmutat-12x12.png 12w, https:\/\/devabor.com\/wp-content\/uploads\/2026\/05\/utmutat-400x400.png 400w, https:\/\/devabor.com\/wp-content\/uploads\/2026\/05\/utmutat-800x800.png 800w, https:\/\/devabor.com\/wp-content\/uploads\/2026\/05\/utmutat-100x100.png 100w, https:\/\/devabor.com\/wp-content\/uploads\/2026\/05\/utmutat.png 1080w\" sizes=\"(max-width: 768px) 100vw, 768px\" \/><\/div><\/a>\n\t\t\t\t<div class=\"elementor-post__badge\">Aj\u00e1nd\u00e9k\u00f6tletek<\/div>\n\t\t\t\t<div class=\"elementor-post__avatar\">\n\t\t\t\t\t<\/div>\n\t\t\t\t<div class=\"elementor-post__text\">\n\t\t\t\t<h3 class=\"elementor-post__title\">\n\t\t\t<a href=\"https:\/\/devabor.com\/de\/hogyan-valassz-bort-ajandekba\/\" target=\"&quot;_blank&quot;\">\n\t\t\t\tHogyan v\u00e1lassz bort aj\u00e1nd\u00e9kba?\u00a0\t\t\t<\/a>\n\t\t<\/h3>\n\t\t\t\t\t<div class=\"elementor-post__read-more-wrapper\">\n\t\t\n\t\t<a class=\"elementor-post__read-more\" href=\"https:\/\/devabor.com\/de\/hogyan-valassz-bort-ajandekba\/\" aria-label=\"Read more about Hogyan v\u00e1lassz bort aj\u00e1nd\u00e9kba?\u00a0\" tabindex=\"-1\" target=\"_blank\">\n\t\t\tTov\u00e1bb olvasom \u00bb\t\t<\/a>\n\n\t\t\t\t\t<\/div>\n\t\t\t\t<\/div>\n\t\t\t\t<div class=\"elementor-post__meta-data\">\n\t\t\t\t\t<span class=\"elementor-post-date\">\n\t\t\tMai 7, 2026\t\t<\/span>\n\t\t\t\t<span class=\"elementor-post-avatar\">\n\t\t\tKeine Kommentare\t\t<\/span>\n\t\t\t\t<\/div>\n\t\t\t\t\t<\/div>\n\t\t<\/article>\n\t\t\t\t<article class=\"elementor-post elementor-grid-item post-3576 post type-post status-publish format-standard has-post-thumbnail hentry category-magazin tag-onismeret-mentalisfejlodes-gondolkodasmod-valtozas-belsomunka tag-mentalisfejlodes tag-mentalitas tag-onismeret tag-tudatossag\" role=\"listitem\">\n\t\t\t<div class=\"elementor-post__card\">\n\t\t\t\t<a class=\"elementor-post__thumbnail__link\" href=\"https:\/\/devabor.com\/de\/mentalis-korlataink\/\" tabindex=\"-1\" target=\"_blank\"><div class=\"elementor-post__thumbnail\"><img decoding=\"async\" width=\"768\" height=\"977\" src=\"https:\/\/devabor.com\/wp-content\/uploads\/2026\/05\/IMG_7438-768x977.jpeg\" class=\"attachment-medium_large size-medium_large wp-image-3582\" alt=\"\" srcset=\"https:\/\/devabor.com\/wp-content\/uploads\/2026\/05\/IMG_7438-768x977.jpeg 768w, https:\/\/devabor.com\/wp-content\/uploads\/2026\/05\/IMG_7438-236x300.jpeg 236w, https:\/\/devabor.com\/wp-content\/uploads\/2026\/05\/IMG_7438-805x1024.jpeg 805w, https:\/\/devabor.com\/wp-content\/uploads\/2026\/05\/IMG_7438-1208x1536.jpeg 1208w, https:\/\/devabor.com\/wp-content\/uploads\/2026\/05\/IMG_7438-1610x2048.jpeg 1610w, https:\/\/devabor.com\/wp-content\/uploads\/2026\/05\/IMG_7438-9x12.jpeg 9w, https:\/\/devabor.com\/wp-content\/uploads\/2026\/05\/IMG_7438-800x1018.jpeg 800w, https:\/\/devabor.com\/wp-content\/uploads\/2026\/05\/IMG_7438-scaled.jpeg 2013w\" sizes=\"(max-width: 768px) 100vw, 768px\" \/><\/div><\/a>\n\t\t\t\t<div class=\"elementor-post__badge\">Magazin<\/div>\n\t\t\t\t<div class=\"elementor-post__avatar\">\n\t\t\t\t\t<\/div>\n\t\t\t\t<div class=\"elementor-post__text\">\n\t\t\t\t<h3 class=\"elementor-post__title\">\n\t\t\t<a href=\"https:\/\/devabor.com\/de\/mentalis-korlataink\/\" target=\"&quot;_blank&quot;\">\n\t\t\t\tMent\u00e1lis korl\u00e1taink\t\t\t<\/a>\n\t\t<\/h3>\n\t\t\t\t\t<div class=\"elementor-post__read-more-wrapper\">\n\t\t\n\t\t<a class=\"elementor-post__read-more\" href=\"https:\/\/devabor.com\/de\/mentalis-korlataink\/\" aria-label=\"Read more about Ment\u00e1lis korl\u00e1taink\" tabindex=\"-1\" target=\"_blank\">\n\t\t\tTov\u00e1bb olvasom \u00bb\t\t<\/a>\n\n\t\t\t\t\t<\/div>\n\t\t\t\t<\/div>\n\t\t\t\t<div class=\"elementor-post__meta-data\">\n\t\t\t\t\t<span class=\"elementor-post-date\">\n\t\t\tMai 5, 2026\t\t<\/span>\n\t\t\t\t<span class=\"elementor-post-avatar\">\n\t\t\tKeine Kommentare\t\t<\/span>\n\t\t\t\t<\/div>\n\t\t\t\t\t<\/div>\n\t\t<\/article>\n\t\t\t\t<article class=\"elementor-post elementor-grid-item post-3508 post type-post status-publish format-standard has-post-thumbnail hentry category-devabor category-erdekessegek-a-borvilagbol\" role=\"listitem\">\n\t\t\t<div class=\"elementor-post__card\">\n\t\t\t\t<a class=\"elementor-post__thumbnail__link\" href=\"https:\/\/devabor.com\/de\/5-legjobb-borvidek-magyarorszagon\/\" tabindex=\"-1\" target=\"_blank\"><div class=\"elementor-post__thumbnail\"><img loading=\"lazy\" decoding=\"async\" width=\"768\" height=\"768\" src=\"https:\/\/devabor.com\/wp-content\/uploads\/2026\/05\/5-legjobb-borvidek-768x768.png\" class=\"attachment-medium_large size-medium_large wp-image-3543\" alt=\"\" srcset=\"https:\/\/devabor.com\/wp-content\/uploads\/2026\/05\/5-legjobb-borvidek-768x768.png 768w, https:\/\/devabor.com\/wp-content\/uploads\/2026\/05\/5-legjobb-borvidek-300x300.png 300w, https:\/\/devabor.com\/wp-content\/uploads\/2026\/05\/5-legjobb-borvidek-1024x1024.png 1024w, https:\/\/devabor.com\/wp-content\/uploads\/2026\/05\/5-legjobb-borvidek-150x150.png 150w, https:\/\/devabor.com\/wp-content\/uploads\/2026\/05\/5-legjobb-borvidek-12x12.png 12w, https:\/\/devabor.com\/wp-content\/uploads\/2026\/05\/5-legjobb-borvidek-400x400.png 400w, https:\/\/devabor.com\/wp-content\/uploads\/2026\/05\/5-legjobb-borvidek-800x800.png 800w, https:\/\/devabor.com\/wp-content\/uploads\/2026\/05\/5-legjobb-borvidek-100x100.png 100w, https:\/\/devabor.com\/wp-content\/uploads\/2026\/05\/5-legjobb-borvidek.png 1080w\" sizes=\"(max-width: 768px) 100vw, 768px\" \/><\/div><\/a>\n\t\t\t\t<div class=\"elementor-post__badge\">D\u00e9vabor<\/div>\n\t\t\t\t<div class=\"elementor-post__avatar\">\n\t\t\t\t\t<\/div>\n\t\t\t\t<div class=\"elementor-post__text\">\n\t\t\t\t<h3 class=\"elementor-post__title\">\n\t\t\t<a href=\"https:\/\/devabor.com\/de\/5-legjobb-borvidek-magyarorszagon\/\" target=\"&quot;_blank&quot;\">\n\t\t\t\t5 legjobb borvid\u00e9k Magyarorsz\u00e1gon,\t\t\t<\/a>\n\t\t<\/h3>\n\t\t\t\t\t<div class=\"elementor-post__read-more-wrapper\">\n\t\t\n\t\t<a class=\"elementor-post__read-more\" href=\"https:\/\/devabor.com\/de\/5-legjobb-borvidek-magyarorszagon\/\" aria-label=\"Read more about 5 legjobb borvid\u00e9k Magyarorsz\u00e1gon,\" tabindex=\"-1\" target=\"_blank\">\n\t\t\tTov\u00e1bb olvasom \u00bb\t\t<\/a>\n\n\t\t\t\t\t<\/div>\n\t\t\t\t<\/div>\n\t\t\t\t<div class=\"elementor-post__meta-data\">\n\t\t\t\t\t<span class=\"elementor-post-date\">\n\t\t\tMai 3, 2026\t\t<\/span>\n\t\t\t\t<span class=\"elementor-post-avatar\">\n\t\t\tKeine Kommentare\t\t<\/span>\n\t\t\t\t<\/div>\n\t\t\t\t\t<\/div>\n\t\t<\/article>\n\t\t\t\t<article class=\"elementor-post elementor-grid-item post-3491 post type-post status-publish format-standard has-post-thumbnail hentry category-devabor category-erdekessegek-a-borvilagbol tag-boredukacio tag-bormarketing tag-velemeny\" role=\"listitem\">\n\t\t\t<div class=\"elementor-post__card\">\n\t\t\t\t<a class=\"elementor-post__thumbnail__link\" href=\"https:\/\/devabor.com\/de\/magyar-bormarketing-mult-jelen-es-jovo\/\" tabindex=\"-1\" target=\"_blank\"><div class=\"elementor-post__thumbnail\"><img loading=\"lazy\" decoding=\"async\" width=\"768\" height=\"633\" src=\"https:\/\/devabor.com\/wp-content\/uploads\/2026\/05\/magyar-bormarketing-a-768x633.png\" class=\"attachment-medium_large size-medium_large wp-image-3503\" alt=\"\" srcset=\"https:\/\/devabor.com\/wp-content\/uploads\/2026\/05\/magyar-bormarketing-a-768x633.png 768w, https:\/\/devabor.com\/wp-content\/uploads\/2026\/05\/magyar-bormarketing-a-300x247.png 300w, https:\/\/devabor.com\/wp-content\/uploads\/2026\/05\/magyar-bormarketing-a-15x12.png 15w, https:\/\/devabor.com\/wp-content\/uploads\/2026\/05\/magyar-bormarketing-a-800x659.png 800w, https:\/\/devabor.com\/wp-content\/uploads\/2026\/05\/magyar-bormarketing-a.png 1024w\" sizes=\"(max-width: 768px) 100vw, 768px\" \/><\/div><\/a>\n\t\t\t\t<div class=\"elementor-post__badge\">D\u00e9vabor<\/div>\n\t\t\t\t<div class=\"elementor-post__avatar\">\n\t\t\t\t\t<\/div>\n\t\t\t\t<div class=\"elementor-post__text\">\n\t\t\t\t<h3 class=\"elementor-post__title\">\n\t\t\t<a href=\"https:\/\/devabor.com\/de\/magyar-bormarketing-mult-jelen-es-jovo\/\" target=\"&quot;_blank&quot;\">\n\t\t\t\tMagyar bormarketing &#8211; m\u00falt, jelen \u00e9s j\u00f6v\u0151\t\t\t<\/a>\n\t\t<\/h3>\n\t\t\t\t\t<div class=\"elementor-post__read-more-wrapper\">\n\t\t\n\t\t<a class=\"elementor-post__read-more\" href=\"https:\/\/devabor.com\/de\/magyar-bormarketing-mult-jelen-es-jovo\/\" aria-label=\"Read more about Magyar bormarketing &#8211; m\u00falt, jelen \u00e9s j\u00f6v\u0151\" tabindex=\"-1\" target=\"_blank\">\n\t\t\tTov\u00e1bb olvasom \u00bb\t\t<\/a>\n\n\t\t\t\t\t<\/div>\n\t\t\t\t<\/div>\n\t\t\t\t<div class=\"elementor-post__meta-data\">\n\t\t\t\t\t<span class=\"elementor-post-date\">\n\t\t\tMai 1, 2026\t\t<\/span>\n\t\t\t\t<span class=\"elementor-post-avatar\">\n\t\t\tKeine Kommentare\t\t<\/span>\n\t\t\t\t<\/div>\n\t\t\t\t\t<\/div>\n\t\t<\/article>\n\t\t\t\t<article class=\"elementor-post elementor-grid-item post-3482 post type-post status-publish format-standard has-post-thumbnail hentry category-uncategorized\" role=\"listitem\">\n\t\t\t<div class=\"elementor-post__card\">\n\t\t\t\t<a class=\"elementor-post__thumbnail__link\" href=\"https:\/\/devabor.com\/de\/magyar-bormarketing-2026\/\" tabindex=\"-1\" target=\"_blank\"><div class=\"elementor-post__thumbnail\"><img loading=\"lazy\" decoding=\"async\" width=\"768\" height=\"768\" src=\"https:\/\/devabor.com\/wp-content\/uploads\/2026\/04\/bormarkeitng-768x768.png\" class=\"attachment-medium_large size-medium_large wp-image-3487\" alt=\"\" srcset=\"https:\/\/devabor.com\/wp-content\/uploads\/2026\/04\/bormarkeitng-768x768.png 768w, https:\/\/devabor.com\/wp-content\/uploads\/2026\/04\/bormarkeitng-300x300.png 300w, https:\/\/devabor.com\/wp-content\/uploads\/2026\/04\/bormarkeitng-1024x1024.png 1024w, https:\/\/devabor.com\/wp-content\/uploads\/2026\/04\/bormarkeitng-150x150.png 150w, https:\/\/devabor.com\/wp-content\/uploads\/2026\/04\/bormarkeitng-12x12.png 12w, https:\/\/devabor.com\/wp-content\/uploads\/2026\/04\/bormarkeitng-400x400.png 400w, https:\/\/devabor.com\/wp-content\/uploads\/2026\/04\/bormarkeitng-800x800.png 800w, https:\/\/devabor.com\/wp-content\/uploads\/2026\/04\/bormarkeitng-100x100.png 100w, https:\/\/devabor.com\/wp-content\/uploads\/2026\/04\/bormarkeitng.png 1080w\" sizes=\"(max-width: 768px) 100vw, 768px\" \/><\/div><\/a>\n\t\t\t\t<div class=\"elementor-post__badge\">Uncategorized<\/div>\n\t\t\t\t<div class=\"elementor-post__avatar\">\n\t\t\t\t\t<\/div>\n\t\t\t\t<div class=\"elementor-post__text\">\n\t\t\t\t<h3 class=\"elementor-post__title\">\n\t\t\t<a href=\"https:\/\/devabor.com\/de\/magyar-bormarketing-2026\/\" target=\"&quot;_blank&quot;\">\n\t\t\t\tMagyar bormarketing 2026\t\t\t<\/a>\n\t\t<\/h3>\n\t\t\t\t\t<div class=\"elementor-post__read-more-wrapper\">\n\t\t\n\t\t<a class=\"elementor-post__read-more\" href=\"https:\/\/devabor.com\/de\/magyar-bormarketing-2026\/\" aria-label=\"Read more about Magyar bormarketing 2026\" tabindex=\"-1\" target=\"_blank\">\n\t\t\tTov\u00e1bb olvasom \u00bb\t\t<\/a>\n\n\t\t\t\t\t<\/div>\n\t\t\t\t<\/div>\n\t\t\t\t<div class=\"elementor-post__meta-data\">\n\t\t\t\t\t<span class=\"elementor-post-date\">\n\t\t\tApril 28, 2026\t\t<\/span>\n\t\t\t\t<span class=\"elementor-post-avatar\">\n\t\t\tKeine Kommentare\t\t<\/span>\n\t\t\t\t<\/div>\n\t\t\t\t\t<\/div>\n\t\t<\/article>\n\t\t\t\t<\/div>\n\t\t\n\t\t\t\t\t\t<\/div>\n\t\t\t\t<\/div>\n\t\t\t\t\t<\/div>\n\t\t\t\t<\/div>\n\t\t\t\t<\/div>","protected":false},"excerpt":{"rendered":"<p>Bormagazin \u00c9rdekess\u00e9gek a borok vil\u00e1g\u00e1b\u00f3l, itthonr\u00f3l \u00e9s k\u00fclf\u00f6ldr\u0151l! Bor \u00e9s eduk\u00e1ci\u00f3<\/p>","protected":false},"author":1,"featured_media":1719,"parent":0,"menu_order":0,"comment_status":"closed","ping_status":"closed","template":"","meta":{"advanced_seo_description":"","jetpack_seo_html_title":"","jetpack_seo_noindex":false,"_kad_post_transparent":"","_kad_post_title":"hide","_kad_post_layout":"fullwidth","_kad_post_sidebar_id":"","_kad_post_content_style":"unboxed","_kad_post_vertical_padding":"hide","_kad_post_feature":"hide","_kad_post_feature_position":"","_kad_post_header":false,"_kad_post_footer":false,"_kad_post_classname":"","footnotes":""},"class_list":["post-1716","page","type-page","status-publish","has-post-thumbnail","hentry"],"jetpack_sharing_enabled":true,"_links":{"self":[{"href":"https:\/\/devabor.com\/de\/wp-json\/wp\/v2\/pages\/1716","targetHints":{"allow":["GET"]}}],"collection":[{"href":"https:\/\/devabor.com\/de\/wp-json\/wp\/v2\/pages"}],"about":[{"href":"https:\/\/devabor.com\/de\/wp-json\/wp\/v2\/types\/page"}],"author":[{"embeddable":true,"href":"https:\/\/devabor.com\/de\/wp-json\/wp\/v2\/users\/1"}],"replies":[{"embeddable":true,"href":"https:\/\/devabor.com\/de\/wp-json\/wp\/v2\/comments?post=1716"}],"version-history":[{"count":8,"href":"https:\/\/devabor.com\/de\/wp-json\/wp\/v2\/pages\/1716\/revisions"}],"predecessor-version":[{"id":1727,"href":"https:\/\/devabor.com\/de\/wp-json\/wp\/v2\/pages\/1716\/revisions\/1727"}],"wp:featuredmedia":[{"embeddable":true,"href":"https:\/\/devabor.com\/de\/wp-json\/wp\/v2\/media\/1719"}],"wp:attachment":[{"href":"https:\/\/devabor.com\/de\/wp-json\/wp\/v2\/media?parent=1716"}],"curies":[{"name":"wp","href":"https:\/\/api.w.org\/{rel}","templated":true}]}}