{"id":907,"date":"2020-12-09T09:54:15","date_gmt":"2020-12-09T09:54:15","guid":{"rendered":"https:\/\/startertemplatecloud.com\/e08\/?page_id=12"},"modified":"2024-11-16T19:50:30","modified_gmt":"2024-11-16T19:50:30","slug":"about-us","status":"publish","type":"page","link":"https:\/\/devabor.com\/de\/about-us\/","title":{"rendered":"R\u00f3lam"},"content":{"rendered":"<div data-elementor-type=\"wp-page\" data-elementor-id=\"907\" class=\"elementor elementor-907\" data-elementor-post-type=\"page\">\n\t\t\t\t\t\t<section class=\"elementor-section elementor-top-section elementor-element elementor-element-f2b968d elementor-section-content-middle elementor-section-boxed elementor-section-height-default elementor-section-height-default\" data-id=\"f2b968d\" data-element_type=\"section\" data-e-type=\"section\">\n\t\t\t\t\t\t<div class=\"elementor-container elementor-column-gap-default\">\n\t\t\t\t\t<div class=\"elementor-column elementor-col-50 elementor-top-column elementor-element elementor-element-5544ac7\" data-id=\"5544ac7\" data-element_type=\"column\" data-e-type=\"column\">\n\t\t\t<div class=\"elementor-widget-wrap elementor-element-populated\">\n\t\t\t\t\t\t<section class=\"elementor-section elementor-inner-section elementor-element elementor-element-158b98e elementor-section-boxed elementor-section-height-default elementor-section-height-default\" data-id=\"158b98e\" data-element_type=\"section\" data-e-type=\"section\">\n\t\t\t\t\t\t<div class=\"elementor-container elementor-column-gap-default\">\n\t\t\t\t\t<div class=\"elementor-column elementor-col-50 elementor-inner-column elementor-element elementor-element-bce095f\" data-id=\"bce095f\" data-element_type=\"column\" data-e-type=\"column\">\n\t\t\t<div class=\"elementor-widget-wrap elementor-element-populated\">\n\t\t\t\t\t\t<div class=\"elementor-element elementor-element-58eb63e elementor-widget elementor-widget-image\" data-id=\"58eb63e\" data-element_type=\"widget\" data-e-type=\"widget\" data-widget_type=\"image.default\">\n\t\t\t\t<div class=\"elementor-widget-container\">\n\t\t\t\t\t\t\t\t\t\t\t\t\t\t\t<img fetchpriority=\"high\" decoding=\"async\" width=\"683\" height=\"1024\" src=\"https:\/\/devabor.com\/wp-content\/uploads\/2024\/11\/230904-DF-Patricius-318-1-683x1024.jpg\" class=\"attachment-large size-large wp-image-971\" alt=\"\" srcset=\"https:\/\/devabor.com\/wp-content\/uploads\/2024\/11\/230904-DF-Patricius-318-1-683x1024.jpg 683w, https:\/\/devabor.com\/wp-content\/uploads\/2024\/11\/230904-DF-Patricius-318-1-200x300.jpg 200w, https:\/\/devabor.com\/wp-content\/uploads\/2024\/11\/230904-DF-Patricius-318-1-768x1152.jpg 768w, https:\/\/devabor.com\/wp-content\/uploads\/2024\/11\/230904-DF-Patricius-318-1-1024x1536.jpg 1024w, https:\/\/devabor.com\/wp-content\/uploads\/2024\/11\/230904-DF-Patricius-318-1-1365x2048.jpg 1365w, https:\/\/devabor.com\/wp-content\/uploads\/2024\/11\/230904-DF-Patricius-318-1-800x1200.jpg 800w, https:\/\/devabor.com\/wp-content\/uploads\/2024\/11\/230904-DF-Patricius-318-1-scaled.jpg 1707w\" sizes=\"(max-width: 683px) 100vw, 683px\" \/>\t\t\t\t\t\t\t\t\t\t\t\t\t\t\t<\/div>\n\t\t\t\t<\/div>\n\t\t\t\t\t<\/div>\n\t\t<\/div>\n\t\t\t\t<div class=\"elementor-column elementor-col-50 elementor-inner-column elementor-element elementor-element-7fdf113\" data-id=\"7fdf113\" data-element_type=\"column\" data-e-type=\"column\">\n\t\t\t<div class=\"elementor-widget-wrap elementor-element-populated\">\n\t\t\t\t\t\t<div class=\"elementor-element elementor-element-1bd0b87 elementor-widget elementor-widget-image\" data-id=\"1bd0b87\" data-element_type=\"widget\" data-e-type=\"widget\" data-widget_type=\"image.default\">\n\t\t\t\t<div class=\"elementor-widget-container\">\n\t\t\t\t\t\t\t\t\t\t\t\t\t\t\t<img decoding=\"async\" width=\"883\" height=\"1024\" src=\"https:\/\/devabor.com\/wp-content\/uploads\/2024\/11\/IMG_2322-883x1024.jpg\" class=\"attachment-large size-large wp-image-1097\" alt=\"\" srcset=\"https:\/\/devabor.com\/wp-content\/uploads\/2024\/11\/IMG_2322-883x1024.jpg 883w, https:\/\/devabor.com\/wp-content\/uploads\/2024\/11\/IMG_2322-259x300.jpg 259w, https:\/\/devabor.com\/wp-content\/uploads\/2024\/11\/IMG_2322-768x890.jpg 768w, https:\/\/devabor.com\/wp-content\/uploads\/2024\/11\/IMG_2322-1325x1536.jpg 1325w, https:\/\/devabor.com\/wp-content\/uploads\/2024\/11\/IMG_2322-1767x2048.jpg 1767w, https:\/\/devabor.com\/wp-content\/uploads\/2024\/11\/IMG_2322-800x927.jpg 800w\" sizes=\"(max-width: 883px) 100vw, 883px\" \/>\t\t\t\t\t\t\t\t\t\t\t\t\t\t\t<\/div>\n\t\t\t\t<\/div>\n\t\t\t\t\t<\/div>\n\t\t<\/div>\n\t\t\t\t\t<\/div>\n\t\t<\/section>\n\t\t\t\t\t<\/div>\n\t\t<\/div>\n\t\t\t\t<div class=\"elementor-column elementor-col-50 elementor-top-column elementor-element elementor-element-a92637f\" data-id=\"a92637f\" data-element_type=\"column\" data-e-type=\"column\">\n\t\t\t<div class=\"elementor-widget-wrap elementor-element-populated\">\n\t\t\t\t\t\t<div class=\"elementor-element elementor-element-ba0e9bc elementor-widget elementor-widget-heading\" data-id=\"ba0e9bc\" data-element_type=\"widget\" data-e-type=\"widget\" data-widget_type=\"heading.default\">\n\t\t\t\t<div class=\"elementor-widget-container\">\n\t\t\t\t\t<h6 class=\"elementor-heading-title elementor-size-default\">Ki vagyok \u00e9n?<\/h6>\t\t\t\t<\/div>\n\t\t\t\t<\/div>\n\t\t\t\t<div class=\"elementor-element elementor-element-58fa123 elementor-widget elementor-widget-text-editor\" data-id=\"58fa123\" data-element_type=\"widget\" data-e-type=\"widget\" data-widget_type=\"text-editor.default\">\n\t\t\t\t<div class=\"elementor-widget-container\">\n\t\t\t\t\t\t\t\t\t<p>D\u00f3ra vagyok, T\u00e1lly\u00e1n egy kis k\u00f6zs\u00e9gben sz\u00fclettem. A sz\u00fcleim m\u00e1r kiskorom \u00f3ta a sz\u0151l\u0151termeszt\u00e9s \u00e9s bork\u00e9sz\u00edt\u00e9s ir\u00e1ny\u00e1ba terelgettek, hab\u00e1r bevallom, gyerekk\u00e9nt nem \u00e9ppen ez volt a nagy \u00e1lmom.<\/p><p>14 \u00e9vesen Budapestre k\u00f6lt\u00f6ztem \u00e9s megkezdtem tanulm\u00e1nyaimat a So\u00f3s Istv\u00e1n Bor\u00e1szati Szakk\u00f6z\u00e9piskol\u00e1ban. Nem volt \u00e9pp egy kis menet, f\u0151leg \u00fagy, hogy addig nem igaz\u00e1n mer\u00e9szkedtem sehov\u00e1.<\/p><p>K\u00e9s\u0151bb elv\u00e9geztem a bor\u00e1sztechnikusi szakot is \u00e9s egy nagy lehet\u0151s\u00e9g \u00fct\u00f6tte fel a fej\u00e9t. N\u00e9metorsz\u00e1gba mentem gyakorlatot szerezni \u00e9s szint\u00e9n egy bor\u00e1sziskol\u00e1ba vet\u0151dtem, ahol du\u00e1lis k\u00e9pz\u00e9sben r\u00e9szes\u00fclhettem.<\/p><p>Mellette egy csal\u00e1di bor\u00e1szatban dolgoztam, nagyj\u00e1b\u00f3l nulla nyelvtud\u00e1ssal. Sz\u00f3val sz\u00f3 szerint bedobtam magam a m\u00e9lyv\u00edzbe.<\/p><p>\u00a0<\/p>\t\t\t\t\t\t\t\t<\/div>\n\t\t\t\t<\/div>\n\t\t\t\t\t<\/div>\n\t\t<\/div>\n\t\t\t\t\t<\/div>\n\t\t<\/section>\n\t\t\t\t<section class=\"elementor-section elementor-top-section elementor-element elementor-element-f8c0770 elementor-section-boxed elementor-section-height-default elementor-section-height-default\" data-id=\"f8c0770\" data-element_type=\"section\" data-e-type=\"section\">\n\t\t\t\t\t\t<div class=\"elementor-container elementor-column-gap-default\">\n\t\t\t\t\t<div class=\"elementor-column elementor-col-66 elementor-top-column elementor-element elementor-element-179b670\" data-id=\"179b670\" data-element_type=\"column\" data-e-type=\"column\">\n\t\t\t<div class=\"elementor-widget-wrap elementor-element-populated\">\n\t\t\t\t\t\t<div class=\"elementor-element elementor-element-844ef53 elementor-widget elementor-widget-image\" data-id=\"844ef53\" data-element_type=\"widget\" data-e-type=\"widget\" data-widget_type=\"image.default\">\n\t\t\t\t<div class=\"elementor-widget-container\">\n\t\t\t\t\t\t\t\t\t\t\t\t\t\t\t<img decoding=\"async\" width=\"1024\" height=\"683\" src=\"https:\/\/devabor.com\/wp-content\/uploads\/2024\/11\/17620218_1262380773881631_5907922636604014979_o-1024x683.jpeg\" class=\"attachment-large size-large wp-image-1098\" alt=\"\" srcset=\"https:\/\/devabor.com\/wp-content\/uploads\/2024\/11\/17620218_1262380773881631_5907922636604014979_o-1024x683.jpeg 1024w, https:\/\/devabor.com\/wp-content\/uploads\/2024\/11\/17620218_1262380773881631_5907922636604014979_o-300x200.jpeg 300w, https:\/\/devabor.com\/wp-content\/uploads\/2024\/11\/17620218_1262380773881631_5907922636604014979_o-768x512.jpeg 768w, https:\/\/devabor.com\/wp-content\/uploads\/2024\/11\/17620218_1262380773881631_5907922636604014979_o-1536x1024.jpeg 1536w, https:\/\/devabor.com\/wp-content\/uploads\/2024\/11\/17620218_1262380773881631_5907922636604014979_o-800x533.jpeg 800w, https:\/\/devabor.com\/wp-content\/uploads\/2024\/11\/17620218_1262380773881631_5907922636604014979_o.jpeg 2048w\" sizes=\"(max-width: 1024px) 100vw, 1024px\" \/>\t\t\t\t\t\t\t\t\t\t\t\t\t\t\t<\/div>\n\t\t\t\t<\/div>\n\t\t<div class=\"elementor-element elementor-element-da9d7cd e-grid e-con-boxed e-con e-parent\" data-id=\"da9d7cd\" data-element_type=\"container\" data-e-type=\"container\">\n\t\t\t\t\t<div class=\"e-con-inner\">\n\t\t\t\t<div class=\"elementor-element elementor-element-ddc0433 elementor-widget elementor-widget-image\" data-id=\"ddc0433\" data-element_type=\"widget\" data-e-type=\"widget\" data-widget_type=\"image.default\">\n\t\t\t\t<div class=\"elementor-widget-container\">\n\t\t\t\t\t\t\t\t\t\t\t\t\t\t\t<img loading=\"lazy\" decoding=\"async\" width=\"1536\" height=\"1024\" src=\"https:\/\/devabor.com\/wp-content\/uploads\/2024\/11\/14859703_1086510131468697_5030436598147373872_o-1536x1024.jpeg\" class=\"attachment-1536x1536 size-1536x1536 wp-image-1099\" alt=\"\" srcset=\"https:\/\/devabor.com\/wp-content\/uploads\/2024\/11\/14859703_1086510131468697_5030436598147373872_o-1536x1024.jpeg 1536w, https:\/\/devabor.com\/wp-content\/uploads\/2024\/11\/14859703_1086510131468697_5030436598147373872_o-300x200.jpeg 300w, https:\/\/devabor.com\/wp-content\/uploads\/2024\/11\/14859703_1086510131468697_5030436598147373872_o-1024x682.jpeg 1024w, https:\/\/devabor.com\/wp-content\/uploads\/2024\/11\/14859703_1086510131468697_5030436598147373872_o-768x512.jpeg 768w, https:\/\/devabor.com\/wp-content\/uploads\/2024\/11\/14859703_1086510131468697_5030436598147373872_o-800x533.jpeg 800w, https:\/\/devabor.com\/wp-content\/uploads\/2024\/11\/14859703_1086510131468697_5030436598147373872_o.jpeg 2000w\" sizes=\"(max-width: 1536px) 100vw, 1536px\" \/>\t\t\t\t\t\t\t\t\t\t\t\t\t\t\t<\/div>\n\t\t\t\t<\/div>\n\t\t\t\t<div class=\"elementor-element elementor-element-c8e968b elementor-widget elementor-widget-image\" data-id=\"c8e968b\" data-element_type=\"widget\" data-e-type=\"widget\" data-widget_type=\"image.default\">\n\t\t\t\t<div class=\"elementor-widget-container\">\n\t\t\t\t\t\t\t\t\t\t\t\t\t\t\t<img loading=\"lazy\" decoding=\"async\" width=\"576\" height=\"1024\" src=\"https:\/\/devabor.com\/wp-content\/uploads\/2024\/11\/17547057_1260127784106930_2368982259399234544_o-576x1024.jpeg\" class=\"attachment-large size-large wp-image-1100\" alt=\"\" srcset=\"https:\/\/devabor.com\/wp-content\/uploads\/2024\/11\/17547057_1260127784106930_2368982259399234544_o-576x1024.jpeg 576w, https:\/\/devabor.com\/wp-content\/uploads\/2024\/11\/17547057_1260127784106930_2368982259399234544_o-169x300.jpeg 169w, https:\/\/devabor.com\/wp-content\/uploads\/2024\/11\/17547057_1260127784106930_2368982259399234544_o-768x1365.jpeg 768w, https:\/\/devabor.com\/wp-content\/uploads\/2024\/11\/17547057_1260127784106930_2368982259399234544_o-864x1536.jpeg 864w, https:\/\/devabor.com\/wp-content\/uploads\/2024\/11\/17547057_1260127784106930_2368982259399234544_o-800x1422.jpeg 800w, https:\/\/devabor.com\/wp-content\/uploads\/2024\/11\/17547057_1260127784106930_2368982259399234544_o.jpeg 1152w\" sizes=\"(max-width: 576px) 100vw, 576px\" \/>\t\t\t\t\t\t\t\t\t\t\t\t\t\t\t<\/div>\n\t\t\t\t<\/div>\n\t\t\t\t<div class=\"elementor-element elementor-element-18f4dd0 elementor-widget elementor-widget-image\" data-id=\"18f4dd0\" data-element_type=\"widget\" data-e-type=\"widget\" data-widget_type=\"image.default\">\n\t\t\t\t<div class=\"elementor-widget-container\">\n\t\t\t\t\t\t\t\t\t\t\t\t\t\t\t<img loading=\"lazy\" decoding=\"async\" width=\"1024\" height=\"682\" src=\"https:\/\/devabor.com\/wp-content\/uploads\/2024\/11\/18671495_1314616978658010_8545656722491914044_o-1024x682.jpeg\" class=\"attachment-large size-large wp-image-1101\" alt=\"\" srcset=\"https:\/\/devabor.com\/wp-content\/uploads\/2024\/11\/18671495_1314616978658010_8545656722491914044_o-1024x682.jpeg 1024w, https:\/\/devabor.com\/wp-content\/uploads\/2024\/11\/18671495_1314616978658010_8545656722491914044_o-300x200.jpeg 300w, https:\/\/devabor.com\/wp-content\/uploads\/2024\/11\/18671495_1314616978658010_8545656722491914044_o-768x512.jpeg 768w, https:\/\/devabor.com\/wp-content\/uploads\/2024\/11\/18671495_1314616978658010_8545656722491914044_o-800x533.jpeg 800w, https:\/\/devabor.com\/wp-content\/uploads\/2024\/11\/18671495_1314616978658010_8545656722491914044_o.jpeg 1280w\" sizes=\"(max-width: 1024px) 100vw, 1024px\" \/>\t\t\t\t\t\t\t\t\t\t\t\t\t\t\t<\/div>\n\t\t\t\t<\/div>\n\t\t\t\t<div class=\"elementor-element elementor-element-9857dd2 elementor-widget elementor-widget-image\" data-id=\"9857dd2\" data-element_type=\"widget\" data-e-type=\"widget\" data-widget_type=\"image.default\">\n\t\t\t\t<div class=\"elementor-widget-container\">\n\t\t\t\t\t\t\t\t\t\t\t\t\t\t\t<img loading=\"lazy\" decoding=\"async\" width=\"768\" height=\"1024\" src=\"https:\/\/devabor.com\/wp-content\/uploads\/2024\/11\/30728924_1638961836223521_6555787180956975104_n.jpeg\" class=\"attachment-large size-large wp-image-1103\" alt=\"\" srcset=\"https:\/\/devabor.com\/wp-content\/uploads\/2024\/11\/30728924_1638961836223521_6555787180956975104_n.jpeg 768w, https:\/\/devabor.com\/wp-content\/uploads\/2024\/11\/30728924_1638961836223521_6555787180956975104_n-225x300.jpeg 225w\" sizes=\"(max-width: 768px) 100vw, 768px\" \/>\t\t\t\t\t\t\t\t\t\t\t\t\t\t\t<\/div>\n\t\t\t\t<\/div>\n\t\t\t\t<div class=\"elementor-element elementor-element-4a17d55 elementor-widget elementor-widget-image\" data-id=\"4a17d55\" data-element_type=\"widget\" data-e-type=\"widget\" data-widget_type=\"image.default\">\n\t\t\t\t<div class=\"elementor-widget-container\">\n\t\t\t\t\t\t\t\t\t\t\t\t\t\t\t<img loading=\"lazy\" decoding=\"async\" width=\"1024\" height=\"683\" src=\"https:\/\/devabor.com\/wp-content\/uploads\/2024\/11\/47366360_1946884522097916_9154470474980261888_n-1024x683.jpeg\" class=\"attachment-large size-large wp-image-1104\" alt=\"\" srcset=\"https:\/\/devabor.com\/wp-content\/uploads\/2024\/11\/47366360_1946884522097916_9154470474980261888_n-1024x683.jpeg 1024w, https:\/\/devabor.com\/wp-content\/uploads\/2024\/11\/47366360_1946884522097916_9154470474980261888_n-300x200.jpeg 300w, https:\/\/devabor.com\/wp-content\/uploads\/2024\/11\/47366360_1946884522097916_9154470474980261888_n-768x512.jpeg 768w, https:\/\/devabor.com\/wp-content\/uploads\/2024\/11\/47366360_1946884522097916_9154470474980261888_n-1536x1024.jpeg 1536w, https:\/\/devabor.com\/wp-content\/uploads\/2024\/11\/47366360_1946884522097916_9154470474980261888_n-800x533.jpeg 800w, https:\/\/devabor.com\/wp-content\/uploads\/2024\/11\/47366360_1946884522097916_9154470474980261888_n.jpeg 2048w\" sizes=\"(max-width: 1024px) 100vw, 1024px\" \/>\t\t\t\t\t\t\t\t\t\t\t\t\t\t\t<\/div>\n\t\t\t\t<\/div>\n\t\t\t\t\t<\/div>\n\t\t\t\t<\/div>\n\t\t\t\t\t<\/div>\n\t\t<\/div>\n\t\t\t\t<div class=\"elementor-column elementor-col-33 elementor-top-column elementor-element elementor-element-08062fc\" data-id=\"08062fc\" data-element_type=\"column\" data-e-type=\"column\">\n\t\t\t<div class=\"elementor-widget-wrap elementor-element-populated\">\n\t\t\t\t\t\t<div class=\"elementor-element elementor-element-b89e629 elementor-widget elementor-widget-heading\" data-id=\"b89e629\" data-element_type=\"widget\" data-e-type=\"widget\" data-widget_type=\"heading.default\">\n\t\t\t\t<div class=\"elementor-widget-container\">\n\t\t\t\t\t<h6 class=\"elementor-heading-title elementor-size-default\">\u00c9n sztorim<\/h6>\t\t\t\t<\/div>\n\t\t\t\t<\/div>\n\t\t\t\t<div class=\"elementor-element elementor-element-55d5a81 elementor-widget elementor-widget-heading\" data-id=\"55d5a81\" data-element_type=\"widget\" data-e-type=\"widget\" data-widget_type=\"heading.default\">\n\t\t\t\t<div class=\"elementor-widget-container\">\n\t\t\t\t\t<h2 class=\"elementor-heading-title elementor-size-default\">J\u00f3, akkor most vil\u00e1gg\u00e1 megyek<\/h2>\t\t\t\t<\/div>\n\t\t\t\t<\/div>\n\t\t\t\t<div class=\"elementor-element elementor-element-9259ab5 elementor-widget elementor-widget-text-editor\" data-id=\"9259ab5\" data-element_type=\"widget\" data-e-type=\"widget\" data-widget_type=\"text-editor.default\">\n\t\t\t\t<div class=\"elementor-widget-container\">\n\t\t\t\t\t\t\t\t\t<p>2 \u00e9v ut\u00e1n fejeztem be az ottani iskol\u00e1t, majd m\u00e9g 1 \u00e9vig egy nagyobb bor\u00e1szatn\u00e1l dolgoztam, ahol logisztik\u00e1val, export-importtal foglalkoztam. Teh\u00e1t egy hatalmas rakt\u00e1r\u00e9p\u00fcletben t\u00f6lt\u00f6ttem mindennapjaimat. Szuper volt elhiheted. \ud83d\ude42<\/p><p>Nade egy hirtelen j\u00f6tt \u00f6tlett\u0151l vez\u00e9relve, egyszer csak a meleg, tr\u00f3pusokon Thaif\u00f6ld\u00f6n tal\u00e1ltam magamat.<\/p><p>Ez k\u00f6vette, Indon\u00e9zia gy\u00f6ny\u00f6r\u0171 kult\u00far\u00e1ja, hegyei, vulk\u00e1njai \u00e9s megannyi izgalmas t\u00far\u00e1ban \u00e9lm\u00e9nyben vettem r\u00e9szt.<\/p><p>Indon\u00e9zia ut\u00e1n Malajzi\u00e1ban \u00e9s a F\u00fcl\u00f6p-szigeteken \u00e9ltem.<\/p><p>Hogy mib\u0151l \u00e9ltem? hogyan jutottam el ennyi helyre? Nem bor\u00e1szkod\u00e1sb\u00f3l \u00e9s sz\u0151l\u0151szed\u00e9sb\u0151l az biztos. \ud83d\ude42<\/p>\t\t\t\t\t\t\t\t<\/div>\n\t\t\t\t<\/div>\n\t\t\t\t<div class=\"elementor-element elementor-element-50802fa elementor-widget elementor-widget-spacer\" data-id=\"50802fa\" data-element_type=\"widget\" data-e-type=\"widget\" data-widget_type=\"spacer.default\">\n\t\t\t\t<div class=\"elementor-widget-container\">\n\t\t\t\t\t\t\t<div class=\"elementor-spacer\">\n\t\t\t<div class=\"elementor-spacer-inner\"><\/div>\n\t\t<\/div>\n\t\t\t\t\t\t<\/div>\n\t\t\t\t<\/div>\n\t\t\t\t<div class=\"elementor-element elementor-element-8576ae8 elementor-widget elementor-widget-image\" data-id=\"8576ae8\" data-element_type=\"widget\" data-e-type=\"widget\" data-widget_type=\"image.default\">\n\t\t\t\t<div class=\"elementor-widget-container\">\n\t\t\t\t\t\t\t\t\t\t\t\t\t\t\t<img loading=\"lazy\" decoding=\"async\" width=\"1024\" height=\"576\" src=\"https:\/\/devabor.com\/wp-content\/uploads\/2024\/11\/18121427_1290159344437107_5832298239133030158_o-1024x576.jpeg\" class=\"attachment-large size-large wp-image-1102\" alt=\"\" srcset=\"https:\/\/devabor.com\/wp-content\/uploads\/2024\/11\/18121427_1290159344437107_5832298239133030158_o-1024x576.jpeg 1024w, https:\/\/devabor.com\/wp-content\/uploads\/2024\/11\/18121427_1290159344437107_5832298239133030158_o-300x169.jpeg 300w, https:\/\/devabor.com\/wp-content\/uploads\/2024\/11\/18121427_1290159344437107_5832298239133030158_o-768x432.jpeg 768w, https:\/\/devabor.com\/wp-content\/uploads\/2024\/11\/18121427_1290159344437107_5832298239133030158_o-1536x864.jpeg 1536w, https:\/\/devabor.com\/wp-content\/uploads\/2024\/11\/18121427_1290159344437107_5832298239133030158_o-800x450.jpeg 800w, https:\/\/devabor.com\/wp-content\/uploads\/2024\/11\/18121427_1290159344437107_5832298239133030158_o.jpeg 2048w\" sizes=\"(max-width: 1024px) 100vw, 1024px\" \/>\t\t\t\t\t\t\t\t\t\t\t\t\t\t\t<\/div>\n\t\t\t\t<\/div>\n\t\t\t\t\t<\/div>\n\t\t<\/div>\n\t\t\t\t\t<\/div>\n\t\t<\/section>\n\t\t\t\t<section class=\"elementor-section elementor-top-section elementor-element elementor-element-29e5fb7 elementor-section-boxed elementor-section-height-default elementor-section-height-default\" data-id=\"29e5fb7\" data-element_type=\"section\" data-e-type=\"section\" data-settings=\"{&quot;background_background&quot;:&quot;classic&quot;}\">\n\t\t\t\t\t\t\t<div class=\"elementor-background-overlay\"><\/div>\n\t\t\t\t\t\t\t<div class=\"elementor-container elementor-column-gap-default\">\n\t\t\t\t\t<div class=\"elementor-column elementor-col-50 elementor-top-column elementor-element elementor-element-f17b368\" data-id=\"f17b368\" data-element_type=\"column\" data-e-type=\"column\">\n\t\t\t<div class=\"elementor-widget-wrap elementor-element-populated\">\n\t\t\t\t\t\t<div class=\"elementor-element elementor-element-a186995 elementor-widget elementor-widget-heading\" data-id=\"a186995\" data-element_type=\"widget\" data-e-type=\"widget\" data-widget_type=\"heading.default\">\n\t\t\t\t<div class=\"elementor-widget-container\">\n\t\t\t\t\t<h2 class=\"elementor-heading-title elementor-size-default\">\u00datkeres\u00e9s<\/h2>\t\t\t\t<\/div>\n\t\t\t\t<\/div>\n\t\t\t\t<div class=\"elementor-element elementor-element-2cc78cf elementor-widget elementor-widget-text-editor\" data-id=\"2cc78cf\" data-element_type=\"widget\" data-e-type=\"widget\" data-widget_type=\"text-editor.default\">\n\t\t\t\t<div class=\"elementor-widget-container\">\n\t\t\t\t\t\t\t\t\t<p>Sok helyen j\u00e1rtam, rengeteg nagyszer\u0171 emberrel tal\u00e1lkoztam \u00e9s sok mindent tanultam. Hogy mit? al\u00e1zatot, m\u00e9lt\u00f3s\u00e1got, azt, hogy b\u00e1rhov\u00e1 megyek a probl\u00e9m\u00e1k el\u0151l \u00e9s magam el\u0151l nem menek\u00fclhetek.\u00d6nszeretet \u00fatj\u00e1n is, itt el\u0151sz\u00f6r l\u00e1ttam \u00f6nmagamat el\u0151sz\u00f6r. Szemben\u00e9ztem a f\u00e9lelmeimmel \u00e9s ezek az utak kellettek ahhoz, hogy most itt legyek \u00e9s k\u00fczdjek az\u00e9rt amiben hiszek. <\/p><p>Az \u00e9let nem volt soha k\u00f6nny\u0171 \u00e9s soha nem lesz az, nem v\u00e1rhatjuk el, hogy majd valaki megoldja helyett\u00fcnk a probl\u00e9m\u00e1inkat. Menni kell el\u0151re, tanulni kell \u00e9s meg kell tenn\u00fcnk mindent \u00f6nmagunk\u00e9rt.<\/p>\t\t\t\t\t\t\t\t<\/div>\n\t\t\t\t<\/div>\n\t\t\t\t\t<\/div>\n\t\t<\/div>\n\t\t\t\t<div class=\"elementor-column elementor-col-50 elementor-top-column elementor-element elementor-element-9803614\" data-id=\"9803614\" data-element_type=\"column\" data-e-type=\"column\">\n\t\t\t<div class=\"elementor-widget-wrap\">\n\t\t\t\t\t\t\t<\/div>\n\t\t<\/div>\n\t\t\t\t\t<\/div>\n\t\t<\/section>\n\t\t\t\t<\/div>","protected":false},"excerpt":{"rendered":"<p>Ki vagyok \u00e9n? D\u00f3ra vagyok, T\u00e1lly\u00e1n egy kis k\u00f6zs\u00e9gben sz\u00fclettem. A sz\u00fcleim m\u00e1r kiskorom \u00f3ta a sz\u0151l\u0151termeszt\u00e9s \u00e9s bork\u00e9sz\u00edt\u00e9s ir\u00e1ny\u00e1ba terelgettek, hab\u00e1r bevallom, gyerekk\u00e9nt nem \u00e9ppen ez volt a nagy \u00e1lmom. 14 \u00e9vesen Budapestre k\u00f6lt\u00f6ztem \u00e9s megkezdtem tanulm\u00e1nyaimat a So\u00f3s Istv\u00e1n Bor\u00e1szati Szakk\u00f6z\u00e9piskol\u00e1ban. Nem volt \u00e9pp egy kis menet, f\u0151leg \u00fagy, hogy addig nem igaz\u00e1n&#8230;<\/p>","protected":false},"author":1,"featured_media":0,"parent":0,"menu_order":0,"comment_status":"closed","ping_status":"closed","template":"","meta":{"advanced_seo_description":"","jetpack_seo_html_title":"","jetpack_seo_noindex":false,"_kad_post_transparent":"","_kad_post_title":"default","_kad_post_layout":"fullwidth","_kad_post_sidebar_id":"","_kad_post_content_style":"unboxed","_kad_post_vertical_padding":"hide","_kad_post_feature":"hide","_kad_post_feature_position":"","_kad_post_header":false,"_kad_post_footer":false,"_kad_post_classname":"","footnotes":""},"class_list":["post-907","page","type-page","status-publish","hentry"],"jetpack_sharing_enabled":true,"_links":{"self":[{"href":"https:\/\/devabor.com\/de\/wp-json\/wp\/v2\/pages\/907","targetHints":{"allow":["GET"]}}],"collection":[{"href":"https:\/\/devabor.com\/de\/wp-json\/wp\/v2\/pages"}],"about":[{"href":"https:\/\/devabor.com\/de\/wp-json\/wp\/v2\/types\/page"}],"author":[{"embeddable":true,"href":"https:\/\/devabor.com\/de\/wp-json\/wp\/v2\/users\/1"}],"replies":[{"embeddable":true,"href":"https:\/\/devabor.com\/de\/wp-json\/wp\/v2\/comments?post=907"}],"version-history":[{"count":5,"href":"https:\/\/devabor.com\/de\/wp-json\/wp\/v2\/pages\/907\/revisions"}],"predecessor-version":[{"id":1110,"href":"https:\/\/devabor.com\/de\/wp-json\/wp\/v2\/pages\/907\/revisions\/1110"}],"wp:attachment":[{"href":"https:\/\/devabor.com\/de\/wp-json\/wp\/v2\/media?parent=907"}],"curies":[{"name":"wp","href":"https:\/\/api.w.org\/{rel}","templated":true}]}}