{"id":1716,"date":"2024-11-28T08:43:53","date_gmt":"2024-11-28T08:43:53","guid":{"rendered":"https:\/\/devabor.com\/?page_id=1716"},"modified":"2024-11-28T08:48:51","modified_gmt":"2024-11-28T08:48:51","slug":"magazin","status":"publish","type":"page","link":"https:\/\/devabor.com\/en\/magazin\/","title":{"rendered":"Magazin"},"content":{"rendered":"<div data-elementor-type=\"wp-page\" data-elementor-id=\"1716\" class=\"elementor elementor-1716\" data-elementor-post-type=\"page\">\n\t\t\t\t<div class=\"elementor-element elementor-element-32286c8 e-flex e-con-boxed e-con e-parent\" data-id=\"32286c8\" data-element_type=\"container\" data-e-type=\"container\">\n\t\t\t\t\t<div class=\"e-con-inner\">\n\t\t\t\t<div class=\"elementor-element elementor-element-ecbc371 elementor-widget elementor-widget-heading\" data-id=\"ecbc371\" data-element_type=\"widget\" data-e-type=\"widget\" data-widget_type=\"heading.default\">\n\t\t\t\t<div class=\"elementor-widget-container\">\n\t\t\t\t\t<h2 class=\"elementor-heading-title elementor-size-default\">Bormagazin<\/h2>\t\t\t\t<\/div>\n\t\t\t\t<\/div>\n\t\t\t\t\t<\/div>\n\t\t\t\t<\/div>\n\t\t<div class=\"elementor-element elementor-element-9e7d987 e-flex e-con-boxed e-con e-parent\" data-id=\"9e7d987\" data-element_type=\"container\" data-e-type=\"container\">\n\t\t\t\t\t<div class=\"e-con-inner\">\n\t\t\t\t<div class=\"elementor-element elementor-element-65bc539 elementor-widget elementor-widget-text-editor\" data-id=\"65bc539\" data-element_type=\"widget\" data-e-type=\"widget\" data-widget_type=\"text-editor.default\">\n\t\t\t\t<div class=\"elementor-widget-container\">\n\t\t\t\t\t\t\t\t\t<p>\u00c9rdekess\u00e9gek a borok vil\u00e1g\u00e1b\u00f3l, itthonr\u00f3l \u00e9s k\u00fclf\u00f6ldr\u0151l! Bor \u00e9s eduk\u00e1ci\u00f3<\/p>\t\t\t\t\t\t\t\t<\/div>\n\t\t\t\t<\/div>\n\t\t\t\t\t<\/div>\n\t\t\t\t<\/div>\n\t\t<div class=\"elementor-element elementor-element-e987359 e-flex e-con-boxed e-con e-parent\" data-id=\"e987359\" data-element_type=\"container\" data-e-type=\"container\">\n\t\t\t\t\t<div class=\"e-con-inner\">\n\t\t\t\t<div class=\"elementor-element elementor-element-2e28cda elementor-widget-divider--view-line elementor-widget elementor-widget-divider\" data-id=\"2e28cda\" data-element_type=\"widget\" data-e-type=\"widget\" data-widget_type=\"divider.default\">\n\t\t\t\t<div class=\"elementor-widget-container\">\n\t\t\t\t\t\t\t<div class=\"elementor-divider\">\n\t\t\t<span class=\"elementor-divider-separator\">\n\t\t\t\t\t\t<\/span>\n\t\t<\/div>\n\t\t\t\t\t\t<\/div>\n\t\t\t\t<\/div>\n\t\t\t\t\t<\/div>\n\t\t\t\t<\/div>\n\t\t<div class=\"elementor-element elementor-element-a1c9b95 e-flex e-con-boxed e-con e-parent\" data-id=\"a1c9b95\" data-element_type=\"container\" data-e-type=\"container\">\n\t\t\t\t\t<div class=\"e-con-inner\">\n\t\t\t\t<div class=\"elementor-element elementor-element-c45f17d elementor-grid-3 elementor-grid-tablet-2 elementor-grid-mobile-1 elementor-posts--thumbnail-top elementor-posts--show-avatar elementor-card-shadow-yes elementor-posts__hover-gradient elementor-widget elementor-widget-posts\" data-id=\"c45f17d\" data-element_type=\"widget\" data-e-type=\"widget\" data-settings=\"{&quot;cards_columns&quot;:&quot;3&quot;,&quot;cards_columns_tablet&quot;:&quot;2&quot;,&quot;cards_columns_mobile&quot;:&quot;1&quot;,&quot;cards_row_gap&quot;:{&quot;unit&quot;:&quot;px&quot;,&quot;size&quot;:35,&quot;sizes&quot;:[]},&quot;cards_row_gap_tablet&quot;:{&quot;unit&quot;:&quot;px&quot;,&quot;size&quot;:&quot;&quot;,&quot;sizes&quot;:[]},&quot;cards_row_gap_mobile&quot;:{&quot;unit&quot;:&quot;px&quot;,&quot;size&quot;:&quot;&quot;,&quot;sizes&quot;:[]}}\" data-widget_type=\"posts.cards\">\n\t\t\t\t<div class=\"elementor-widget-container\">\n\t\t\t\t\t\t\t<div class=\"elementor-posts-container elementor-posts elementor-posts--skin-cards elementor-grid\" role=\"list\">\n\t\t\t\t<article class=\"elementor-post elementor-grid-item post-3482 post type-post status-publish format-standard has-post-thumbnail hentry category-uncategorized\" role=\"listitem\">\n\t\t\t<div class=\"elementor-post__card\">\n\t\t\t\t<a class=\"elementor-post__thumbnail__link\" href=\"https:\/\/devabor.com\/en\/magyar-bormarketing-2026\/\" tabindex=\"-1\" target=\"_blank\"><div class=\"elementor-post__thumbnail\"><img alt=\"\" fetchpriority=\"high\" decoding=\"async\" width=\"768\" height=\"768\" src=\"https:\/\/devabor.com\/wp-content\/uploads\/2026\/04\/bormarkeitng-768x768.png\" class=\"attachment-medium_large size-medium_large wp-image-3487\" srcset=\"https:\/\/devabor.com\/wp-content\/uploads\/2026\/04\/bormarkeitng-768x768.png 768w, https:\/\/devabor.com\/wp-content\/uploads\/2026\/04\/bormarkeitng-300x300.png 300w, https:\/\/devabor.com\/wp-content\/uploads\/2026\/04\/bormarkeitng-1024x1024.png 1024w, https:\/\/devabor.com\/wp-content\/uploads\/2026\/04\/bormarkeitng-150x150.png 150w, https:\/\/devabor.com\/wp-content\/uploads\/2026\/04\/bormarkeitng-12x12.png 12w, https:\/\/devabor.com\/wp-content\/uploads\/2026\/04\/bormarkeitng-400x400.png 400w, https:\/\/devabor.com\/wp-content\/uploads\/2026\/04\/bormarkeitng-800x800.png 800w, https:\/\/devabor.com\/wp-content\/uploads\/2026\/04\/bormarkeitng-100x100.png 100w, https:\/\/devabor.com\/wp-content\/uploads\/2026\/04\/bormarkeitng.png 1080w\" sizes=\"(max-width: 768px) 100vw, 768px\" \/><\/div><\/a>\n\t\t\t\t<div class=\"elementor-post__badge\">Uncategorized<\/div>\n\t\t\t\t<div class=\"elementor-post__avatar\">\n\t\t\t\t\t<\/div>\n\t\t\t\t<div class=\"elementor-post__text\">\n\t\t\t\t<h3 class=\"elementor-post__title\">\n\t\t\t<a href=\"https:\/\/devabor.com\/en\/magyar-bormarketing-2026\/\" target=\"&quot;_blank&quot;\">\n\t\t\t\tMagyar bormarketing 2026\t\t\t<\/a>\n\t\t<\/h3>\n\t\t\t\t\t<div class=\"elementor-post__read-more-wrapper\">\n\t\t\n\t\t<a class=\"elementor-post__read-more\" href=\"https:\/\/devabor.com\/en\/magyar-bormarketing-2026\/\" aria-label=\"Read more about Magyar bormarketing 2026\" tabindex=\"-1\" target=\"_blank\">\n\t\t\tTov\u00e1bb olvasom \u00bb\t\t<\/a>\n\n\t\t\t\t\t<\/div>\n\t\t\t\t<\/div>\n\t\t\t\t<div class=\"elementor-post__meta-data\">\n\t\t\t\t\t<span class=\"elementor-post-date\">\n\t\t\tApril 28, 2026\t\t<\/span>\n\t\t\t\t<span class=\"elementor-post-avatar\">\n\t\t\tNo Comments\t\t<\/span>\n\t\t\t\t<\/div>\n\t\t\t\t\t<\/div>\n\t\t<\/article>\n\t\t\t\t<article class=\"elementor-post elementor-grid-item post-3461 post type-post status-publish format-standard has-post-thumbnail hentry category-ajandekotletek category-devabor category-erdekessegek-a-borvilagbol\" role=\"listitem\">\n\t\t\t<div class=\"elementor-post__card\">\n\t\t\t\t<a class=\"elementor-post__thumbnail__link\" href=\"https:\/\/devabor.com\/en\/tokeletes-piknik-mit-pakkolj-mit-igyal-hogyan-talalj\/\" tabindex=\"-1\" target=\"_blank\"><div class=\"elementor-post__thumbnail\"><img alt=\"\" decoding=\"async\" width=\"768\" height=\"768\" src=\"https:\/\/devabor.com\/wp-content\/uploads\/2026\/04\/piknik-doraval-768x768.png\" class=\"attachment-medium_large size-medium_large wp-image-3475\" srcset=\"https:\/\/devabor.com\/wp-content\/uploads\/2026\/04\/piknik-doraval-768x768.png 768w, https:\/\/devabor.com\/wp-content\/uploads\/2026\/04\/piknik-doraval-300x300.png 300w, https:\/\/devabor.com\/wp-content\/uploads\/2026\/04\/piknik-doraval-1024x1024.png 1024w, https:\/\/devabor.com\/wp-content\/uploads\/2026\/04\/piknik-doraval-150x150.png 150w, https:\/\/devabor.com\/wp-content\/uploads\/2026\/04\/piknik-doraval-12x12.png 12w, https:\/\/devabor.com\/wp-content\/uploads\/2026\/04\/piknik-doraval-400x400.png 400w, https:\/\/devabor.com\/wp-content\/uploads\/2026\/04\/piknik-doraval-800x800.png 800w, https:\/\/devabor.com\/wp-content\/uploads\/2026\/04\/piknik-doraval-100x100.png 100w, https:\/\/devabor.com\/wp-content\/uploads\/2026\/04\/piknik-doraval.png 1080w\" sizes=\"(max-width: 768px) 100vw, 768px\" \/><\/div><\/a>\n\t\t\t\t<div class=\"elementor-post__badge\">Aj\u00e1nd\u00e9k\u00f6tletek<\/div>\n\t\t\t\t<div class=\"elementor-post__avatar\">\n\t\t\t\t\t<\/div>\n\t\t\t\t<div class=\"elementor-post__text\">\n\t\t\t\t<h3 class=\"elementor-post__title\">\n\t\t\t<a href=\"https:\/\/devabor.com\/en\/tokeletes-piknik-mit-pakkolj-mit-igyal-hogyan-talalj\/\" target=\"&quot;_blank&quot;\">\n\t\t\t\tT\u00f6k\u00e9letes piknik \u2014 mit pakkolj, mit igy\u00e1l, hogyan t\u00e1lalj\t\t\t<\/a>\n\t\t<\/h3>\n\t\t\t\t\t<div class=\"elementor-post__read-more-wrapper\">\n\t\t\n\t\t<a class=\"elementor-post__read-more\" href=\"https:\/\/devabor.com\/en\/tokeletes-piknik-mit-pakkolj-mit-igyal-hogyan-talalj\/\" aria-label=\"Read more about T\u00f6k\u00e9letes piknik \u2014 mit pakkolj, mit igy\u00e1l, hogyan t\u00e1lalj\" tabindex=\"-1\" target=\"_blank\">\n\t\t\tTov\u00e1bb olvasom \u00bb\t\t<\/a>\n\n\t\t\t\t\t<\/div>\n\t\t\t\t<\/div>\n\t\t\t\t<div class=\"elementor-post__meta-data\">\n\t\t\t\t\t<span class=\"elementor-post-date\">\n\t\t\tApril 23, 2026\t\t<\/span>\n\t\t\t\t<span class=\"elementor-post-avatar\">\n\t\t\tNo Comments\t\t<\/span>\n\t\t\t\t<\/div>\n\t\t\t\t\t<\/div>\n\t\t<\/article>\n\t\t\t\t<article class=\"elementor-post elementor-grid-item post-3349 post type-post status-publish format-standard has-post-thumbnail hentry category-uncategorized\" role=\"listitem\">\n\t\t\t<div class=\"elementor-post__card\">\n\t\t\t\t<a class=\"elementor-post__thumbnail__link\" href=\"https:\/\/devabor.com\/en\/hogyan-valassz-bort-hogy-ne-egj-be-sehol\/\" tabindex=\"-1\" target=\"_blank\"><div class=\"elementor-post__thumbnail\"><img alt=\"\" decoding=\"async\" width=\"768\" height=\"768\" src=\"https:\/\/devabor.com\/wp-content\/uploads\/2026\/04\/5-tipp-megoldas-768x768.png\" class=\"attachment-medium_large size-medium_large wp-image-3379\" srcset=\"https:\/\/devabor.com\/wp-content\/uploads\/2026\/04\/5-tipp-megoldas-768x768.png 768w, https:\/\/devabor.com\/wp-content\/uploads\/2026\/04\/5-tipp-megoldas-300x300.png 300w, https:\/\/devabor.com\/wp-content\/uploads\/2026\/04\/5-tipp-megoldas-1024x1024.png 1024w, https:\/\/devabor.com\/wp-content\/uploads\/2026\/04\/5-tipp-megoldas-150x150.png 150w, https:\/\/devabor.com\/wp-content\/uploads\/2026\/04\/5-tipp-megoldas-12x12.png 12w, https:\/\/devabor.com\/wp-content\/uploads\/2026\/04\/5-tipp-megoldas-400x400.png 400w, https:\/\/devabor.com\/wp-content\/uploads\/2026\/04\/5-tipp-megoldas-800x800.png 800w, https:\/\/devabor.com\/wp-content\/uploads\/2026\/04\/5-tipp-megoldas-100x100.png 100w, https:\/\/devabor.com\/wp-content\/uploads\/2026\/04\/5-tipp-megoldas.png 1080w\" sizes=\"(max-width: 768px) 100vw, 768px\" \/><\/div><\/a>\n\t\t\t\t<div class=\"elementor-post__badge\">Uncategorized<\/div>\n\t\t\t\t<div class=\"elementor-post__avatar\">\n\t\t\t\t\t<\/div>\n\t\t\t\t<div class=\"elementor-post__text\">\n\t\t\t\t<h3 class=\"elementor-post__title\">\n\t\t\t<a href=\"https:\/\/devabor.com\/en\/hogyan-valassz-bort-hogy-ne-egj-be-sehol\/\" target=\"&quot;_blank&quot;\">\n\t\t\t\tHogyan v\u00e1lassz bort hogy ne \u00e9gj be sehol\t\t\t<\/a>\n\t\t<\/h3>\n\t\t\t\t\t<div class=\"elementor-post__read-more-wrapper\">\n\t\t\n\t\t<a class=\"elementor-post__read-more\" href=\"https:\/\/devabor.com\/en\/hogyan-valassz-bort-hogy-ne-egj-be-sehol\/\" aria-label=\"Read more about Hogyan v\u00e1lassz bort hogy ne \u00e9gj be sehol\" tabindex=\"-1\" target=\"_blank\">\n\t\t\tTov\u00e1bb olvasom \u00bb\t\t<\/a>\n\n\t\t\t\t\t<\/div>\n\t\t\t\t<\/div>\n\t\t\t\t<div class=\"elementor-post__meta-data\">\n\t\t\t\t\t<span class=\"elementor-post-date\">\n\t\t\tApril 19, 2026\t\t<\/span>\n\t\t\t\t<span class=\"elementor-post-avatar\">\n\t\t\tNo Comments\t\t<\/span>\n\t\t\t\t<\/div>\n\t\t\t\t\t<\/div>\n\t\t<\/article>\n\t\t\t\t<article class=\"elementor-post elementor-grid-item post-3323 post type-post status-publish format-standard has-post-thumbnail hentry category-ajandekotletek category-devabor\" role=\"listitem\">\n\t\t\t<div class=\"elementor-post__card\">\n\t\t\t\t<a class=\"elementor-post__thumbnail__link\" href=\"https:\/\/devabor.com\/en\/furmint-spritz-es-4-boros-koktel-amit-azonnal-el-akarsz-majd-kesziteni\/\" tabindex=\"-1\" target=\"_blank\"><div class=\"elementor-post__thumbnail\"><img alt=\"\" loading=\"lazy\" decoding=\"async\" width=\"768\" height=\"768\" src=\"https:\/\/devabor.com\/wp-content\/uploads\/2026\/04\/borkoktel-768x768.png\" class=\"attachment-medium_large size-medium_large wp-image-3333\" srcset=\"https:\/\/devabor.com\/wp-content\/uploads\/2026\/04\/borkoktel-768x768.png 768w, https:\/\/devabor.com\/wp-content\/uploads\/2026\/04\/borkoktel-300x300.png 300w, https:\/\/devabor.com\/wp-content\/uploads\/2026\/04\/borkoktel-1024x1024.png 1024w, https:\/\/devabor.com\/wp-content\/uploads\/2026\/04\/borkoktel-150x150.png 150w, https:\/\/devabor.com\/wp-content\/uploads\/2026\/04\/borkoktel-12x12.png 12w, https:\/\/devabor.com\/wp-content\/uploads\/2026\/04\/borkoktel-400x400.png 400w, https:\/\/devabor.com\/wp-content\/uploads\/2026\/04\/borkoktel-800x800.png 800w, https:\/\/devabor.com\/wp-content\/uploads\/2026\/04\/borkoktel-100x100.png 100w, https:\/\/devabor.com\/wp-content\/uploads\/2026\/04\/borkoktel.png 1080w\" sizes=\"(max-width: 768px) 100vw, 768px\" \/><\/div><\/a>\n\t\t\t\t<div class=\"elementor-post__badge\">Aj\u00e1nd\u00e9k\u00f6tletek<\/div>\n\t\t\t\t<div class=\"elementor-post__avatar\">\n\t\t\t\t\t<\/div>\n\t\t\t\t<div class=\"elementor-post__text\">\n\t\t\t\t<h3 class=\"elementor-post__title\">\n\t\t\t<a href=\"https:\/\/devabor.com\/en\/furmint-spritz-es-4-boros-koktel-amit-azonnal-el-akarsz-majd-kesziteni\/\" target=\"&quot;_blank&quot;\">\n\t\t\t\tFurmint spritz \u00e9s 4 boros kokt\u00e9l amit azonnal el akarsz majd k\u00e9sz\u00edteni\t\t\t<\/a>\n\t\t<\/h3>\n\t\t\t\t\t<div class=\"elementor-post__read-more-wrapper\">\n\t\t\n\t\t<a class=\"elementor-post__read-more\" href=\"https:\/\/devabor.com\/en\/furmint-spritz-es-4-boros-koktel-amit-azonnal-el-akarsz-majd-kesziteni\/\" aria-label=\"Read more about Furmint spritz \u00e9s 4 boros kokt\u00e9l amit azonnal el akarsz majd k\u00e9sz\u00edteni\" tabindex=\"-1\" target=\"_blank\">\n\t\t\tTov\u00e1bb olvasom \u00bb\t\t<\/a>\n\n\t\t\t\t\t<\/div>\n\t\t\t\t<\/div>\n\t\t\t\t<div class=\"elementor-post__meta-data\">\n\t\t\t\t\t<span class=\"elementor-post-date\">\n\t\t\tApril 18, 2026\t\t<\/span>\n\t\t\t\t<span class=\"elementor-post-avatar\">\n\t\t\tNo Comments\t\t<\/span>\n\t\t\t\t<\/div>\n\t\t\t\t\t<\/div>\n\t\t<\/article>\n\t\t\t\t<article class=\"elementor-post elementor-grid-item post-3181 post type-post status-publish format-standard has-post-thumbnail hentry category-devabor category-erdekessegek-a-borvilagbol tag-borblog tag-boredukacio tag-mosel\" role=\"listitem\">\n\t\t\t<div class=\"elementor-post__card\">\n\t\t\t\t<a class=\"elementor-post__thumbnail__link\" href=\"https:\/\/devabor.com\/en\/mosel-borvidek-meredek-lejtok-pala-es-a-riesling-hazaja\/\" tabindex=\"-1\" target=\"_blank\"><div class=\"elementor-post__thumbnail\"><img alt=\"\" loading=\"lazy\" decoding=\"async\" width=\"768\" height=\"768\" src=\"https:\/\/devabor.com\/wp-content\/uploads\/2026\/02\/mosel-borvidek-meredek-lejtok-pala-es-a-riesling-hazaja-768x768.png\" class=\"attachment-medium_large size-medium_large wp-image-3205\" srcset=\"https:\/\/devabor.com\/wp-content\/uploads\/2026\/02\/mosel-borvidek-meredek-lejtok-pala-es-a-riesling-hazaja-768x768.png 768w, https:\/\/devabor.com\/wp-content\/uploads\/2026\/02\/mosel-borvidek-meredek-lejtok-pala-es-a-riesling-hazaja-300x300.png 300w, https:\/\/devabor.com\/wp-content\/uploads\/2026\/02\/mosel-borvidek-meredek-lejtok-pala-es-a-riesling-hazaja-150x150.png 150w, https:\/\/devabor.com\/wp-content\/uploads\/2026\/02\/mosel-borvidek-meredek-lejtok-pala-es-a-riesling-hazaja-12x12.png 12w, https:\/\/devabor.com\/wp-content\/uploads\/2026\/02\/mosel-borvidek-meredek-lejtok-pala-es-a-riesling-hazaja-400x400.png 400w, https:\/\/devabor.com\/wp-content\/uploads\/2026\/02\/mosel-borvidek-meredek-lejtok-pala-es-a-riesling-hazaja-800x800.png 800w, https:\/\/devabor.com\/wp-content\/uploads\/2026\/02\/mosel-borvidek-meredek-lejtok-pala-es-a-riesling-hazaja-100x100.png 100w, https:\/\/devabor.com\/wp-content\/uploads\/2026\/02\/mosel-borvidek-meredek-lejtok-pala-es-a-riesling-hazaja.png 1000w\" sizes=\"(max-width: 768px) 100vw, 768px\" \/><\/div><\/a>\n\t\t\t\t<div class=\"elementor-post__badge\">Devawine<\/div>\n\t\t\t\t<div class=\"elementor-post__avatar\">\n\t\t\t\t\t<\/div>\n\t\t\t\t<div class=\"elementor-post__text\">\n\t\t\t\t<h3 class=\"elementor-post__title\">\n\t\t\t<a href=\"https:\/\/devabor.com\/en\/mosel-borvidek-meredek-lejtok-pala-es-a-riesling-hazaja\/\" target=\"&quot;_blank&quot;\">\n\t\t\t\tMosel borvid\u00e9k \u2013 meredek lejt\u0151k, pala \u00e9s a riesling haz\u00e1ja\t\t\t<\/a>\n\t\t<\/h3>\n\t\t\t\t\t<div class=\"elementor-post__read-more-wrapper\">\n\t\t\n\t\t<a class=\"elementor-post__read-more\" href=\"https:\/\/devabor.com\/en\/mosel-borvidek-meredek-lejtok-pala-es-a-riesling-hazaja\/\" aria-label=\"Read more about Mosel borvid\u00e9k \u2013 meredek lejt\u0151k, pala \u00e9s a riesling haz\u00e1ja\" tabindex=\"-1\" target=\"_blank\">\n\t\t\tTov\u00e1bb olvasom \u00bb\t\t<\/a>\n\n\t\t\t\t\t<\/div>\n\t\t\t\t<\/div>\n\t\t\t\t<div class=\"elementor-post__meta-data\">\n\t\t\t\t\t<span class=\"elementor-post-date\">\n\t\t\tFebruary 22, 2026\t\t<\/span>\n\t\t\t\t<span class=\"elementor-post-avatar\">\n\t\t\tNo Comments\t\t<\/span>\n\t\t\t\t<\/div>\n\t\t\t\t\t<\/div>\n\t\t<\/article>\n\t\t\t\t<article class=\"elementor-post elementor-grid-item post-3165 post type-post status-publish format-standard has-post-thumbnail hentry category-uncategorized\" role=\"listitem\">\n\t\t\t<div class=\"elementor-post__card\">\n\t\t\t\t<a class=\"elementor-post__thumbnail__link\" href=\"https:\/\/devabor.com\/en\/borasz-dilemma\/\" tabindex=\"-1\" target=\"_blank\"><div class=\"elementor-post__thumbnail\"><img loading=\"lazy\" decoding=\"async\" width=\"500\" height=\"500\" src=\"https:\/\/devabor.com\/wp-content\/uploads\/2026\/02\/dielma.png\" class=\"attachment-medium_large size-medium_large wp-image-3174\" alt=\"bor\u00e1sz dilemma\" srcset=\"https:\/\/devabor.com\/wp-content\/uploads\/2026\/02\/dielma.png 500w, https:\/\/devabor.com\/wp-content\/uploads\/2026\/02\/dielma-300x300.png 300w, https:\/\/devabor.com\/wp-content\/uploads\/2026\/02\/dielma-150x150.png 150w, https:\/\/devabor.com\/wp-content\/uploads\/2026\/02\/dielma-12x12.png 12w, https:\/\/devabor.com\/wp-content\/uploads\/2026\/02\/dielma-400x400.png 400w, https:\/\/devabor.com\/wp-content\/uploads\/2026\/02\/dielma-100x100.png 100w\" sizes=\"(max-width: 500px) 100vw, 500px\" \/><\/div><\/a>\n\t\t\t\t<div class=\"elementor-post__badge\">Uncategorized<\/div>\n\t\t\t\t<div class=\"elementor-post__avatar\">\n\t\t\t\t\t<\/div>\n\t\t\t\t<div class=\"elementor-post__text\">\n\t\t\t\t<h3 class=\"elementor-post__title\">\n\t\t\t<a href=\"https:\/\/devabor.com\/en\/borasz-dilemma\/\" target=\"&quot;_blank&quot;\">\n\t\t\t\tDilemma of a winemaker\t\t\t<\/a>\n\t\t<\/h3>\n\t\t\t\t\t<div class=\"elementor-post__read-more-wrapper\">\n\t\t\n\t\t<a class=\"elementor-post__read-more\" href=\"https:\/\/devabor.com\/en\/borasz-dilemma\/\" aria-label=\"Read more about Bor\u00e1sz dilemma\" tabindex=\"-1\" target=\"_blank\">\n\t\t\tTov\u00e1bb olvasom \u00bb\t\t<\/a>\n\n\t\t\t\t\t<\/div>\n\t\t\t\t<\/div>\n\t\t\t\t<div class=\"elementor-post__meta-data\">\n\t\t\t\t\t<span class=\"elementor-post-date\">\n\t\t\tFebruary 15, 2026\t\t<\/span>\n\t\t\t\t<span class=\"elementor-post-avatar\">\n\t\t\tNo Comments\t\t<\/span>\n\t\t\t\t<\/div>\n\t\t\t\t\t<\/div>\n\t\t<\/article>\n\t\t\t\t<\/div>\n\t\t\n\t\t\t\t\t\t<\/div>\n\t\t\t\t<\/div>\n\t\t\t\t\t<\/div>\n\t\t\t\t<\/div>\n\t\t\t\t<\/div>","protected":false},"excerpt":{"rendered":"<p>Bormagazin \u00c9rdekess\u00e9gek a borok vil\u00e1g\u00e1b\u00f3l, itthonr\u00f3l \u00e9s k\u00fclf\u00f6ldr\u0151l! Bor \u00e9s eduk\u00e1ci\u00f3<\/p>","protected":false},"author":1,"featured_media":1719,"parent":0,"menu_order":0,"comment_status":"closed","ping_status":"closed","template":"","meta":{"_seopress_robots_primary_cat":"","_seopress_titles_title":"Bormagazin","_seopress_titles_desc":"","_seopress_robots_index":"","_kad_post_transparent":"","_kad_post_title":"hide","_kad_post_layout":"fullwidth","_kad_post_sidebar_id":"","_kad_post_content_style":"unboxed","_kad_post_vertical_padding":"hide","_kad_post_feature":"hide","_kad_post_feature_position":"","_kad_post_header":false,"_kad_post_footer":false,"_kad_post_classname":"","footnotes":""},"class_list":["post-1716","page","type-page","status-publish","has-post-thumbnail","hentry"],"jetpack_sharing_enabled":true,"_links":{"self":[{"href":"https:\/\/devabor.com\/en\/wp-json\/wp\/v2\/pages\/1716","targetHints":{"allow":["GET"]}}],"collection":[{"href":"https:\/\/devabor.com\/en\/wp-json\/wp\/v2\/pages"}],"about":[{"href":"https:\/\/devabor.com\/en\/wp-json\/wp\/v2\/types\/page"}],"author":[{"embeddable":true,"href":"https:\/\/devabor.com\/en\/wp-json\/wp\/v2\/users\/1"}],"replies":[{"embeddable":true,"href":"https:\/\/devabor.com\/en\/wp-json\/wp\/v2\/comments?post=1716"}],"version-history":[{"count":8,"href":"https:\/\/devabor.com\/en\/wp-json\/wp\/v2\/pages\/1716\/revisions"}],"predecessor-version":[{"id":1727,"href":"https:\/\/devabor.com\/en\/wp-json\/wp\/v2\/pages\/1716\/revisions\/1727"}],"wp:featuredmedia":[{"embeddable":true,"href":"https:\/\/devabor.com\/en\/wp-json\/wp\/v2\/media\/1719"}],"wp:attachment":[{"href":"https:\/\/devabor.com\/en\/wp-json\/wp\/v2\/media?parent=1716"}],"curies":[{"name":"wp","href":"https:\/\/api.w.org\/{rel}","templated":true}]}}