{"id":2361,"date":"2025-05-28T14:29:52","date_gmt":"2025-05-28T14:29:52","guid":{"rendered":"https:\/\/devabor.com\/?page_id=2361"},"modified":"2025-05-28T14:29:55","modified_gmt":"2025-05-28T14:29:55","slug":"barion-fizetes","status":"publish","type":"page","link":"https:\/\/devabor.com\/en\/barion-fizetes\/","title":{"rendered":"Barion fizet\u00e9s"},"content":{"rendered":"\n<h3 class=\"wp-block-heading\">Mit jelent a BARION?<\/h3>\n\n\n\n<p>A Barion elektronikus fizet\u00e9seket lebonyol\u00edt\u00f3 szolg\u00e1ltat\u00e1s, amivel k\u00e9nyelmesen \u00e9s biztons\u00e1gosan tudsz bankk\u00e1rty\u00e1val, vagy el\u0151re felt\u00f6lt\u00f6tt egyenleggel fizetni web\u00e1ruh\u00e1zakban, mobilalkalmaz\u00e1sokban, vagy bar\u00e1taidnak. A szolg\u00e1ltat\u00e1st ny\u00fajt\u00f3 Barion Payment Zrt a Magyar Nemzeti Bank fel\u00fcgyelete alatt \u00e1ll\u00f3 e-p\u00e9nz kibocs\u00e1t\u00f3, enged\u00e9ly\u00e9nek sz\u00e1ma: H-EN-I-1064\/2013.<\/p>\n\n\n\n<h3 class=\"wp-block-heading\">Fizess k\u00e9nyelmesen bankk\u00e1rty\u00e1val<\/h3>\n\n\n\n<p>A bankk\u00e1rty\u00e1s fizet\u00e9shez nem k\u00f6telez\u0151 a regisztr\u00e1ci\u00f3, el\u00e9g megadni bankk\u00e1rty\u00e1d sz\u00e1m\u00e1t, a lej\u00e1rati d\u00e1tumot \u00e9s a h\u00e1toldalon tal\u00e1lhat\u00f3 CVC k\u00f3dot, valamint egy m\u0171k\u00f6d\u0151 e-mail c\u00edmet.<\/p>\n\n\n\n<p>Ha azonban regisztr\u00e1lsz, soha t\u00f6bb\u00e9 nem kell beg\u00e9pelned a k\u00e1rtyasz\u00e1modat egyetlen Barion elfogad\u00f3helyen sem, a fizet\u00e9shez el\u00e9g az e-mailc\u00edmed \u00e9s jelszavad.<\/p>\n\n\n\n<p>Ez nem csak k\u00e9nyelmes, de a biztons\u00e1godat is n\u00f6veli!<\/p>\n\n\n\n<figure class=\"wp-block-image\"><img decoding=\"async\" src=\"https:\/\/oraprojekt.cdn.shoprenter.hu\/custom\/oraprojekt\/image\/cache\/w0h0q80np1\/src\/barion-card-payment-banner-2016-432x50px.png?v=null.1706655353\" alt=\"\"\/><\/figure>\n\n\n\n<h3 class=\"wp-block-heading\">Fizet\u00e9shez haszn\u00e1lhatod:<\/h3>\n\n\n\n<ul class=\"wp-block-list\">\n<li>Mastercard vagy Maestro bankk\u00e1rty\u00e1dat<\/li>\n\n\n\n<li>Visa vagy Electron bankk\u00e1rty\u00e1dat<\/li>\n\n\n\n<li>Amex bankk\u00e1rty\u00e1dat<\/li>\n<\/ul>\n\n\n\n<h3 class=\"wp-block-heading\">Fizess k\u00e9nyelmesen bank\u00e1rtya n\u00e9lk\u00fcl<\/h3>\n\n\n\n<p>Ha nincsen bankk\u00e1rty\u00e1d, fizet\u00e9shez haszn\u00e1lhatod, az el\u0151re felt\u00f6lt Barion egyenlegedet, amelyet \u00e1tutal\u00e1ssal vagy k\u00e9szp\u00e9nz befizet\u00e9ssel tudsz felt\u00f6lteni, illetve amire ismer\u0151seid, \u00fczletfeleid tudnak neked p\u00e9nzt k\u00fcldeni. Ebben az esetben e-mailc\u00edmed \u00e9s jelszavad megad\u00e1s\u00e1val tudsz fizetni.<\/p>\n\n\n\n<h3 class=\"wp-block-heading\">Ingyenes<\/h3>\n\n\n\n<p>A bankk\u00e1rty\u00e1s fizet\u00e9snek a v\u00e1s\u00e1rl\u00f3 r\u00e9sz\u00e9re nincsen \u00e9s nem is lehet fel\u00e1ra. A regisztr\u00e1ci\u00f3 \u00e9s a Barion mobilalkalmaz\u00e1s, valamint a p\u00e9nz fogad\u00e1s \u00e9s k\u00fcld\u00e9s ingyenes, \u00e9s az is marad. Nincs havi d\u00edj sem.<\/p>\n\n\n\n<p><\/p>\n\n\n\n<h3 class=\"wp-block-heading\">Els\u0151 a biztons\u00e1g<\/h3>\n\n\n\n<p>A Barion szervereit a Norton\/Symantec\/Verisign 256bites SSL titkos\u00edt\u00e1sa v\u00e9di. Fizet\u00e9s el\u0151tt mindig ellen\u0151rizd, hogy val\u00f3ban a Barion biztons\u00e1gos szerver\u00e9n adod meg a fizet\u00e9shez sz\u00fcks\u00e9ges bankk\u00e1rtya adatokat vagy jelsz\u00f3t.A b\u00f6ng\u00e9sz\u0151d z\u00f6ld sz\u00ednnel jelzi,ha a fizet\u00e9s \u00e9s a fizet\u0151oldal tulajdonos\u00e1t Barion Payment Inc [HU] n\u00e9ven azonos\u00edtja:<\/p>\n","protected":false},"excerpt":{"rendered":"<p>Mit jelent a BARION? A Barion elektronikus fizet\u00e9seket lebonyol\u00edt\u00f3 szolg\u00e1ltat\u00e1s, amivel k\u00e9nyelmesen \u00e9s biztons\u00e1gosan tudsz bankk\u00e1rty\u00e1val, vagy el\u0151re felt\u00f6lt\u00f6tt egyenleggel fizetni web\u00e1ruh\u00e1zakban, mobilalkalmaz\u00e1sokban, vagy bar\u00e1taidnak. A szolg\u00e1ltat\u00e1st ny\u00fajt\u00f3 Barion Payment Zrt a Magyar Nemzeti Bank fel\u00fcgyelete alatt \u00e1ll\u00f3 e-p\u00e9nz kibocs\u00e1t\u00f3, enged\u00e9ly\u00e9nek sz\u00e1ma: H-EN-I-1064\/2013. Fizess k\u00e9nyelmesen bankk\u00e1rty\u00e1val A bankk\u00e1rty\u00e1s fizet\u00e9shez nem k\u00f6telez\u0151 a regisztr\u00e1ci\u00f3, el\u00e9g megadni&#8230;<\/p>","protected":false},"author":1,"featured_media":0,"parent":0,"menu_order":0,"comment_status":"closed","ping_status":"closed","template":"","meta":{"_seopress_robots_primary_cat":"","_seopress_titles_title":"","_seopress_titles_desc":"","_seopress_robots_index":"","_kad_post_transparent":"","_kad_post_title":"","_kad_post_layout":"","_kad_post_sidebar_id":"","_kad_post_content_style":"","_kad_post_vertical_padding":"","_kad_post_feature":"","_kad_post_feature_position":"","_kad_post_header":false,"_kad_post_footer":false,"_kad_post_classname":"","footnotes":""},"class_list":["post-2361","page","type-page","status-publish","hentry"],"jetpack_sharing_enabled":true,"_links":{"self":[{"href":"https:\/\/devabor.com\/en\/wp-json\/wp\/v2\/pages\/2361","targetHints":{"allow":["GET"]}}],"collection":[{"href":"https:\/\/devabor.com\/en\/wp-json\/wp\/v2\/pages"}],"about":[{"href":"https:\/\/devabor.com\/en\/wp-json\/wp\/v2\/types\/page"}],"author":[{"embeddable":true,"href":"https:\/\/devabor.com\/en\/wp-json\/wp\/v2\/users\/1"}],"replies":[{"embeddable":true,"href":"https:\/\/devabor.com\/en\/wp-json\/wp\/v2\/comments?post=2361"}],"version-history":[{"count":1,"href":"https:\/\/devabor.com\/en\/wp-json\/wp\/v2\/pages\/2361\/revisions"}],"predecessor-version":[{"id":2365,"href":"https:\/\/devabor.com\/en\/wp-json\/wp\/v2\/pages\/2361\/revisions\/2365"}],"wp:attachment":[{"href":"https:\/\/devabor.com\/en\/wp-json\/wp\/v2\/media?parent=2361"}],"curies":[{"name":"wp","href":"https:\/\/api.w.org\/{rel}","templated":true}]}}