{"id":2644,"date":"2025-07-13T13:45:48","date_gmt":"2025-07-13T13:45:48","guid":{"rendered":"https:\/\/devabor.com\/?page_id=2644"},"modified":"2025-07-13T13:59:08","modified_gmt":"2025-07-13T13:59:08","slug":"bor-y-dill-vol-ii","status":"publish","type":"page","link":"https:\/\/devabor.com\/en\/bor-y-dill-vol-ii\/","title":{"rendered":"BOR-Y-DILL vol II."},"content":{"rendered":"<div data-elementor-type=\"wp-page\" data-elementor-id=\"2644\" class=\"elementor elementor-2644\" data-elementor-post-type=\"page\">\n\t\t\t\t<div class=\"elementor-element elementor-element-57ede2b e-flex e-con-boxed e-con e-parent\" data-id=\"57ede2b\" data-element_type=\"container\" data-e-type=\"container\">\n\t\t\t\t\t<div class=\"e-con-inner\">\n\t\t\t\t<div class=\"elementor-element elementor-element-b807653 elementor-widget elementor-widget-image\" data-id=\"b807653\" data-element_type=\"widget\" data-e-type=\"widget\" data-widget_type=\"image.default\">\n\t\t\t\t<div class=\"elementor-widget-container\">\n\t\t\t\t\t\t\t\t\t\t\t\t\t\t\t<img alt=\"\" fetchpriority=\"high\" decoding=\"async\" width=\"1024\" height=\"576\" src=\"https:\/\/devabor.com\/wp-content\/uploads\/2025\/07\/BOR-Y-Dill-voll-II-1024x576.png\" class=\"attachment-large size-large wp-image-2649\" srcset=\"https:\/\/devabor.com\/wp-content\/uploads\/2025\/07\/BOR-Y-Dill-voll-II-1024x576.png 1024w, https:\/\/devabor.com\/wp-content\/uploads\/2025\/07\/BOR-Y-Dill-voll-II-300x169.png 300w, https:\/\/devabor.com\/wp-content\/uploads\/2025\/07\/BOR-Y-Dill-voll-II-768x432.png 768w, https:\/\/devabor.com\/wp-content\/uploads\/2025\/07\/BOR-Y-Dill-voll-II-18x10.png 18w, https:\/\/devabor.com\/wp-content\/uploads\/2025\/07\/BOR-Y-Dill-voll-II-800x450.png 800w, https:\/\/devabor.com\/wp-content\/uploads\/2025\/07\/BOR-Y-Dill-voll-II.png 1280w\" sizes=\"(max-width: 1024px) 100vw, 1024px\" \/>\t\t\t\t\t\t\t\t\t\t\t\t\t\t\t<\/div>\n\t\t\t\t<\/div>\n\t\t\t\t\t<\/div>\n\t\t\t\t<\/div>\n\t\t<div class=\"elementor-element elementor-element-644d0c6 e-flex e-con-boxed e-con e-parent\" data-id=\"644d0c6\" data-element_type=\"container\" data-e-type=\"container\">\n\t\t\t\t\t<div class=\"e-con-inner\">\n\t\t\t\t<div class=\"elementor-element elementor-element-a4beb38 elementor-widget elementor-widget-heading\" data-id=\"a4beb38\" data-element_type=\"widget\" data-e-type=\"widget\" data-widget_type=\"heading.default\">\n\t\t\t\t<div class=\"elementor-widget-container\">\n\t\t\t\t\t<h2 class=\"elementor-heading-title elementor-size-default\">Egy korty t\u00f6rt\u00e9nelem a poh\u00e1rban<\/h2>\t\t\t\t<\/div>\n\t\t\t\t<\/div>\n\t\t\t\t\t<\/div>\n\t\t\t\t<\/div>\n\t\t<div class=\"elementor-element elementor-element-7da55b9 e-flex e-con-boxed e-con e-parent\" data-id=\"7da55b9\" data-element_type=\"container\" data-e-type=\"container\">\n\t\t\t\t\t<div class=\"e-con-inner\">\n\t\t\t\t<div class=\"elementor-element elementor-element-eeb2465 elementor-widget elementor-widget-text-editor\" data-id=\"eeb2465\" data-element_type=\"widget\" data-e-type=\"widget\" data-widget_type=\"text-editor.default\">\n\t\t\t\t<div class=\"elementor-widget-container\">\n\t\t\t\t\t\t\t\t\t<p data-start=\"260\" data-end=\"477\"><strong data-start=\"260\" data-end=\"316\">BOR-Y-DILL vol. II \u2013 Egy korty t\u00f6rt\u00e9nelem a poh\u00e1rban<\/strong><br data-start=\"316\" data-end=\"319\" \/><strong data-start=\"319\" data-end=\"384\">Vezetett bork\u00f3stol\u00f3 \u00e9s el\u0151ad\u00e1s a r\u00e9gi tokaji fajt\u00e1k vil\u00e1g\u00e1r\u00f3l<\/strong><br data-start=\"384\" data-end=\"387\" \/>\ud83d\udccd <em data-start=\"390\" data-end=\"422\">Zr\u00ednyi Mikl\u00f3s utca 32. T\u00e1llya<\/em><br data-start=\"422\" data-end=\"425\" \/>\ud83d\udd53 <em data-start=\"428\" data-end=\"475\">R\u00e9szv\u00e9teli d\u00edj: 4000 Ft\/f\u0151 (borok + falatk\u00e1k)<\/em><\/p>\n<p data-start=\"479\" data-end=\"810\">Szeretettel v\u00e1rlak a Kerekdomb Fesztiv\u00e1lon egy k\u00fcl\u00f6nleges bork\u00f3stol\u00f3ra, ahol a bor \u00e9s az eduk\u00e1ci\u00f3 tal\u00e1lkozik! A \u201eBOR-Y-DILL vol. II.\u201d sor\u00e1n elfeledett vagy ritk\u00e1bban emlegetett tokaji sz\u0151l\u0151fajt\u00e1kat mutatok be: a h\u0171v\u00f6sen eleg\u00e1ns H\u00e1rslevel\u0171t, az izgalmas Kabart \u00e9s m\u00e1s, kev\u00e9sb\u00e9 reflektorf\u00e9nyben l\u00e9v\u0151 karaktereket.<\/p>\n<p data-start=\"812\" data-end=\"1014\">Ez nem csup\u00e1n egy k\u00f3stol\u00f3: egy utaz\u00e1s a borvid\u00e9k t\u00f6rt\u00e9net\u00e9be, ahol minden korty mes\u00e9l. Ha k\u00edv\u00e1ncsi vagy, hogyan form\u00e1lta a m\u00falt a poharunkban l\u00e9v\u0151 jelent, \u00e9s \u00e9rdekel a borok m\u00f6g\u00f6tti vil\u00e1g, itt a helyed!<\/p>\n<p data-start=\"1016\" data-end=\"1170\">A borokat v\u00e1logatott falatk\u00e1k k\u00eds\u00e9rik, hogy az \u00edzek igaz\u00e1n kiteljesedhessenek.<br data-start=\"1094\" data-end=\"1097\" \/>A program regisztr\u00e1ci\u00f3hoz k\u00f6t\u00f6tt \u2013 jelentkez\u00e9s: <strong data-start=\"1145\" data-end=\"1168\"><a class=\"cursor-pointer\" rel=\"noopener\" data-start=\"1147\" data-end=\"1166\">devaborok@gmail.com vagy info@devabor.com<\/a><\/strong><\/p>\n<p data-start=\"1016\" data-end=\"1170\">vagy telefonon is el\u00e9rsz: 06\/30-871-3791-es sz\u00e1mon!<\/p>\n<p data-start=\"1172\" data-end=\"1252\">Fedezd fel a borvid\u00e9k elfeledett \u00edzeit \u00e9s t\u00f6rt\u00e9neteit egy poh\u00e1r boron kereszt\u00fcl!<\/p>\t\t\t\t\t\t\t\t<\/div>\n\t\t\t\t<\/div>\n\t\t\t\t\t<\/div>\n\t\t\t\t<\/div>\n\t\t\t\t<\/div>","protected":false},"excerpt":{"rendered":"","protected":false},"author":1,"featured_media":2648,"parent":0,"menu_order":0,"comment_status":"closed","ping_status":"closed","template":"","meta":{"_seopress_robots_primary_cat":"","_seopress_titles_title":"Bor-Y-Dill- egy korty t\u00f6rt\u00e9nelem a poh\u00e1rban","_seopress_titles_desc":"Id\u00e9n a Kerekdomb Fesztiv\u00e1lon 2. alkalommal rendezem meg a Bor-Y-Dill k\u00f3stol\u00f3t, ahov\u00e1 nagy szeretettel v\u00e1rok minden kedves \u00e9rdekl\u0151d\u0151t!","_seopress_robots_index":"","_kad_post_transparent":"","_kad_post_title":"","_kad_post_layout":"","_kad_post_sidebar_id":"","_kad_post_content_style":"","_kad_post_vertical_padding":"","_kad_post_feature":"","_kad_post_feature_position":"","_kad_post_header":false,"_kad_post_footer":false,"_kad_post_classname":"","footnotes":""},"class_list":["post-2644","page","type-page","status-publish","has-post-thumbnail","hentry"],"jetpack_sharing_enabled":true,"_links":{"self":[{"href":"https:\/\/devabor.com\/en\/wp-json\/wp\/v2\/pages\/2644","targetHints":{"allow":["GET"]}}],"collection":[{"href":"https:\/\/devabor.com\/en\/wp-json\/wp\/v2\/pages"}],"about":[{"href":"https:\/\/devabor.com\/en\/wp-json\/wp\/v2\/types\/page"}],"author":[{"embeddable":true,"href":"https:\/\/devabor.com\/en\/wp-json\/wp\/v2\/users\/1"}],"replies":[{"embeddable":true,"href":"https:\/\/devabor.com\/en\/wp-json\/wp\/v2\/comments?post=2644"}],"version-history":[{"count":4,"href":"https:\/\/devabor.com\/en\/wp-json\/wp\/v2\/pages\/2644\/revisions"}],"predecessor-version":[{"id":2654,"href":"https:\/\/devabor.com\/en\/wp-json\/wp\/v2\/pages\/2644\/revisions\/2654"}],"wp:featuredmedia":[{"embeddable":true,"href":"https:\/\/devabor.com\/en\/wp-json\/wp\/v2\/media\/2648"}],"wp:attachment":[{"href":"https:\/\/devabor.com\/en\/wp-json\/wp\/v2\/media?parent=2644"}],"curies":[{"name":"wp","href":"https:\/\/api.w.org\/{rel}","templated":true}]}}