{"id":2754,"date":"2025-10-06T18:43:46","date_gmt":"2025-10-06T18:43:46","guid":{"rendered":"https:\/\/devabor.com\/?page_id=2754"},"modified":"2025-10-07T09:22:58","modified_gmt":"2025-10-07T09:22:58","slug":"borkostolokworksopok","status":"publish","type":"page","link":"https:\/\/devabor.com\/en\/borkostolokworksopok\/","title":{"rendered":"Bork\u00f3stol\u00f3k &amp; Worksopok"},"content":{"rendered":"<div data-elementor-type=\"wp-page\" data-elementor-id=\"2754\" class=\"elementor elementor-2754\" data-elementor-post-type=\"page\">\n\t\t\t\t<div class=\"elementor-element elementor-element-b38ce38 e-flex e-con-boxed e-con e-parent\" data-id=\"b38ce38\" data-element_type=\"container\" data-e-type=\"container\">\n\t\t\t\t\t<div class=\"e-con-inner\">\n\t\t\t\t<div class=\"elementor-element elementor-element-4407fbd elementor-invisible elementor-widget elementor-widget-image\" data-id=\"4407fbd\" data-element_type=\"widget\" data-e-type=\"widget\" data-settings=\"{&quot;_animation&quot;:&quot;fadeIn&quot;}\" data-widget_type=\"image.default\">\n\t\t\t\t<div class=\"elementor-widget-container\">\n\t\t\t\t\t\t\t\t\t\t\t\t\t\t\t<img alt=\"\" fetchpriority=\"high\" decoding=\"async\" width=\"1024\" height=\"655\" src=\"https:\/\/devabor.com\/wp-content\/uploads\/2025\/10\/Borkostolok-1-1024x655.png\" class=\"attachment-large size-large wp-image-2759\" srcset=\"https:\/\/devabor.com\/wp-content\/uploads\/2025\/10\/Borkostolok-1-1024x655.png 1024w, https:\/\/devabor.com\/wp-content\/uploads\/2025\/10\/Borkostolok-1-300x192.png 300w, https:\/\/devabor.com\/wp-content\/uploads\/2025\/10\/Borkostolok-1-768x492.png 768w, https:\/\/devabor.com\/wp-content\/uploads\/2025\/10\/Borkostolok-1-18x12.png 18w, https:\/\/devabor.com\/wp-content\/uploads\/2025\/10\/Borkostolok-1-800x512.png 800w, https:\/\/devabor.com\/wp-content\/uploads\/2025\/10\/Borkostolok-1.png 1250w\" sizes=\"(max-width: 1024px) 100vw, 1024px\" \/>\t\t\t\t\t\t\t\t\t\t\t\t\t\t\t<\/div>\n\t\t\t\t<\/div>\n\t\t\t\t\t<\/div>\n\t\t\t\t<\/div>\n\t\t<div class=\"elementor-element elementor-element-d13ac32 e-flex e-con-boxed e-con e-parent\" data-id=\"d13ac32\" data-element_type=\"container\" data-e-type=\"container\">\n\t\t\t\t\t<div class=\"e-con-inner\">\n\t\t\t\t<div class=\"elementor-element elementor-element-f4ae117 elementor-widget-divider--view-line elementor-widget elementor-widget-divider\" data-id=\"f4ae117\" data-element_type=\"widget\" data-e-type=\"widget\" data-widget_type=\"divider.default\">\n\t\t\t\t<div class=\"elementor-widget-container\">\n\t\t\t\t\t\t\t<div class=\"elementor-divider\">\n\t\t\t<span class=\"elementor-divider-separator\">\n\t\t\t\t\t\t<\/span>\n\t\t<\/div>\n\t\t\t\t\t\t<\/div>\n\t\t\t\t<\/div>\n\t\t\t\t\t<\/div>\n\t\t\t\t<\/div>\n\t\t<div class=\"elementor-element elementor-element-e9f16fc e-flex e-con-boxed e-con e-parent\" data-id=\"e9f16fc\" data-element_type=\"container\" data-e-type=\"container\">\n\t\t\t\t\t<div class=\"e-con-inner\">\n\t\t\t\t<div class=\"elementor-element elementor-element-86fff21 elementor-widget elementor-widget-heading\" data-id=\"86fff21\" data-element_type=\"widget\" data-e-type=\"widget\" data-widget_type=\"heading.default\">\n\t\t\t\t<div class=\"elementor-widget-container\">\n\t\t\t\t\t<h2 class=\"elementor-heading-title elementor-size-default\">Priv\u00e1t Bork\u00f3stol\u00f3k \u2013 Egy szem\u00e9lyes utaz\u00e1s a bor \u00e9s a tudatoss\u00e1g vil\u00e1g\u00e1ba<\/h2>\t\t\t\t<\/div>\n\t\t\t\t<\/div>\n\t\t\t\t<div class=\"elementor-element elementor-element-6311a43 elementor-widget elementor-widget-text-editor\" data-id=\"6311a43\" data-element_type=\"widget\" data-e-type=\"widget\" data-widget_type=\"text-editor.default\">\n\t\t\t\t<div class=\"elementor-widget-container\">\n\t\t\t\t\t\t\t\t\t<p data-start=\"481\" data-end=\"629\">Lass\u00edts. K\u00f3stolj. Tanulj.<br data-start=\"505\" data-end=\"508\" \/>A <strong data-start=\"510\" data-end=\"540\">D\u00e9vabor priv\u00e1t bork\u00f3stol\u00f3i<\/strong> nem csup\u00e1n borokr\u00f3l sz\u00f3lnak \u2013 hanem az \u00e9lm\u00e9nyekr\u0151l a megszerzett tud\u00e1sr\u00f3l, ami a poh\u00e1rban \u00e9s benned sz\u00fcletik meg.<\/p><h3 data-start=\"631\" data-end=\"655\">\ud83c\udf77 <strong data-start=\"638\" data-end=\"655\">Mire sz\u00e1m\u00edthatsz?<\/strong><\/h3><p data-start=\"656\" data-end=\"745\">Egy szem\u00e9lyre szabott bork\u00f3stol\u00f3ra, ahol minden korty t\u00f6rt\u00e9netet mes\u00e9l.<br data-start=\"726\" data-end=\"729\" \/>A k\u00f3stol\u00f3 lehet:<\/p><ul data-start=\"746\" data-end=\"1007\"><li data-start=\"746\" data-end=\"798\"><p data-start=\"748\" data-end=\"798\"><strong data-start=\"748\" data-end=\"768\">Helysz\u00edni \u00e9lm\u00e9ny<\/strong> a pinc\u00e9mn\u00e9l. El\u0151zetes egyeztet\u00e9s alapj\u00e1n.\u00a0<\/p><\/li><li data-start=\"799\" data-end=\"892\"><p data-start=\"801\" data-end=\"892\"><strong data-start=\"801\" data-end=\"821\">Z\u00e1rtk\u00f6r\u0171 esem\u00e9ny<\/strong> bar\u00e1ti t\u00e1rsas\u00e1goknak, c\u00e9ges csapatoknak, vagy k\u00fcl\u00f6nleges alkalmakra,<\/p><\/li><li data-start=\"893\" data-end=\"1007\"><p data-start=\"895\" data-end=\"1007\"><strong data-start=\"895\" data-end=\"934\">Vezetett, mindfulness-alap\u00fa k\u00f3stol\u00f3<\/strong>, ahol a borra \u00e9s az \u00e9rz\u00e9kel\u00e9sre val\u00f3 tudatos figyelem ker\u00fcl k\u00f6z\u00e9ppontba.<\/p><\/li><\/ul><h3 data-start=\"1009\" data-end=\"1036\">\ud83c\udf3f Online<strong data-start=\"1016\" data-end=\"1036\">\u00a0k\u00f3stol\u00f3 menete<\/strong><\/h3><ul data-start=\"1037\" data-end=\"1450\"><li data-start=\"1037\" data-end=\"1132\"><p data-start=\"1039\" data-end=\"1132\"><strong data-start=\"1039\" data-end=\"1083\">Bevezet\u00e9s a borvid\u00e9k \u00e9s a pince vil\u00e1g\u00e1ba<\/strong> \u2013 r\u00f6vid betekint\u00e9s a Tokaji borok egyedis\u00e9g\u00e9be. Megtanulsz mindent amit a bork\u00f3stol\u00e1sr\u00f3l \u00e9rdemes. Egy\u00fctt fedezz\u00fck fel a borvid\u00e9k saj\u00e1toss\u00e1gait, bele\u00e9rtve a kl\u00edmai adotts\u00e1gokat, talajt \u00e9s sz\u0151l\u0151fajt\u00e1kat.<\/p><\/li><li data-start=\"1133\" data-end=\"1213\"><p data-start=\"1135\" data-end=\"1213\"><strong data-start=\"1135\" data-end=\"1155\">3 t\u00e9teles borsor<\/strong> (v\u00e1logat\u00e1s a D\u00e9vabor boraib\u00f3l. El\u0151re kipost\u00e1zva.)<\/p><\/li><li data-start=\"1214\" data-end=\"1307\"><p data-start=\"1216\" data-end=\"1307\"><strong data-start=\"1216\" data-end=\"1247\">Tudatos k\u00f3stol\u00e1si gyakorlat<\/strong> \u2013 hogyan kapcsol\u00f3dunk a borhoz, az \u00edzekhez \u00e9s \u00f6nmagunkhoz, &#8211; D\u00e9vabor k\u00f3stol\u00f3napl\u00f3val.<\/p><\/li><li data-start=\"1352\" data-end=\"1450\"><p data-start=\"1354\" data-end=\"1450\"><strong data-start=\"1354\" data-end=\"1390\">K\u00f6tetlen besz\u00e9lget\u00e9s \u00e9s k\u00e9rd\u00e9sek<\/strong> \u2013 minden, amit mindig is tudni szerett\u00e9l volna a borokr\u00f3l.<\/p><\/li><\/ul><h3 data-start=\"1452\" data-end=\"1490\">\ud83d\udd6f\ufe0f <strong data-start=\"1460\" data-end=\"1474\">Id\u0151tartam:<\/strong> kb. 1 &#8211; 1,5 \u00f3ra<\/h3><p>\u00c1rak: 13.000 Ft\/f\u0151<\/p>\t\t\t\t\t\t\t\t<\/div>\n\t\t\t\t<\/div>\n\t\t\t\t\t<\/div>\n\t\t\t\t<\/div>\n\t\t<div class=\"elementor-element elementor-element-0c83f71 e-flex e-con-boxed e-con e-parent\" data-id=\"0c83f71\" data-element_type=\"container\" data-e-type=\"container\">\n\t\t\t\t\t<div class=\"e-con-inner\">\n\t\t\t\t<div class=\"elementor-element elementor-element-a88a1cc elementor-widget-divider--view-line elementor-widget elementor-widget-divider\" data-id=\"a88a1cc\" data-element_type=\"widget\" data-e-type=\"widget\" data-widget_type=\"divider.default\">\n\t\t\t\t<div class=\"elementor-widget-container\">\n\t\t\t\t\t\t\t<div class=\"elementor-divider\">\n\t\t\t<span class=\"elementor-divider-separator\">\n\t\t\t\t\t\t<\/span>\n\t\t<\/div>\n\t\t\t\t\t\t<\/div>\n\t\t\t\t<\/div>\n\t\t\t\t<div class=\"elementor-element elementor-element-757675c elementor-widget elementor-widget-heading\" data-id=\"757675c\" data-element_type=\"widget\" data-e-type=\"widget\" data-widget_type=\"heading.default\">\n\t\t\t\t<div class=\"elementor-widget-container\">\n\t\t\t\t\t<h2 class=\"elementor-heading-title elementor-size-default\">\ud83c\udf77 D\u00e9vabor Workshop Series \u2013 A mindful bor\u00e9lm\u00e9ny otthonr\u00f3l<\/h2>\t\t\t\t<\/div>\n\t\t\t\t<\/div>\n\t\t\t\t<div class=\"elementor-element elementor-element-290c4e4 elementor-widget elementor-widget-text-editor\" data-id=\"290c4e4\" data-element_type=\"widget\" data-e-type=\"widget\" data-widget_type=\"text-editor.default\">\n\t\t\t\t<div class=\"elementor-widget-container\">\n\t\t\t\t\t\t\t\t\t<p>Egy bor, egy t\u00f6rt\u00e9net, egy h\u00f3nap &#8211; tudatos k\u00f3stol\u00e1s \u00e9s \u00e9lm\u00e9ny!<\/p><p>A D\u00e9vabor online workshopjai azoknak sz\u00f3lnak, akik nemcsak k\u00f3stolni, hanem \u00e9rteni \u00e9s \u00e9rezni is szeretn\u00e9k a bort.<br \/>Minden h\u00f3napban \u00faj t\u00e9m\u00e1t j\u00e1runk k\u00f6rbe, &#8211; legyen az feh\u00e9r, roz\u00e9, v\u00f6r\u00f6s vagy bubis italok. A k\u00f3stol\u00f3k Zoom-esten kereszt\u00fcl t\u00f6rt\u00e9nnek, ahol a bor mellett \u00f6nmagunkhoz is k\u00f6zelebb ker\u00fcl\u00fcnk.<\/p><h3 data-start=\"784\" data-end=\"810\">\ud83d\udcab <strong data-start=\"791\" data-end=\"810\">Hogyan m\u0171k\u00f6dik?<\/strong><\/h3><ol data-start=\"812\" data-end=\"1486\"><li data-start=\"812\" data-end=\"955\"><p data-start=\"815\" data-end=\"955\"><strong data-start=\"815\" data-end=\"846\">Minden h\u00f3napban \u00faj workshop<\/strong> \u2013 el\u0151re meghirdetett tematik\u00e1val (pl. \u201cSweet &amp; Soulful\u201d, \u201cThe Sparkling Mind\u201d, \u201cWines of the World\u201d, stb.)\u00a0<\/p><\/li><li data-start=\"956\" data-end=\"1118\"><p data-start=\"959\" data-end=\"1118\"><strong data-start=\"959\" data-end=\"977\">Borpakk-aj\u00e1nl\u00f3<\/strong> \u2013 mindenki maga szerzi be a borokat, de kapsz egy r\u00e9szletes list\u00e1t arr\u00f3l, mit \u00e9rdemes megv\u00e1s\u00e1rolni, hol el\u00e9rhet\u0151, \u00e9s mit k\u00f3stolunk egy\u00fctt.<\/p><\/li><li data-start=\"1119\" data-end=\"1235\"><p data-start=\"1122\" data-end=\"1235\"><strong data-start=\"1122\" data-end=\"1149\">Online tal\u00e1lkoz\u00f3 (Zoom)<\/strong> \u2013 1,5 \u00f3r\u00e1s interakt\u00edv k\u00f3stol\u00f3, ahol besz\u00e9lget\u00fcnk, tanulunk, figyel\u00fcnk \u00e9s k\u00f3stolunk.<\/p><\/li><li data-start=\"1236\" data-end=\"1379\"><p data-start=\"1239\" data-end=\"1379\"><strong data-start=\"1239\" data-end=\"1261\">Kieg\u00e9sz\u00edt\u0151 anyagok<\/strong> \u2013 let\u00f6lthet\u0151 jegyzetek, mindfulness-gyakorlatok, k\u00f3stol\u00f3lap, boros zeneaj\u00e1nl\u00f3, \u00e9s egy kis \u201cslow living\u201d inspir\u00e1ci\u00f3.<\/p><\/li><li data-start=\"1380\" data-end=\"1486\"><p data-start=\"1383\" data-end=\"1486\"><strong data-start=\"1383\" data-end=\"1403\">Patreon k\u00f6z\u00f6ss\u00e9g<\/strong> \u2013 a tagok szavazhatnak a k\u00f6vetkez\u0151 h\u00f3nap t\u00e9m\u00e1j\u00e1ra, \u00e9s exkluz\u00edv tartalmakat kapnak.<\/p><\/li><\/ol>\t\t\t\t\t\t\t\t<\/div>\n\t\t\t\t<\/div>\n\t\t\t\t\t<\/div>\n\t\t\t\t<\/div>\n\t\t\t\t<\/div>","protected":false},"excerpt":{"rendered":"","protected":false},"author":1,"featured_media":0,"parent":0,"menu_order":0,"comment_status":"closed","ping_status":"closed","template":"","meta":{"_seopress_robots_primary_cat":"","_seopress_titles_title":"","_seopress_titles_desc":"","_seopress_robots_index":"","_kad_post_transparent":"","_kad_post_title":"hide","_kad_post_layout":"fullwidth","_kad_post_sidebar_id":"","_kad_post_content_style":"unboxed","_kad_post_vertical_padding":"hide","_kad_post_feature":"hide","_kad_post_feature_position":"","_kad_post_header":false,"_kad_post_footer":false,"_kad_post_classname":"","footnotes":""},"class_list":["post-2754","page","type-page","status-publish","hentry"],"jetpack_sharing_enabled":true,"_links":{"self":[{"href":"https:\/\/devabor.com\/en\/wp-json\/wp\/v2\/pages\/2754","targetHints":{"allow":["GET"]}}],"collection":[{"href":"https:\/\/devabor.com\/en\/wp-json\/wp\/v2\/pages"}],"about":[{"href":"https:\/\/devabor.com\/en\/wp-json\/wp\/v2\/types\/page"}],"author":[{"embeddable":true,"href":"https:\/\/devabor.com\/en\/wp-json\/wp\/v2\/users\/1"}],"replies":[{"embeddable":true,"href":"https:\/\/devabor.com\/en\/wp-json\/wp\/v2\/comments?post=2754"}],"version-history":[{"count":8,"href":"https:\/\/devabor.com\/en\/wp-json\/wp\/v2\/pages\/2754\/revisions"}],"predecessor-version":[{"id":2773,"href":"https:\/\/devabor.com\/en\/wp-json\/wp\/v2\/pages\/2754\/revisions\/2773"}],"wp:attachment":[{"href":"https:\/\/devabor.com\/en\/wp-json\/wp\/v2\/media?parent=2754"}],"curies":[{"name":"wp","href":"https:\/\/api.w.org\/{rel}","templated":true}]}}