{"id":34,"date":"2024-11-19T16:01:21","date_gmt":"2024-11-19T16:01:21","guid":{"rendered":"https:\/\/devabor.com\/?page_id=34"},"modified":"2024-11-19T16:01:24","modified_gmt":"2024-11-19T16:01:24","slug":"refund_returns","status":"publish","type":"page","link":"https:\/\/devabor.com\/en\/refund_returns\/","title":{"rendered":"Visszat\u00e9r\u00edt\u00e9si \u00e9s visszak\u00fcld\u00e9si szab\u00e1lyzat"},"content":{"rendered":"<p><\/p>\n\n\n\n<h2 class=\"wp-block-heading\">\u00c1ttekint\u00e9s<\/h2>\n\n\n\n<p>Visszat\u00e9r\u00edt\u00e9si \u00e9s visszak\u00fcld\u00e9si szab\u00e1lyzatunk 30 napig \u00e9rv\u00e9nyes. Ha a v\u00e1s\u00e1rl\u00e1s \u00f3ta eltelt 30 nap, nem \u00e1ll m\u00f3dunkban teljes visszat\u00e9r\u00edt\u00e9st vagy cser\u00e9t biztos\u00edtani.<\/p>\n\n\n\n<p>Tov\u00e1bbi vissza nem t\u00e9r\u00edtend\u0151 term\u00e9kek:<\/p>\n\n\n\n<p>Aj\u00e1nd\u00e9kk\u00e1rty\u00e1k<\/p>\n\n\n\n<p>Let\u00f6lthet\u0151 term\u00e9kek &#8211; Ebook<\/p>\n\n\n\n<p>Visszat\u00e9r\u00edt\u00e9sek<\/p>\n\n\n\n<p>Miut\u00e1n meg\u00e9rkezett \u00e9s megvizsg\u00e1ltuk a visszak\u00fcld\u00e9st, e-mailben \u00e9rtes\u00edtj\u00fck, hogy megkaptuk a visszak\u00fcld\u00f6tt term\u00e9ket. A visszat\u00e9r\u00edt\u00e9s j\u00f3v\u00e1hagy\u00e1s\u00e1r\u00f3l vagy elutas\u00edt\u00e1s\u00e1r\u00f3l is \u00e9rtes\u00edtj\u00fck.<\/p>\n\n\n\n<p>Ha j\u00f3v\u00e1hagyj\u00e1k, visszat\u00e9r\u00edt\u00e9s\u00e9t feldolgozzuk, \u00e9s bizonyos napokon bel\u00fcl automatikusan j\u00f3v\u00e1\u00edrjuk hitelk\u00e1rty\u00e1j\u00e1t vagy az eredeti fizet\u00e9si m\u00f3dot.<\/p>\n\n\n\n<p>Ha m\u00e9g nem kapott visszat\u00e9r\u00edt\u00e9st, el\u0151sz\u00f6r ellen\u0151rizze \u00fajra banksz\u00e1ml\u00e1j\u00e1t.<\/p>\n\n\n\n<p>Ezut\u00e1n vegye fel a kapcsolatot hitelk\u00e1rtya-kibocs\u00e1t\u00f3j\u00e1val; eltarthat egy ideig, am\u00edg a visszat\u00e9r\u00edt\u00e9s hivatalosan megjelenik.<\/p>\n\n\n\n<p>Ezut\u00e1n l\u00e9pjen kapcsolatba a bankj\u00e1val. A visszat\u00e9r\u00edt\u00e9s elk\u00fcld\u00e9se el\u0151tt gyakran van n\u00e9mi feldolgoz\u00e1si id\u0151.<\/p>\n\n\n\n<p>Ha mindezt megtette, \u00e9s m\u00e9g mindig nem kapta meg a visszat\u00e9r\u00edt\u00e9st, k\u00e9rj\u00fck, vegye fel vel\u00fcnk a kapcsolatot a k\u00f6vetkez\u0151 c\u00edmen: {email address}.<\/p>\n\n\n\n<p>Cser\u00e9k<\/p>\n\n\n\n<p>A dug\u00f3s vagy nem megfelel\u0151 \u00e1llapotban k\u00fcld\u00f6tt term\u00e9kekre \u00e9rv\u00e9nyes a csere. Csak akkor \u00e1ll m\u00f3dunkban kicser\u00e9lni a term\u00e9ket, ha az nem hib\u00e1s vagy s\u00e9r\u00fcltek. Ha ki kell cser\u00e9lnie ugyanarra a t\u00e9telre, k\u00fcldj\u00f6n egy e-mailt az info@devabor.com c\u00edmre, \u00e9s k\u00fcldje el a term\u00e9ket a k\u00f6vetkez\u0151 c\u00edmre: 3907, T\u00e1llya Zr\u00ednyi Mikl\u00f3s utca 32<\/p>\n\n\n\n<p>Aj\u00e1nd\u00e9kok<\/p>\n\n\n\n<p>Ha a term\u00e9ket a v\u00e1s\u00e1rl\u00e1skor aj\u00e1nd\u00e9kk\u00e9nt jel\u00f6lt\u00e9k meg, \u00e9s k\u00f6zvetlen\u00fcl \u00d6nnek sz\u00e1ll\u00edtott\u00e1k, akkor a visszak\u00fcld\u00e9s \u00e9rt\u00e9k\u00e9nek megfelel\u0151 aj\u00e1nd\u00e9k j\u00f3v\u00e1\u00edr\u00e1st kap. A visszak\u00fcld\u00f6tt term\u00e9k k\u00e9zhezv\u00e9tele ut\u00e1n aj\u00e1nd\u00e9kutalv\u00e1nyt k\u00fcld\u00fcnk \u00d6nnek.<\/p>\n\n\n\n<p>Sz\u00e1ll\u00edt\u00e1si visszak\u00fcld\u00e9sek<\/p>\n\n\n\n<p>A term\u00e9k visszak\u00fcld\u00e9s\u00e9hez postai \u00faton kell elk\u00fcldenie a term\u00e9ket a k\u00f6vetkez\u0151 c\u00edmre: 3907, T\u00e1llya Zr\u00ednyi Mikl\u00f3s utca 32<\/p>\n\n\n\n<p>A term\u00e9k visszak\u00fcld\u00e9se eset\u00e9n \u00d6nt terheli a saj\u00e1t sz\u00e1ll\u00edt\u00e1si k\u00f6lts\u00e9ge. A sz\u00e1ll\u00edt\u00e1si k\u00f6lts\u00e9g nem visszat\u00e9r\u00edthet\u0151. Ha visszat\u00e9r\u00edt\u00e9st kap, a visszak\u00fcld\u00e9s k\u00f6lts\u00e9ge levon\u00e1sra ker\u00fcl a visszat\u00e9r\u00edt\u00e9sb\u0151l.<\/p>\n\n\n\n<p>Seg\u00edts\u00e9gre van sz\u00fcks\u00e9ge?<\/p>\n\n\n\n<p>A visszat\u00e9r\u00edt\u00e9ssel \u00e9s a visszak\u00fcld\u00e9ssel kapcsolatos k\u00e9rd\u00e9seivel forduljon hozz\u00e1nk az info@devabor.com c\u00edmre.s.<\/p>","protected":false},"excerpt":{"rendered":"<p>\u00c1ttekint\u00e9s Visszat\u00e9r\u00edt\u00e9si \u00e9s visszak\u00fcld\u00e9si szab\u00e1lyzatunk 30 napig \u00e9rv\u00e9nyes. Ha a v\u00e1s\u00e1rl\u00e1s \u00f3ta eltelt 30 nap, nem \u00e1ll m\u00f3dunkban teljes visszat\u00e9r\u00edt\u00e9st vagy cser\u00e9t biztos\u00edtani. Tov\u00e1bbi vissza nem t\u00e9r\u00edtend\u0151 term\u00e9kek: Aj\u00e1nd\u00e9kk\u00e1rty\u00e1k Let\u00f6lthet\u0151 term\u00e9kek &#8211; Ebook Visszat\u00e9r\u00edt\u00e9sek Miut\u00e1n meg\u00e9rkezett \u00e9s megvizsg\u00e1ltuk a visszak\u00fcld\u00e9st, e-mailben \u00e9rtes\u00edtj\u00fck, hogy megkaptuk a visszak\u00fcld\u00f6tt term\u00e9ket. A visszat\u00e9r\u00edt\u00e9s j\u00f3v\u00e1hagy\u00e1s\u00e1r\u00f3l vagy elutas\u00edt\u00e1s\u00e1r\u00f3l is \u00e9rtes\u00edtj\u00fck. Ha&#8230;<\/p>","protected":false},"author":1,"featured_media":0,"parent":0,"menu_order":0,"comment_status":"closed","ping_status":"closed","template":"","meta":{"_seopress_robots_primary_cat":"","_seopress_titles_title":"","_seopress_titles_desc":"","_seopress_robots_index":"","_kad_post_transparent":"","_kad_post_title":"","_kad_post_layout":"","_kad_post_sidebar_id":"","_kad_post_content_style":"","_kad_post_vertical_padding":"","_kad_post_feature":"","_kad_post_feature_position":"","_kad_post_header":false,"_kad_post_footer":false,"_kad_post_classname":"","footnotes":""},"class_list":["post-34","page","type-page","status-publish","hentry"],"jetpack_sharing_enabled":true,"_links":{"self":[{"href":"https:\/\/devabor.com\/en\/wp-json\/wp\/v2\/pages\/34","targetHints":{"allow":["GET"]}}],"collection":[{"href":"https:\/\/devabor.com\/en\/wp-json\/wp\/v2\/pages"}],"about":[{"href":"https:\/\/devabor.com\/en\/wp-json\/wp\/v2\/types\/page"}],"author":[{"embeddable":true,"href":"https:\/\/devabor.com\/en\/wp-json\/wp\/v2\/users\/1"}],"replies":[{"embeddable":true,"href":"https:\/\/devabor.com\/en\/wp-json\/wp\/v2\/comments?post=34"}],"version-history":[{"count":1,"href":"https:\/\/devabor.com\/en\/wp-json\/wp\/v2\/pages\/34\/revisions"}],"predecessor-version":[{"id":1438,"href":"https:\/\/devabor.com\/en\/wp-json\/wp\/v2\/pages\/34\/revisions\/1438"}],"wp:attachment":[{"href":"https:\/\/devabor.com\/en\/wp-json\/wp\/v2\/media?parent=34"}],"curies":[{"name":"wp","href":"https:\/\/api.w.org\/{rel}","templated":true}]}}