{"id":907,"date":"2020-12-09T09:54:15","date_gmt":"2020-12-09T09:54:15","guid":{"rendered":"https:\/\/startertemplatecloud.com\/e08\/?page_id=12"},"modified":"2024-11-16T19:50:30","modified_gmt":"2024-11-16T19:50:30","slug":"about-us","status":"publish","type":"page","link":"https:\/\/devabor.com\/en\/about-us\/","title":{"rendered":"About me"},"content":{"rendered":"<div data-elementor-type=\"wp-page\" data-elementor-id=\"907\" class=\"elementor elementor-907\" data-elementor-post-type=\"page\">\n\t\t\t\t\t\t<section class=\"elementor-section elementor-top-section elementor-element elementor-element-f2b968d elementor-section-content-middle elementor-section-boxed elementor-section-height-default elementor-section-height-default\" data-id=\"f2b968d\" data-element_type=\"section\" data-e-type=\"section\">\n\t\t\t\t\t\t<div class=\"elementor-container elementor-column-gap-default\">\n\t\t\t\t\t<div class=\"elementor-column elementor-col-50 elementor-top-column elementor-element elementor-element-5544ac7\" data-id=\"5544ac7\" data-element_type=\"column\" data-e-type=\"column\">\n\t\t\t<div class=\"elementor-widget-wrap elementor-element-populated\">\n\t\t\t\t\t\t<section class=\"elementor-section elementor-inner-section elementor-element elementor-element-158b98e elementor-section-boxed elementor-section-height-default elementor-section-height-default\" data-id=\"158b98e\" data-element_type=\"section\" data-e-type=\"section\">\n\t\t\t\t\t\t<div class=\"elementor-container elementor-column-gap-default\">\n\t\t\t\t\t<div class=\"elementor-column elementor-col-50 elementor-inner-column elementor-element elementor-element-bce095f\" data-id=\"bce095f\" data-element_type=\"column\" data-e-type=\"column\">\n\t\t\t<div class=\"elementor-widget-wrap elementor-element-populated\">\n\t\t\t\t\t\t<div class=\"elementor-element elementor-element-58eb63e elementor-widget elementor-widget-image\" data-id=\"58eb63e\" data-element_type=\"widget\" data-e-type=\"widget\" data-widget_type=\"image.default\">\n\t\t\t\t<div class=\"elementor-widget-container\">\n\t\t\t\t\t\t\t\t\t\t\t\t\t\t\t<img alt=\"\" fetchpriority=\"high\" decoding=\"async\" width=\"683\" height=\"1024\" src=\"https:\/\/devabor.com\/wp-content\/uploads\/2024\/11\/230904-DF-Patricius-318-1-683x1024.jpg\" class=\"attachment-large size-large wp-image-971\" srcset=\"https:\/\/devabor.com\/wp-content\/uploads\/2024\/11\/230904-DF-Patricius-318-1-683x1024.jpg 683w, https:\/\/devabor.com\/wp-content\/uploads\/2024\/11\/230904-DF-Patricius-318-1-200x300.jpg 200w, https:\/\/devabor.com\/wp-content\/uploads\/2024\/11\/230904-DF-Patricius-318-1-768x1152.jpg 768w, https:\/\/devabor.com\/wp-content\/uploads\/2024\/11\/230904-DF-Patricius-318-1-1024x1536.jpg 1024w, https:\/\/devabor.com\/wp-content\/uploads\/2024\/11\/230904-DF-Patricius-318-1-1365x2048.jpg 1365w, https:\/\/devabor.com\/wp-content\/uploads\/2024\/11\/230904-DF-Patricius-318-1-800x1200.jpg 800w, https:\/\/devabor.com\/wp-content\/uploads\/2024\/11\/230904-DF-Patricius-318-1-scaled.jpg 1707w\" sizes=\"(max-width: 683px) 100vw, 683px\" \/>\t\t\t\t\t\t\t\t\t\t\t\t\t\t\t<\/div>\n\t\t\t\t<\/div>\n\t\t\t\t\t<\/div>\n\t\t<\/div>\n\t\t\t\t<div class=\"elementor-column elementor-col-50 elementor-inner-column elementor-element elementor-element-7fdf113\" data-id=\"7fdf113\" data-element_type=\"column\" data-e-type=\"column\">\n\t\t\t<div class=\"elementor-widget-wrap elementor-element-populated\">\n\t\t\t\t\t\t<div class=\"elementor-element elementor-element-1bd0b87 elementor-widget elementor-widget-image\" data-id=\"1bd0b87\" data-element_type=\"widget\" data-e-type=\"widget\" data-widget_type=\"image.default\">\n\t\t\t\t<div class=\"elementor-widget-container\">\n\t\t\t\t\t\t\t\t\t\t\t\t\t\t\t<img alt=\"\" decoding=\"async\" width=\"883\" height=\"1024\" src=\"https:\/\/devabor.com\/wp-content\/uploads\/2024\/11\/IMG_2322-883x1024.jpg\" class=\"attachment-large size-large wp-image-1097\" srcset=\"https:\/\/devabor.com\/wp-content\/uploads\/2024\/11\/IMG_2322-883x1024.jpg 883w, https:\/\/devabor.com\/wp-content\/uploads\/2024\/11\/IMG_2322-259x300.jpg 259w, https:\/\/devabor.com\/wp-content\/uploads\/2024\/11\/IMG_2322-768x890.jpg 768w, https:\/\/devabor.com\/wp-content\/uploads\/2024\/11\/IMG_2322-1325x1536.jpg 1325w, https:\/\/devabor.com\/wp-content\/uploads\/2024\/11\/IMG_2322-1767x2048.jpg 1767w, https:\/\/devabor.com\/wp-content\/uploads\/2024\/11\/IMG_2322-800x927.jpg 800w\" sizes=\"(max-width: 883px) 100vw, 883px\" \/>\t\t\t\t\t\t\t\t\t\t\t\t\t\t\t<\/div>\n\t\t\t\t<\/div>\n\t\t\t\t\t<\/div>\n\t\t<\/div>\n\t\t\t\t\t<\/div>\n\t\t<\/section>\n\t\t\t\t\t<\/div>\n\t\t<\/div>\n\t\t\t\t<div class=\"elementor-column elementor-col-50 elementor-top-column elementor-element elementor-element-a92637f\" data-id=\"a92637f\" data-element_type=\"column\" data-e-type=\"column\">\n\t\t\t<div class=\"elementor-widget-wrap elementor-element-populated\">\n\t\t\t\t\t\t<div class=\"elementor-element elementor-element-ba0e9bc elementor-widget elementor-widget-heading\" data-id=\"ba0e9bc\" data-element_type=\"widget\" data-e-type=\"widget\" data-widget_type=\"heading.default\">\n\t\t\t\t<div class=\"elementor-widget-container\">\n\t\t\t\t\t<h6 class=\"elementor-heading-title elementor-size-default\">Who am I?<\/h6>\t\t\t\t<\/div>\n\t\t\t\t<\/div>\n\t\t\t\t<div class=\"elementor-element elementor-element-58fa123 elementor-widget elementor-widget-text-editor\" data-id=\"58fa123\" data-element_type=\"widget\" data-e-type=\"widget\" data-widget_type=\"text-editor.default\">\n\t\t\t\t<div class=\"elementor-widget-container\">\n\t\t\t\t\t\t\t\t\t<p>My name is D\u00f3ra, I was born in a small village in T\u00e1llya. My parents have been guiding me towards growing grape and wine-making since I was a child, although I admit that this was not exactly my big dream.<\/p><p>I moved to Budapest at the age of 14 and started my studies at the So\u00f3s Istv\u00e1n Secondary School of Winemaking. It wasn't exactly a smooth ride, especially since I hadn't really ventured anywhere before.<\/p><p>Later, I graduated as a wine technician and a great opportunity presented itself. I went to Germany to do an internship and also enrolled in a wine school, where I could receive dual training.<\/p><p>I was working at a family winery next door, with pretty much zero language skills. So I literally threw myself into the deep end.<\/p><p>\u00a0<\/p>\t\t\t\t\t\t\t\t<\/div>\n\t\t\t\t<\/div>\n\t\t\t\t\t<\/div>\n\t\t<\/div>\n\t\t\t\t\t<\/div>\n\t\t<\/section>\n\t\t\t\t<section class=\"elementor-section elementor-top-section elementor-element elementor-element-f8c0770 elementor-section-boxed elementor-section-height-default elementor-section-height-default\" data-id=\"f8c0770\" data-element_type=\"section\" data-e-type=\"section\">\n\t\t\t\t\t\t<div class=\"elementor-container elementor-column-gap-default\">\n\t\t\t\t\t<div class=\"elementor-column elementor-col-66 elementor-top-column elementor-element elementor-element-179b670\" data-id=\"179b670\" data-element_type=\"column\" data-e-type=\"column\">\n\t\t\t<div class=\"elementor-widget-wrap elementor-element-populated\">\n\t\t\t\t\t\t<div class=\"elementor-element elementor-element-844ef53 elementor-widget elementor-widget-image\" data-id=\"844ef53\" data-element_type=\"widget\" data-e-type=\"widget\" data-widget_type=\"image.default\">\n\t\t\t\t<div class=\"elementor-widget-container\">\n\t\t\t\t\t\t\t\t\t\t\t\t\t\t\t<img alt=\"\" decoding=\"async\" width=\"1024\" height=\"683\" src=\"https:\/\/devabor.com\/wp-content\/uploads\/2024\/11\/17620218_1262380773881631_5907922636604014979_o-1024x683.jpeg\" class=\"attachment-large size-large wp-image-1098\" srcset=\"https:\/\/devabor.com\/wp-content\/uploads\/2024\/11\/17620218_1262380773881631_5907922636604014979_o-1024x683.jpeg 1024w, https:\/\/devabor.com\/wp-content\/uploads\/2024\/11\/17620218_1262380773881631_5907922636604014979_o-300x200.jpeg 300w, https:\/\/devabor.com\/wp-content\/uploads\/2024\/11\/17620218_1262380773881631_5907922636604014979_o-768x512.jpeg 768w, https:\/\/devabor.com\/wp-content\/uploads\/2024\/11\/17620218_1262380773881631_5907922636604014979_o-1536x1024.jpeg 1536w, https:\/\/devabor.com\/wp-content\/uploads\/2024\/11\/17620218_1262380773881631_5907922636604014979_o-800x533.jpeg 800w, https:\/\/devabor.com\/wp-content\/uploads\/2024\/11\/17620218_1262380773881631_5907922636604014979_o.jpeg 2048w\" sizes=\"(max-width: 1024px) 100vw, 1024px\" \/>\t\t\t\t\t\t\t\t\t\t\t\t\t\t\t<\/div>\n\t\t\t\t<\/div>\n\t\t<div class=\"elementor-element elementor-element-da9d7cd e-grid e-con-boxed e-con e-parent\" data-id=\"da9d7cd\" data-element_type=\"container\" data-e-type=\"container\">\n\t\t\t\t\t<div class=\"e-con-inner\">\n\t\t\t\t<div class=\"elementor-element elementor-element-ddc0433 elementor-widget elementor-widget-image\" data-id=\"ddc0433\" data-element_type=\"widget\" data-e-type=\"widget\" data-widget_type=\"image.default\">\n\t\t\t\t<div class=\"elementor-widget-container\">\n\t\t\t\t\t\t\t\t\t\t\t\t\t\t\t<img alt=\"\" loading=\"lazy\" decoding=\"async\" width=\"1536\" height=\"1024\" src=\"https:\/\/devabor.com\/wp-content\/uploads\/2024\/11\/14859703_1086510131468697_5030436598147373872_o-1536x1024.jpeg\" class=\"attachment-1536x1536 size-1536x1536 wp-image-1099\" srcset=\"https:\/\/devabor.com\/wp-content\/uploads\/2024\/11\/14859703_1086510131468697_5030436598147373872_o-1536x1024.jpeg 1536w, https:\/\/devabor.com\/wp-content\/uploads\/2024\/11\/14859703_1086510131468697_5030436598147373872_o-300x200.jpeg 300w, https:\/\/devabor.com\/wp-content\/uploads\/2024\/11\/14859703_1086510131468697_5030436598147373872_o-1024x682.jpeg 1024w, https:\/\/devabor.com\/wp-content\/uploads\/2024\/11\/14859703_1086510131468697_5030436598147373872_o-768x512.jpeg 768w, https:\/\/devabor.com\/wp-content\/uploads\/2024\/11\/14859703_1086510131468697_5030436598147373872_o-800x533.jpeg 800w, https:\/\/devabor.com\/wp-content\/uploads\/2024\/11\/14859703_1086510131468697_5030436598147373872_o.jpeg 2000w\" sizes=\"(max-width: 1536px) 100vw, 1536px\" \/>\t\t\t\t\t\t\t\t\t\t\t\t\t\t\t<\/div>\n\t\t\t\t<\/div>\n\t\t\t\t<div class=\"elementor-element elementor-element-c8e968b elementor-widget elementor-widget-image\" data-id=\"c8e968b\" data-element_type=\"widget\" data-e-type=\"widget\" data-widget_type=\"image.default\">\n\t\t\t\t<div class=\"elementor-widget-container\">\n\t\t\t\t\t\t\t\t\t\t\t\t\t\t\t<img alt=\"\" loading=\"lazy\" decoding=\"async\" width=\"576\" height=\"1024\" src=\"https:\/\/devabor.com\/wp-content\/uploads\/2024\/11\/17547057_1260127784106930_2368982259399234544_o-576x1024.jpeg\" class=\"attachment-large size-large wp-image-1100\" srcset=\"https:\/\/devabor.com\/wp-content\/uploads\/2024\/11\/17547057_1260127784106930_2368982259399234544_o-576x1024.jpeg 576w, https:\/\/devabor.com\/wp-content\/uploads\/2024\/11\/17547057_1260127784106930_2368982259399234544_o-169x300.jpeg 169w, https:\/\/devabor.com\/wp-content\/uploads\/2024\/11\/17547057_1260127784106930_2368982259399234544_o-768x1365.jpeg 768w, https:\/\/devabor.com\/wp-content\/uploads\/2024\/11\/17547057_1260127784106930_2368982259399234544_o-864x1536.jpeg 864w, https:\/\/devabor.com\/wp-content\/uploads\/2024\/11\/17547057_1260127784106930_2368982259399234544_o-800x1422.jpeg 800w, https:\/\/devabor.com\/wp-content\/uploads\/2024\/11\/17547057_1260127784106930_2368982259399234544_o.jpeg 1152w\" sizes=\"(max-width: 576px) 100vw, 576px\" \/>\t\t\t\t\t\t\t\t\t\t\t\t\t\t\t<\/div>\n\t\t\t\t<\/div>\n\t\t\t\t<div class=\"elementor-element elementor-element-18f4dd0 elementor-widget elementor-widget-image\" data-id=\"18f4dd0\" data-element_type=\"widget\" data-e-type=\"widget\" data-widget_type=\"image.default\">\n\t\t\t\t<div class=\"elementor-widget-container\">\n\t\t\t\t\t\t\t\t\t\t\t\t\t\t\t<img alt=\"\" loading=\"lazy\" decoding=\"async\" width=\"1024\" height=\"682\" src=\"https:\/\/devabor.com\/wp-content\/uploads\/2024\/11\/18671495_1314616978658010_8545656722491914044_o-1024x682.jpeg\" class=\"attachment-large size-large wp-image-1101\" srcset=\"https:\/\/devabor.com\/wp-content\/uploads\/2024\/11\/18671495_1314616978658010_8545656722491914044_o-1024x682.jpeg 1024w, https:\/\/devabor.com\/wp-content\/uploads\/2024\/11\/18671495_1314616978658010_8545656722491914044_o-300x200.jpeg 300w, https:\/\/devabor.com\/wp-content\/uploads\/2024\/11\/18671495_1314616978658010_8545656722491914044_o-768x512.jpeg 768w, https:\/\/devabor.com\/wp-content\/uploads\/2024\/11\/18671495_1314616978658010_8545656722491914044_o-800x533.jpeg 800w, https:\/\/devabor.com\/wp-content\/uploads\/2024\/11\/18671495_1314616978658010_8545656722491914044_o.jpeg 1280w\" sizes=\"(max-width: 1024px) 100vw, 1024px\" \/>\t\t\t\t\t\t\t\t\t\t\t\t\t\t\t<\/div>\n\t\t\t\t<\/div>\n\t\t\t\t<div class=\"elementor-element elementor-element-9857dd2 elementor-widget elementor-widget-image\" data-id=\"9857dd2\" data-element_type=\"widget\" data-e-type=\"widget\" data-widget_type=\"image.default\">\n\t\t\t\t<div class=\"elementor-widget-container\">\n\t\t\t\t\t\t\t\t\t\t\t\t\t\t\t<img alt=\"\" loading=\"lazy\" decoding=\"async\" width=\"768\" height=\"1024\" src=\"https:\/\/devabor.com\/wp-content\/uploads\/2024\/11\/30728924_1638961836223521_6555787180956975104_n.jpeg\" class=\"attachment-large size-large wp-image-1103\" srcset=\"https:\/\/devabor.com\/wp-content\/uploads\/2024\/11\/30728924_1638961836223521_6555787180956975104_n.jpeg 768w, https:\/\/devabor.com\/wp-content\/uploads\/2024\/11\/30728924_1638961836223521_6555787180956975104_n-225x300.jpeg 225w\" sizes=\"(max-width: 768px) 100vw, 768px\" \/>\t\t\t\t\t\t\t\t\t\t\t\t\t\t\t<\/div>\n\t\t\t\t<\/div>\n\t\t\t\t<div class=\"elementor-element elementor-element-4a17d55 elementor-widget elementor-widget-image\" data-id=\"4a17d55\" data-element_type=\"widget\" data-e-type=\"widget\" data-widget_type=\"image.default\">\n\t\t\t\t<div class=\"elementor-widget-container\">\n\t\t\t\t\t\t\t\t\t\t\t\t\t\t\t<img alt=\"\" loading=\"lazy\" decoding=\"async\" width=\"1024\" height=\"683\" src=\"https:\/\/devabor.com\/wp-content\/uploads\/2024\/11\/47366360_1946884522097916_9154470474980261888_n-1024x683.jpeg\" class=\"attachment-large size-large wp-image-1104\" srcset=\"https:\/\/devabor.com\/wp-content\/uploads\/2024\/11\/47366360_1946884522097916_9154470474980261888_n-1024x683.jpeg 1024w, https:\/\/devabor.com\/wp-content\/uploads\/2024\/11\/47366360_1946884522097916_9154470474980261888_n-300x200.jpeg 300w, https:\/\/devabor.com\/wp-content\/uploads\/2024\/11\/47366360_1946884522097916_9154470474980261888_n-768x512.jpeg 768w, https:\/\/devabor.com\/wp-content\/uploads\/2024\/11\/47366360_1946884522097916_9154470474980261888_n-1536x1024.jpeg 1536w, https:\/\/devabor.com\/wp-content\/uploads\/2024\/11\/47366360_1946884522097916_9154470474980261888_n-800x533.jpeg 800w, https:\/\/devabor.com\/wp-content\/uploads\/2024\/11\/47366360_1946884522097916_9154470474980261888_n.jpeg 2048w\" sizes=\"(max-width: 1024px) 100vw, 1024px\" \/>\t\t\t\t\t\t\t\t\t\t\t\t\t\t\t<\/div>\n\t\t\t\t<\/div>\n\t\t\t\t\t<\/div>\n\t\t\t\t<\/div>\n\t\t\t\t\t<\/div>\n\t\t<\/div>\n\t\t\t\t<div class=\"elementor-column elementor-col-33 elementor-top-column elementor-element elementor-element-08062fc\" data-id=\"08062fc\" data-element_type=\"column\" data-e-type=\"column\">\n\t\t\t<div class=\"elementor-widget-wrap elementor-element-populated\">\n\t\t\t\t\t\t<div class=\"elementor-element elementor-element-b89e629 elementor-widget elementor-widget-heading\" data-id=\"b89e629\" data-element_type=\"widget\" data-e-type=\"widget\" data-widget_type=\"heading.default\">\n\t\t\t\t<div class=\"elementor-widget-container\">\n\t\t\t\t\t<h6 class=\"elementor-heading-title elementor-size-default\">\u00c9n sztorim<\/h6>\t\t\t\t<\/div>\n\t\t\t\t<\/div>\n\t\t\t\t<div class=\"elementor-element elementor-element-55d5a81 elementor-widget elementor-widget-heading\" data-id=\"55d5a81\" data-element_type=\"widget\" data-e-type=\"widget\" data-widget_type=\"heading.default\">\n\t\t\t\t<div class=\"elementor-widget-container\">\n\t\t\t\t\t<h2 class=\"elementor-heading-title elementor-size-default\">Alright, I'm off to explore the world now<\/h2>\t\t\t\t<\/div>\n\t\t\t\t<\/div>\n\t\t\t\t<div class=\"elementor-element elementor-element-9259ab5 elementor-widget elementor-widget-text-editor\" data-id=\"9259ab5\" data-element_type=\"widget\" data-e-type=\"widget\" data-widget_type=\"text-editor.default\">\n\t\t\t\t<div class=\"elementor-widget-container\">\n\t\t\t\t\t\t\t\t\t<p>I finished school there after 2 years, and then I worked for 1 more year at a larger winery, where I dealt with logistics and export-import. So I spent my everyday life in a huge warehouse. It was great, believe me.<\/p><p>But, driven by a sudden idea, I suddenly found myself in the warm, tropical Thailand.<\/p><p>This was followed by Indonesia's beautiful culture, mountains, volcanoes, and many exciting tours.<\/p><p>I lived in Indonesia, Malaysia and the Philippines<\/p><p>How did I live? How did I get to this place? It wasn't from winemaking and grape picking, that's for sure. \ud83d\ude42<\/p>\t\t\t\t\t\t\t\t<\/div>\n\t\t\t\t<\/div>\n\t\t\t\t<div class=\"elementor-element elementor-element-50802fa elementor-widget elementor-widget-spacer\" data-id=\"50802fa\" data-element_type=\"widget\" data-e-type=\"widget\" data-widget_type=\"spacer.default\">\n\t\t\t\t<div class=\"elementor-widget-container\">\n\t\t\t\t\t\t\t<div class=\"elementor-spacer\">\n\t\t\t<div class=\"elementor-spacer-inner\"><\/div>\n\t\t<\/div>\n\t\t\t\t\t\t<\/div>\n\t\t\t\t<\/div>\n\t\t\t\t<div class=\"elementor-element elementor-element-8576ae8 elementor-widget elementor-widget-image\" data-id=\"8576ae8\" data-element_type=\"widget\" data-e-type=\"widget\" data-widget_type=\"image.default\">\n\t\t\t\t<div class=\"elementor-widget-container\">\n\t\t\t\t\t\t\t\t\t\t\t\t\t\t\t<img alt=\"\" loading=\"lazy\" decoding=\"async\" width=\"1024\" height=\"576\" src=\"https:\/\/devabor.com\/wp-content\/uploads\/2024\/11\/18121427_1290159344437107_5832298239133030158_o-1024x576.jpeg\" class=\"attachment-large size-large wp-image-1102\" srcset=\"https:\/\/devabor.com\/wp-content\/uploads\/2024\/11\/18121427_1290159344437107_5832298239133030158_o-1024x576.jpeg 1024w, https:\/\/devabor.com\/wp-content\/uploads\/2024\/11\/18121427_1290159344437107_5832298239133030158_o-300x169.jpeg 300w, https:\/\/devabor.com\/wp-content\/uploads\/2024\/11\/18121427_1290159344437107_5832298239133030158_o-768x432.jpeg 768w, https:\/\/devabor.com\/wp-content\/uploads\/2024\/11\/18121427_1290159344437107_5832298239133030158_o-1536x864.jpeg 1536w, https:\/\/devabor.com\/wp-content\/uploads\/2024\/11\/18121427_1290159344437107_5832298239133030158_o-800x450.jpeg 800w, https:\/\/devabor.com\/wp-content\/uploads\/2024\/11\/18121427_1290159344437107_5832298239133030158_o.jpeg 2048w\" sizes=\"(max-width: 1024px) 100vw, 1024px\" \/>\t\t\t\t\t\t\t\t\t\t\t\t\t\t\t<\/div>\n\t\t\t\t<\/div>\n\t\t\t\t\t<\/div>\n\t\t<\/div>\n\t\t\t\t\t<\/div>\n\t\t<\/section>\n\t\t\t\t<section class=\"elementor-section elementor-top-section elementor-element elementor-element-29e5fb7 elementor-section-boxed elementor-section-height-default elementor-section-height-default\" data-id=\"29e5fb7\" data-element_type=\"section\" data-e-type=\"section\" data-settings=\"{&quot;background_background&quot;:&quot;classic&quot;}\">\n\t\t\t\t\t\t\t<div class=\"elementor-background-overlay\"><\/div>\n\t\t\t\t\t\t\t<div class=\"elementor-container elementor-column-gap-default\">\n\t\t\t\t\t<div class=\"elementor-column elementor-col-50 elementor-top-column elementor-element elementor-element-f17b368\" data-id=\"f17b368\" data-element_type=\"column\" data-e-type=\"column\">\n\t\t\t<div class=\"elementor-widget-wrap elementor-element-populated\">\n\t\t\t\t\t\t<div class=\"elementor-element elementor-element-a186995 elementor-widget elementor-widget-heading\" data-id=\"a186995\" data-element_type=\"widget\" data-e-type=\"widget\" data-widget_type=\"heading.default\">\n\t\t\t\t<div class=\"elementor-widget-container\">\n\t\t\t\t\t<h2 class=\"elementor-heading-title elementor-size-default\">Finding my way<\/h2>\t\t\t\t<\/div>\n\t\t\t\t<\/div>\n\t\t\t\t<div class=\"elementor-element elementor-element-2cc78cf elementor-widget elementor-widget-text-editor\" data-id=\"2cc78cf\" data-element_type=\"widget\" data-e-type=\"widget\" data-widget_type=\"text-editor.default\">\n\t\t\t\t<div class=\"elementor-widget-container\">\n\t\t\t\t\t\t\t\t\t<p>I've been to many places, met many great people and learned many things. What? Humility, dignity, the fact that wherever I go, I can't escape problems and myself. Als,o through self-love, I saw myself for the first time here. I faced my fears, and these paths were necessary for me to be here now and fight for what I believe in. <\/p><p>Life has never been easy and it never will be, we can't expect someone to solve our problems for us. We have to move forward, learn and do everything for ourselves.<\/p>\t\t\t\t\t\t\t\t<\/div>\n\t\t\t\t<\/div>\n\t\t\t\t\t<\/div>\n\t\t<\/div>\n\t\t\t\t<div class=\"elementor-column elementor-col-50 elementor-top-column elementor-element elementor-element-9803614\" data-id=\"9803614\" data-element_type=\"column\" data-e-type=\"column\">\n\t\t\t<div class=\"elementor-widget-wrap\">\n\t\t\t\t\t\t\t<\/div>\n\t\t<\/div>\n\t\t\t\t\t<\/div>\n\t\t<\/section>\n\t\t\t\t<\/div>","protected":false},"excerpt":{"rendered":"<p>Ki vagyok \u00e9n? D\u00f3ra vagyok, T\u00e1lly\u00e1n egy kis k\u00f6zs\u00e9gben sz\u00fclettem. A sz\u00fcleim m\u00e1r kiskorom \u00f3ta a sz\u0151l\u0151termeszt\u00e9s \u00e9s bork\u00e9sz\u00edt\u00e9s ir\u00e1ny\u00e1ba terelgettek, hab\u00e1r bevallom, gyerekk\u00e9nt nem \u00e9ppen ez volt a nagy \u00e1lmom. 14 \u00e9vesen Budapestre k\u00f6lt\u00f6ztem \u00e9s megkezdtem tanulm\u00e1nyaimat a So\u00f3s Istv\u00e1n Bor\u00e1szati Szakk\u00f6z\u00e9piskol\u00e1ban. Nem volt \u00e9pp egy kis menet, f\u0151leg \u00fagy, hogy addig nem igaz\u00e1n&#8230;<\/p>","protected":false},"author":1,"featured_media":0,"parent":0,"menu_order":0,"comment_status":"closed","ping_status":"closed","template":"","meta":{"_seopress_robots_primary_cat":"","_seopress_titles_title":"","_seopress_titles_desc":"","_seopress_robots_index":"","_kad_post_transparent":"","_kad_post_title":"default","_kad_post_layout":"fullwidth","_kad_post_sidebar_id":"","_kad_post_content_style":"unboxed","_kad_post_vertical_padding":"hide","_kad_post_feature":"hide","_kad_post_feature_position":"","_kad_post_header":false,"_kad_post_footer":false,"_kad_post_classname":"","footnotes":""},"class_list":["post-907","page","type-page","status-publish","hentry"],"jetpack_sharing_enabled":true,"_links":{"self":[{"href":"https:\/\/devabor.com\/en\/wp-json\/wp\/v2\/pages\/907","targetHints":{"allow":["GET"]}}],"collection":[{"href":"https:\/\/devabor.com\/en\/wp-json\/wp\/v2\/pages"}],"about":[{"href":"https:\/\/devabor.com\/en\/wp-json\/wp\/v2\/types\/page"}],"author":[{"embeddable":true,"href":"https:\/\/devabor.com\/en\/wp-json\/wp\/v2\/users\/1"}],"replies":[{"embeddable":true,"href":"https:\/\/devabor.com\/en\/wp-json\/wp\/v2\/comments?post=907"}],"version-history":[{"count":5,"href":"https:\/\/devabor.com\/en\/wp-json\/wp\/v2\/pages\/907\/revisions"}],"predecessor-version":[{"id":1110,"href":"https:\/\/devabor.com\/en\/wp-json\/wp\/v2\/pages\/907\/revisions\/1110"}],"wp:attachment":[{"href":"https:\/\/devabor.com\/en\/wp-json\/wp\/v2\/media?parent=907"}],"curies":[{"name":"wp","href":"https:\/\/api.w.org\/{rel}","templated":true}]}}