{"id":132,"date":"2020-12-15T10:18:41","date_gmt":"2020-12-15T10:18:41","guid":{"rendered":"https:\/\/startertemplatecloud.com\/e08\/?post_type=product&#038;p=132"},"modified":"2024-11-19T17:21:10","modified_gmt":"2024-11-19T17:21:10","slug":"kostolonaplo","status":"publish","type":"product","link":"https:\/\/devabor.com\/en\/product\/kostolonaplo\/","title":{"rendered":"D\u00e9vabor k\u00f3stol\u00f3napl\u00f3"},"content":{"rendered":"<p>D\u00e9vabor k\u00f3stol\u00f3napl\u00f3 k\u00edt\u0171n\u0151 eszk\u00f6z lehet sz\u00e1modra, ha bork\u00f3stol\u00f3kon veszel r\u00e9szt. Magaddal viheted b\u00e1rhov\u00e1 \u00e9s saj\u00e1t jegyzeteket k\u00e9sz\u00edthetsz. Igazi \u00fatit\u00e1rs b\u00e1rhol, b\u00e1rmikor!<\/p>","protected":false},"excerpt":{"rendered":"<p>Igazi \u00fatit\u00e1rs b\u00e1rhol, b\u00e1rmikor! D\u00e9vabor online k\u00f3stol\u00f3napl\u00f3ddal, kit\u0171nhetsz a t\u00f6bbi k\u00f3stol\u00f3t\u00e1rsad k\u00f6z\u00fcl, hiszen minden benne van, amire sz\u00fcks\u00e9ged van!<\/p>\n<p>A napl\u00f3 tartalmaz 20 borbemutat\u00f3 oldalt, kedvenc borom \u00e9s kedvenc bor\u00e1szatom oldalakat is \u00e9s k\u00fcl\u00f6n helyt, saj\u00e1t jegyzeteidnek!<\/p>","protected":false},"featured_media":1331,"comment_status":"open","ping_status":"closed","template":"","meta":{"_seopress_robots_primary_cat":"58","_seopress_titles_title":"","_seopress_titles_desc":"Igazi \u00fatit\u00e1rs b\u00e1rhol, b\u00e1rmikor! K\u00f3stol\u00f3napl\u00f3ddal, kit\u0171nhetsz a t\u00f6bbi k\u00f3stol\u00f3t\u00e1rsad k\u00f6z\u00fcl, hiszen minden benne van, amire sz\u00fcks\u00e9ged van!","_seopress_robots_index":"","_kad_post_transparent":"enable","_kad_post_title":"","_kad_post_layout":"default","_kad_post_sidebar_id":"","_kad_post_content_style":"default","_kad_post_vertical_padding":"default","_kad_post_feature":"","_kad_post_feature_position":"","_kad_post_header":false,"_kad_post_footer":false,"_kad_post_classname":""},"product_brand":[],"product_cat":[58],"product_tag":[59,37,38,39],"class_list":{"0":"post-132","1":"product","2":"type-product","3":"status-publish","4":"has-post-thumbnail","6":"product_cat-termekek","7":"product_tag-devabor","8":"product_tag-dish","9":"product_tag-food","10":"product_tag-menu","12":"first","13":"instock","14":"taxable","15":"shipping-taxable","16":"purchasable","17":"product-type-variable","18":"entry","19":"content-bg","20":"loop-entry"},"jetpack_sharing_enabled":true,"_links":{"self":[{"href":"https:\/\/devabor.com\/en\/wp-json\/wp\/v2\/product\/132","targetHints":{"allow":["GET"]}}],"collection":[{"href":"https:\/\/devabor.com\/en\/wp-json\/wp\/v2\/product"}],"about":[{"href":"https:\/\/devabor.com\/en\/wp-json\/wp\/v2\/types\/product"}],"replies":[{"embeddable":true,"href":"https:\/\/devabor.com\/en\/wp-json\/wp\/v2\/comments?post=132"}],"version-history":[{"count":1,"href":"https:\/\/devabor.com\/en\/wp-json\/wp\/v2\/product\/132\/revisions"}],"predecessor-version":[{"id":1328,"href":"https:\/\/devabor.com\/en\/wp-json\/wp\/v2\/product\/132\/revisions\/1328"}],"wp:featuredmedia":[{"embeddable":true,"href":"https:\/\/devabor.com\/en\/wp-json\/wp\/v2\/media\/1331"}],"wp:attachment":[{"href":"https:\/\/devabor.com\/en\/wp-json\/wp\/v2\/media?parent=132"}],"wp:term":[{"taxonomy":"product_brand","embeddable":true,"href":"https:\/\/devabor.com\/en\/wp-json\/wp\/v2\/product_brand?post=132"},{"taxonomy":"product_cat","embeddable":true,"href":"https:\/\/devabor.com\/en\/wp-json\/wp\/v2\/product_cat?post=132"},{"taxonomy":"product_tag","embeddable":true,"href":"https:\/\/devabor.com\/en\/wp-json\/wp\/v2\/product_tag?post=132"}],"curies":[{"name":"wp","href":"https:\/\/api.w.org\/{rel}","templated":true}]}}