{"id":2245,"date":"2025-05-23T16:06:29","date_gmt":"2025-05-23T16:06:29","guid":{"rendered":"https:\/\/devabor.com\/?post_type=product&#038;p=2245"},"modified":"2026-04-19T09:24:37","modified_gmt":"2026-04-19T09:24:37","slug":"devabor-furmint-2024","status":"publish","type":"product","link":"https:\/\/devabor.com\/en\/product\/devabor-furmint-2024\/","title":{"rendered":"D\u00e9vabor \u2013 Furmint 2024 sz\u00e1raz"},"content":{"rendered":"<p data-start=\"238\" data-end=\"492\">Ez a Furmint a kor\u00e1n \u00e9bred\u0151 sz\u0151l\u0151kb\u0151l sz\u00fcletett \u2013 szeptember eleji, gyors ritmus\u00fa sz\u00fcret eredm\u00e9nye, ahol minden pillanat sz\u00e1m\u00edtott. Ac\u00e9ltart\u00e1lyban erjedt, majd 6 h\u00f3nap finom sepr\u0151s \u00e9rlel\u00e9sen ment kereszt\u00fcl, hogy val\u00f3ban kerek, izgalmas arc\u00e1t mutassa meg.<\/p>\n<p data-start=\"238\" data-end=\"492\"><strong data-start=\"494\" data-end=\"507\">Illat\u00e1ban<\/strong> citrusok, k\u00f6rte \u00e9s alma keverednek a finoman \u00e9leszt\u0151s, keny\u00e9rh\u00e9jas jegyekkel \u2013 ak\u00e1r egy frissens\u00fclt gy\u00fcm\u00f6lcskeny\u00e9r a sz\u0151l\u0151hegy oldal\u00e1ban.<br data-start=\"645\" data-end=\"648\" \/><strong data-start=\"648\" data-end=\"657\">\u00cdzben<\/strong> feszes, m\u00e9gis r\u00e9tegzett: friss, de nem hars\u00e1ny, hat\u00e1rozott, m\u00e9gis eleg\u00e1ns.<\/p>\n<p data-start=\"734\" data-end=\"838\"><strong data-start=\"734\" data-end=\"747\">Aj\u00e1nlom:<\/strong> s\u00fclt sz\u00e1rnyasokhoz, pisztr\u00e1nghoz, vagy csak egy naplement\u00e9hez, ahol a bor mes\u00e9l helyetted.<\/p>\n<p data-start=\"734\" data-end=\"838\"><strong>Analitikai adatok<\/strong><\/p>\n<ul>\n<li data-start=\"734\" data-end=\"838\">Alkohol: 13 % vol<\/li>\n<li data-start=\"734\" data-end=\"838\">Sav: 5 g\/l<\/li>\n<li data-start=\"734\" data-end=\"838\">Marad\u00e9kcukor: 6,4 g\/l<\/li>\n<\/ul>\n<p data-start=\"840\" data-end=\"841\">\u2014<\/p>\n<p data-start=\"843\" data-end=\"984\" data-is-last-node=\"\" data-is-only-node=\"\">","protected":false},"excerpt":{"rendered":"<p><strong data-start=\"192\" data-end=\"236\">Citrusos lend\u00fclet, karakteres elegancia.<\/strong><\/p>\n<p>Sz\u00e1raz Furmint borom, amely spont\u00e1n erjedt ac\u00e9ltart\u00e1lyban, majd finom sepr\u0151n \u00e9rleltem 6 h\u00f3napig, sz\u0171retlen.<\/p>\n<p>&nbsp;<\/p>\n<p>&nbsp;<\/p>","protected":false},"featured_media":2230,"comment_status":"closed","ping_status":"closed","template":"","meta":{"_seopress_robots_primary_cat":"none","_seopress_titles_title":"D\u00e9vabor \u2013 Furmint 2024","_seopress_titles_desc":"Citrusos lend\u00fclet, karakteres elegancia.\r\nSz\u00e1raz Furmint borom, amely spont\u00e1n erjedt ac\u00e9ltart\u00e1lyban, majd finom sepr\u0151n \u00e9rleltem 6 h\u00f3napig.","_seopress_robots_index":"","_kad_post_transparent":"default","_kad_post_title":"","_kad_post_layout":"default","_kad_post_sidebar_id":"","_kad_post_content_style":"default","_kad_post_vertical_padding":"default","_kad_post_feature":"","_kad_post_feature_position":"","_kad_post_header":false,"_kad_post_footer":false,"_kad_post_classname":""},"product_brand":[],"product_cat":[78,17,58],"product_tag":[],"class_list":{"0":"post-2245","1":"product","2":"type-product","3":"status-publish","4":"has-post-thumbnail","6":"product_cat-ajandekotletek","7":"product_cat-devabor","8":"product_cat-termekek","10":"first","11":"instock","12":"purchasable","13":"product-type-simple","14":"entry","15":"content-bg","16":"loop-entry"},"jetpack_sharing_enabled":true,"_links":{"self":[{"href":"https:\/\/devabor.com\/en\/wp-json\/wp\/v2\/product\/2245","targetHints":{"allow":["GET"]}}],"collection":[{"href":"https:\/\/devabor.com\/en\/wp-json\/wp\/v2\/product"}],"about":[{"href":"https:\/\/devabor.com\/en\/wp-json\/wp\/v2\/types\/product"}],"replies":[{"embeddable":true,"href":"https:\/\/devabor.com\/en\/wp-json\/wp\/v2\/comments?post=2245"}],"version-history":[{"count":2,"href":"https:\/\/devabor.com\/en\/wp-json\/wp\/v2\/product\/2245\/revisions"}],"predecessor-version":[{"id":3367,"href":"https:\/\/devabor.com\/en\/wp-json\/wp\/v2\/product\/2245\/revisions\/3367"}],"wp:featuredmedia":[{"embeddable":true,"href":"https:\/\/devabor.com\/en\/wp-json\/wp\/v2\/media\/2230"}],"wp:attachment":[{"href":"https:\/\/devabor.com\/en\/wp-json\/wp\/v2\/media?parent=2245"}],"wp:term":[{"taxonomy":"product_brand","embeddable":true,"href":"https:\/\/devabor.com\/en\/wp-json\/wp\/v2\/product_brand?post=2245"},{"taxonomy":"product_cat","embeddable":true,"href":"https:\/\/devabor.com\/en\/wp-json\/wp\/v2\/product_cat?post=2245"},{"taxonomy":"product_tag","embeddable":true,"href":"https:\/\/devabor.com\/en\/wp-json\/wp\/v2\/product_tag?post=2245"}],"curies":[{"name":"wp","href":"https:\/\/api.w.org\/{rel}","templated":true}]}}