{"id":2250,"date":"2025-05-23T16:06:09","date_gmt":"2025-05-23T16:06:09","guid":{"rendered":"https:\/\/devabor.com\/?post_type=product&#038;p=2250"},"modified":"2025-07-10T16:51:52","modified_gmt":"2025-07-10T16:51:52","slug":"devabor-feledes-cuvee-2024","status":"publish","type":"product","link":"https:\/\/devabor.com\/en\/product\/devabor-feledes-cuvee-2024\/","title":{"rendered":"D\u00e9vabor \u2013 F\u00e9l\u00e9des Cuv\u00e9e 2024"},"content":{"rendered":"<p data-start=\"263\" data-end=\"314\"><strong data-start=\"263\" data-end=\"314\">K\u00e9t tokaji klasszikus, egy harmonikus t\u00f6rt\u00e9net.<\/strong><\/p>\n<p data-start=\"316\" data-end=\"613\">A Furmint frissess\u00e9ge \u00e9s a H\u00e1rslevel\u0171 m\u00e9zes-bujas\u00e1ga t\u00f6k\u00e9letesen kieg\u00e9sz\u00edtik egym\u00e1st ebben a f\u00e9l\u00e9des h\u00e1zas\u00edt\u00e1sban. Korai sz\u00fcret, spont\u00e1n erjed\u00e9s, majd ac\u00e9ltart\u00e1lyos pihen\u00e9s ut\u00e1n sz\u00fcletett meg ez a bor, melyben a citrusos, reszelt alm\u00e1s jegyek mellett vir\u00e1gos, h\u00e1rsas arom\u00e1k is felsejlenek.<\/p>\n<p data-start=\"615\" data-end=\"746\"><strong data-start=\"615\" data-end=\"628\">Illat\u00e1ban<\/strong> feh\u00e9r vir\u00e1gok, k\u00f6rte \u00e9s m\u00e9zes alma.<br data-start=\"664\" data-end=\"667\" \/><strong data-start=\"667\" data-end=\"677\">\u00cdz\u00e9ben<\/strong> l\u00e1gy \u00e9dess\u00e9g, gy\u00fcm\u00f6lcs\u00f6s l\u00fcktet\u00e9s \u00e9s egy eleg\u00e1nsan hossz\u00fa lecseng\u00e9s.<\/p>\n<p data-start=\"288\" data-end=\"578\"><strong style=\"letter-spacing: 0em;\" data-start=\"750\" data-end=\"763\">Aj\u00e1nlom:<\/strong><span style=\"letter-spacing: 0em;\"> f\u0171szeres \u00e1zsiai fog\u00e1sokhoz, piknikre a domboldalba, vagy csak akkor, amikor j\u00f3l esne valami k\u00f6nny\u0171, ami m\u00e9gis maradand\u00f3 \u00e9lm\u00e9nyt ad.<\/span><\/p>\n<p data-start=\"580\" data-end=\"748\">Analitikai adatok:<\/p>\n<ul>\n<li data-start=\"580\" data-end=\"748\">Alkohol: 13, 5 % vol<\/li>\n<li data-start=\"580\" data-end=\"748\">Sav: 5, 7 g\/l<\/li>\n<li data-start=\"580\" data-end=\"748\">Marad\u00e9kcukor: 24, 8 g\/l<\/li>\n<\/ul>","protected":false},"excerpt":{"rendered":"<p data-start=\"263\" data-end=\"314\"><strong data-start=\"263\" data-end=\"314\">K\u00e9t tokaji klasszikus, egy harmonikus t\u00f6rt\u00e9net. <\/strong>A Furmint frissess\u00e9ge \u00e9s a H\u00e1rslevel\u0171 m\u00e9zes-bujas\u00e1ga t\u00f6k\u00e9letesen kieg\u00e9sz\u00edtik egym\u00e1st ebben a f\u00e9l\u00e9des h\u00e1zas\u00edt\u00e1sban.<\/p>\n<p data-start=\"615\" data-end=\"746\"><strong data-start=\"615\" data-end=\"628\">Illat\u00e1ban<\/strong> feh\u00e9r vir\u00e1gok, k\u00f6rte \u00e9s m\u00e9zes alma.<br data-start=\"664\" data-end=\"667\" \/><strong data-start=\"667\" data-end=\"677\">\u00cdz\u00e9ben<\/strong> l\u00e1gy \u00e9dess\u00e9g, gy\u00fcm\u00f6lcs\u00f6s l\u00fcktet\u00e9s \u00e9s egy eleg\u00e1nsan hossz\u00fa lecseng\u00e9s.<\/p>\n<p data-start=\"288\" data-end=\"578\"><strong>+ sz\u00e1ll\u00edt\u00e1si d\u00edj<\/strong><\/p>","protected":false},"featured_media":2231,"comment_status":"closed","ping_status":"closed","template":"","meta":{"_seopress_robots_primary_cat":"none","_seopress_titles_title":"D\u00e9vabor \u2013 F\u00e9l\u00e9des Furmint\u2013H\u00e1rslevel\u0171 2024","_seopress_titles_desc":"Ez a bor a term\u00e9szet ritmus\u00e1ra sz\u00fcletett: a korai sz\u00fcretnek \u00e9s a spont\u00e1n erjed\u00e9snek k\u00f6sz\u00f6nhet\u0151en minden kortya \u00e9l \u00e9s l\u00fcktet.","_seopress_robots_index":"","_kad_post_transparent":"default","_kad_post_title":"","_kad_post_layout":"default","_kad_post_sidebar_id":"","_kad_post_content_style":"default","_kad_post_vertical_padding":"default","_kad_post_feature":"","_kad_post_feature_position":"","_kad_post_header":false,"_kad_post_footer":false,"_kad_post_classname":""},"product_brand":[],"product_cat":[17,58],"product_tag":[],"class_list":{"0":"post-2250","1":"product","2":"type-product","3":"status-publish","4":"has-post-thumbnail","6":"product_cat-devabor","7":"product_cat-termekek","9":"first","10":"instock","11":"purchasable","12":"product-type-simple","13":"entry","14":"content-bg","15":"loop-entry"},"jetpack_sharing_enabled":true,"_links":{"self":[{"href":"https:\/\/devabor.com\/en\/wp-json\/wp\/v2\/product\/2250","targetHints":{"allow":["GET"]}}],"collection":[{"href":"https:\/\/devabor.com\/en\/wp-json\/wp\/v2\/product"}],"about":[{"href":"https:\/\/devabor.com\/en\/wp-json\/wp\/v2\/types\/product"}],"replies":[{"embeddable":true,"href":"https:\/\/devabor.com\/en\/wp-json\/wp\/v2\/comments?post=2250"}],"version-history":[{"count":0,"href":"https:\/\/devabor.com\/en\/wp-json\/wp\/v2\/product\/2250\/revisions"}],"wp:featuredmedia":[{"embeddable":true,"href":"https:\/\/devabor.com\/en\/wp-json\/wp\/v2\/media\/2231"}],"wp:attachment":[{"href":"https:\/\/devabor.com\/en\/wp-json\/wp\/v2\/media?parent=2250"}],"wp:term":[{"taxonomy":"product_brand","embeddable":true,"href":"https:\/\/devabor.com\/en\/wp-json\/wp\/v2\/product_brand?post=2250"},{"taxonomy":"product_cat","embeddable":true,"href":"https:\/\/devabor.com\/en\/wp-json\/wp\/v2\/product_cat?post=2250"},{"taxonomy":"product_tag","embeddable":true,"href":"https:\/\/devabor.com\/en\/wp-json\/wp\/v2\/product_tag?post=2250"}],"curies":[{"name":"wp","href":"https:\/\/api.w.org\/{rel}","templated":true}]}}