{"id":2255,"date":"2025-05-23T16:05:30","date_gmt":"2025-05-23T16:05:30","guid":{"rendered":"https:\/\/devabor.com\/?post_type=product&#038;p=2255"},"modified":"2025-07-10T16:54:58","modified_gmt":"2025-07-10T16:54:58","slug":"devabor-feledes-sarga-muskotaly-2024","status":"publish","type":"product","link":"https:\/\/devabor.com\/en\/product\/devabor-feledes-sarga-muskotaly-2024\/","title":{"rendered":"D\u00e9vabor \u2013 F\u00e9l\u00e9des S\u00e1rga Muskot\u00e1ly 2024"},"content":{"rendered":"<p data-start=\"291\" data-end=\"347\"><span style=\"letter-spacing: 0em;\">A muskot\u00e1ly, ami nem siet \u2013 m\u00e9lyebb t\u00f3nusokkal sz\u00f3l. Ez a bor nem azonnal mes\u00e9l. El\u0151sz\u00f6r csak illan, majd fokozatosan ny\u00edlik meg. A korai sz\u00fcret ellen\u00e9re f\u00e9l\u00e9des karaktere, spont\u00e1n erjed\u00e9se \u00e9s finom sepr\u0151n val\u00f3 \u00e9rlel\u00e9se m\u00e9lys\u00e9get \u00e9s id\u0151t ad neki. <\/span><\/p>\n<p data-start=\"291\" data-end=\"347\"><span style=\"letter-spacing: 0em;\"><strong>A S\u00e1rga muskot\u00e1ly klasszikus illata<\/strong> \u2013 sz\u0151l\u0151vir\u00e1g, citrus, keleti f\u0171szerek \u2013 itt karakteresebb, selymesebb, hosszabban elid\u0151z\u0151 form\u00e1ban jelenik meg. Illat\u00e1ban parf\u00fcm\u00f6s jegyek, \u00e9rett sz\u0151l\u0151 \u00e9s leheletnyi bazsalikom. <\/span><\/p>\n<p data-start=\"291\" data-end=\"347\"><span style=\"letter-spacing: 0em;\"><strong>\u00cdz\u00e9ben<\/strong> telt gy\u00fcm\u00f6lcs\u00f6ss\u00e9g, sima text\u00fara, hosszan tart\u00f3 \u00e9lm\u00e9ny \u2013 nem egy k\u00f6nny\u0171 fl\u00f6rt, ink\u00e1bb lass\u00fa t\u00e1nc a poh\u00e1rban. <\/span><\/p>\n<p data-start=\"291\" data-end=\"347\"><span style=\"letter-spacing: 0em;\"><strong>Aj\u00e1nlom<\/strong>: \u00f6n\u00e1ll\u00f3 \u00e9lm\u00e9nyk\u00e9nt, medit\u00e1ci\u00f3s bork\u00e9nt, vagy feh\u00e9r h\u00fasokkal \u00e9s gy\u00fcm\u00f6lcs\u00f6s desszertekkel p\u00e1ros\u00edtva. Ez a bor meg\u00e9ri a figyelmet \u2013 \u00e9s az id\u0151t is.Analitikai adatok:<\/span><\/p>\n<p data-start=\"894\" data-end=\"1050\">Alkohol: 14, 5 % vol<\/p>\n<p data-start=\"894\" data-end=\"1050\">Sav: 5, 23 g\/l<\/p>\n<p data-start=\"894\" data-end=\"1050\">Marad\u00e9kcukor: 34, 5 g\/l<\/p>","protected":false},"excerpt":{"rendered":"<p data-start=\"291\" data-end=\"347\"><strong data-start=\"291\" data-end=\"347\">A muskot\u00e1ly, ami nem siet \u2013 m\u00e9lyebb, hossz\u00fa besz\u00e9lget\u00e9sekhez<\/strong><\/p>\n<p data-start=\"349\" data-end=\"700\">Ez a bor nem azonnal mes\u00e9l. El\u0151sz\u00f6r csak illan, majd fokozatosan ny\u00edlik meg. A korai sz\u00fcret ellen\u00e9re f\u00e9l\u00e9des karaktere, spont\u00e1n erjed\u00e9se \u00e9s finom sepr\u0151n val\u00f3 \u00e9rlel\u00e9se m\u00e9lys\u00e9get \u00e9s id\u0151t ad neki.<\/p>","protected":false},"featured_media":2241,"comment_status":"closed","ping_status":"closed","template":"","meta":{"_seopress_robots_primary_cat":"none","_seopress_titles_title":"D\u00e9vabor \u2013 F\u00e9l\u00e9des S\u00e1rga Muskot\u00e1ly 2024","_seopress_titles_desc":"A muskot\u00e1ly, ami nem siet \u2013 m\u00e9lyebb t\u00f3nusokkal sz\u00f3l. Ez a bor nem azonnal mes\u00e9l. El\u0151sz\u00f6r csak illan, majd fokozatosan ny\u00edlik meg. A korai sz\u00fcret ellen\u00e9re f\u00e9l\u00e9des karaktere, spont\u00e1n erjed\u00e9se \u00e9s finom sepr\u0151n val\u00f3 \u00e9rlel\u00e9se m\u00e9lys\u00e9get \u00e9s id\u0151t ad neki.","_seopress_robots_index":"","_kad_post_transparent":"default","_kad_post_title":"","_kad_post_layout":"default","_kad_post_sidebar_id":"","_kad_post_content_style":"default","_kad_post_vertical_padding":"default","_kad_post_feature":"","_kad_post_feature_position":"","_kad_post_header":false,"_kad_post_footer":false,"_kad_post_classname":""},"product_brand":[],"product_cat":[78,17,58],"product_tag":[],"class_list":{"0":"post-2255","1":"product","2":"type-product","3":"status-publish","4":"has-post-thumbnail","6":"product_cat-ajandekotletek","7":"product_cat-devabor","8":"product_cat-termekek","10":"first","11":"instock","12":"purchasable","13":"product-type-simple","14":"entry","15":"content-bg","16":"loop-entry"},"jetpack_sharing_enabled":true,"_links":{"self":[{"href":"https:\/\/devabor.com\/en\/wp-json\/wp\/v2\/product\/2255","targetHints":{"allow":["GET"]}}],"collection":[{"href":"https:\/\/devabor.com\/en\/wp-json\/wp\/v2\/product"}],"about":[{"href":"https:\/\/devabor.com\/en\/wp-json\/wp\/v2\/types\/product"}],"replies":[{"embeddable":true,"href":"https:\/\/devabor.com\/en\/wp-json\/wp\/v2\/comments?post=2255"}],"version-history":[{"count":0,"href":"https:\/\/devabor.com\/en\/wp-json\/wp\/v2\/product\/2255\/revisions"}],"wp:featuredmedia":[{"embeddable":true,"href":"https:\/\/devabor.com\/en\/wp-json\/wp\/v2\/media\/2241"}],"wp:attachment":[{"href":"https:\/\/devabor.com\/en\/wp-json\/wp\/v2\/media?parent=2255"}],"wp:term":[{"taxonomy":"product_brand","embeddable":true,"href":"https:\/\/devabor.com\/en\/wp-json\/wp\/v2\/product_brand?post=2255"},{"taxonomy":"product_cat","embeddable":true,"href":"https:\/\/devabor.com\/en\/wp-json\/wp\/v2\/product_cat?post=2255"},{"taxonomy":"product_tag","embeddable":true,"href":"https:\/\/devabor.com\/en\/wp-json\/wp\/v2\/product_tag?post=2255"}],"curies":[{"name":"wp","href":"https:\/\/api.w.org\/{rel}","templated":true}]}}