{"id":2260,"date":"2025-05-23T16:05:06","date_gmt":"2025-05-23T16:05:06","guid":{"rendered":"https:\/\/devabor.com\/?post_type=product&#038;p=2260"},"modified":"2025-11-04T07:48:19","modified_gmt":"2025-11-04T07:48:19","slug":"devabor-edes-furmint-2024","status":"publish","type":"product","link":"https:\/\/devabor.com\/en\/product\/devabor-edes-furmint-2024\/","title":{"rendered":"D\u00e9vabor \u2013 \u00c9des Furmint 2024"},"content":{"rendered":"<p data-start=\"271\" data-end=\"335\"><strong data-start=\"271\" data-end=\"335\">Aranyl\u00f3 m\u00e9lys\u00e9g \u2013 a sz\u00fcret t\u00fcrelm\u00e9vel\u00a0<\/strong><\/p>\n<p data-start=\"337\" data-end=\"654\">Szeptember v\u00e9g\u00e9n, amikor a nap m\u00e9g meleget ad, sz\u00fcletett meg ez a k\u00e9s\u0151i sz\u00fcretel\u00e9s\u0171 Furmint. Tart\u00e1lyban, spont\u00e1n erjedt, majd <strong data-start=\"481\" data-end=\"520\">7 h\u00f3napon \u00e1t pihent t\u00f6lgyfahord\u00f3ban<\/strong>, hogy kibontakozhasson.<br data-start=\"555\" data-end=\"558\" \/>A v\u00e9geredm\u00e9ny: egy igaz\u00e1n kr\u00e9mes, m\u00e9zes, di\u00f3s t\u00f3nus\u00fa bor, ami nemcsak k\u00eds\u00e9r, hanem lelass\u00edt.<\/p>\n<p data-start=\"656\" data-end=\"797\"><strong data-start=\"656\" data-end=\"669\">Illat\u00e1ban<\/strong> m\u00e9hviasz, aszalt s\u00e1rgabarack, \u00e9des f\u0171szerek.<br data-start=\"714\" data-end=\"717\" \/><strong data-start=\"717\" data-end=\"727\">\u00cdz\u00e9ben<\/strong> telt \u00e9s selymes, hossz\u00fa lecseng\u00e9ssel \u2013 egy bor, ami desszert maga is.<\/p>\n<p data-start=\"656\" data-end=\"797\"><strong data-start=\"799\" data-end=\"812\">Aj\u00e1nlom:<\/strong> \u00e9rett sajtokhoz, k\u00f6rt\u00e9s tarte tatin mell\u00e9, vagy csak egy k\u00fcl\u00f6nleges pillanathoz, amikor az id\u0151 meg\u00e1llhat.<\/p>\n<p data-start=\"799\" data-end=\"918\">Analitikai adatok:<\/p>\n<p data-start=\"799\" data-end=\"918\">Alkohol: 13 % vol<\/p>\n<p data-start=\"799\" data-end=\"918\">Sav: 5,68 g\/l<\/p>\n<p data-start=\"799\" data-end=\"918\">Marad\u00e9kcukor: 86,9 g\/l<\/p>\n<p data-start=\"920\" data-end=\"921\">","protected":false},"excerpt":{"rendered":"<p data-start=\"271\" data-end=\"335\"><strong data-start=\"271\" data-end=\"335\">Aranyl\u00f3 m\u00e9lys\u00e9g \u2013 a sz\u00fcret t\u00fcrelm\u00e9vel\u00a0<\/strong><\/p>\n<p data-start=\"337\" data-end=\"654\"><strong data-start=\"656\" data-end=\"669\">Illat\u00e1ban<\/strong> m\u00e9hviasz, aszalt s\u00e1rgabarack, \u00e9des f\u0171szerek.<br data-start=\"714\" data-end=\"717\" \/><strong data-start=\"717\" data-end=\"727\">\u00cdz\u00e9ben<\/strong> telt \u00e9s selymes, hossz\u00fa lecseng\u00e9ssel \u2013 egy bor, ami desszert maga is.<\/p>","protected":false},"featured_media":2234,"comment_status":"closed","ping_status":"closed","template":"","meta":{"_seopress_robots_primary_cat":"none","_seopress_titles_title":"D\u00e9vabor \u2013 \u00c9des Furmint 2024","_seopress_titles_desc":"Aranyl\u00f3 m\u00e9lys\u00e9g \u2013 a sz\u00fcret t\u00fcrelm\u00e9vel\u00a0","_seopress_robots_index":"","_kad_post_transparent":"default","_kad_post_title":"","_kad_post_layout":"default","_kad_post_sidebar_id":"","_kad_post_content_style":"default","_kad_post_vertical_padding":"default","_kad_post_feature":"","_kad_post_feature_position":"","_kad_post_header":false,"_kad_post_footer":false,"_kad_post_classname":""},"product_brand":[],"product_cat":[78,17,58],"product_tag":[],"class_list":{"0":"post-2260","1":"product","2":"type-product","3":"status-publish","4":"has-post-thumbnail","6":"product_cat-ajandekotletek","7":"product_cat-devabor","8":"product_cat-termekek","10":"first","11":"instock","12":"purchasable","13":"product-type-simple","14":"entry","15":"content-bg","16":"loop-entry"},"jetpack_sharing_enabled":true,"_links":{"self":[{"href":"https:\/\/devabor.com\/en\/wp-json\/wp\/v2\/product\/2260","targetHints":{"allow":["GET"]}}],"collection":[{"href":"https:\/\/devabor.com\/en\/wp-json\/wp\/v2\/product"}],"about":[{"href":"https:\/\/devabor.com\/en\/wp-json\/wp\/v2\/types\/product"}],"replies":[{"embeddable":true,"href":"https:\/\/devabor.com\/en\/wp-json\/wp\/v2\/comments?post=2260"}],"version-history":[{"count":1,"href":"https:\/\/devabor.com\/en\/wp-json\/wp\/v2\/product\/2260\/revisions"}],"predecessor-version":[{"id":2444,"href":"https:\/\/devabor.com\/en\/wp-json\/wp\/v2\/product\/2260\/revisions\/2444"}],"wp:featuredmedia":[{"embeddable":true,"href":"https:\/\/devabor.com\/en\/wp-json\/wp\/v2\/media\/2234"}],"wp:attachment":[{"href":"https:\/\/devabor.com\/en\/wp-json\/wp\/v2\/media?parent=2260"}],"wp:term":[{"taxonomy":"product_brand","embeddable":true,"href":"https:\/\/devabor.com\/en\/wp-json\/wp\/v2\/product_brand?post=2260"},{"taxonomy":"product_cat","embeddable":true,"href":"https:\/\/devabor.com\/en\/wp-json\/wp\/v2\/product_cat?post=2260"},{"taxonomy":"product_tag","embeddable":true,"href":"https:\/\/devabor.com\/en\/wp-json\/wp\/v2\/product_tag?post=2260"}],"curies":[{"name":"wp","href":"https:\/\/api.w.org\/{rel}","templated":true}]}}