{"id":2331,"date":"2025-05-27T08:53:37","date_gmt":"2025-05-27T08:53:37","guid":{"rendered":"https:\/\/devabor.com\/?post_type=product&#038;p=2331"},"modified":"2025-11-19T16:46:50","modified_gmt":"2025-11-19T16:46:50","slug":"szaraz-ugy","status":"publish","type":"product","link":"https:\/\/devabor.com\/en\/product\/szaraz-ugy\/","title":{"rendered":"D\u00e9vabor &#8211; &#8222;Sz\u00e1raz \u00fcgy&#8221; borcsomag"},"content":{"rendered":"<p><strong data-start=\"192\" data-end=\"236\">Citrusos lend\u00fclet, karakteres elegancia.<\/strong><\/p>\n<p>Sz\u00e1raz Furmint borom, amely spont\u00e1n erjedt ac\u00e9ltart\u00e1lyban, majd finom sepr\u0151n \u00e9rleltem 6 h\u00f3napig (sz\u0171retlen)<\/p>","protected":false},"excerpt":{"rendered":"<p>2024-es \u00e9vj\u00e1rat\u00fa sz\u00e1raz Furmint borom, amely az els\u0151 sz\u00e1raz t\u00e9telem is egyben D\u00e9vabor m\u00e1rk\u00e1m alatt. K\u00f3stolj bele \u00e9s \u00e9lvezd!<\/p>\n<p>&nbsp;<\/p>","protected":false},"featured_media":2337,"comment_status":"closed","ping_status":"closed","template":"","meta":{"_seopress_robots_primary_cat":"none","_seopress_titles_title":"D\u00e9vabor - \"Sz\u00e1raz \u00fcgy\" borcsomag","_seopress_titles_desc":"Sz\u00e1raz Furmint borom, amely spont\u00e1n erjedt ac\u00e9ltart\u00e1lyban, finom sepr\u0151n \u00e9rleltem 6 h\u00f3napig \u00e9s sz\u0171retlen.","_seopress_robots_index":"","_kad_post_transparent":"default","_kad_post_title":"","_kad_post_layout":"default","_kad_post_sidebar_id":"","_kad_post_content_style":"default","_kad_post_vertical_padding":"default","_kad_post_feature":"","_kad_post_feature_position":"","_kad_post_header":false,"_kad_post_footer":false,"_kad_post_classname":""},"product_brand":[],"product_cat":[78,17,58],"product_tag":[],"class_list":{"0":"post-2331","1":"product","2":"type-product","3":"status-publish","4":"has-post-thumbnail","6":"product_cat-ajandekotletek","7":"product_cat-devabor","8":"product_cat-termekek","10":"first","11":"instock","12":"purchasable","13":"product-type-simple","14":"entry","15":"content-bg","16":"loop-entry"},"jetpack_sharing_enabled":true,"_links":{"self":[{"href":"https:\/\/devabor.com\/en\/wp-json\/wp\/v2\/product\/2331","targetHints":{"allow":["GET"]}}],"collection":[{"href":"https:\/\/devabor.com\/en\/wp-json\/wp\/v2\/product"}],"about":[{"href":"https:\/\/devabor.com\/en\/wp-json\/wp\/v2\/types\/product"}],"replies":[{"embeddable":true,"href":"https:\/\/devabor.com\/en\/wp-json\/wp\/v2\/comments?post=2331"}],"version-history":[{"count":1,"href":"https:\/\/devabor.com\/en\/wp-json\/wp\/v2\/product\/2331\/revisions"}],"predecessor-version":[{"id":3030,"href":"https:\/\/devabor.com\/en\/wp-json\/wp\/v2\/product\/2331\/revisions\/3030"}],"wp:featuredmedia":[{"embeddable":true,"href":"https:\/\/devabor.com\/en\/wp-json\/wp\/v2\/media\/2337"}],"wp:attachment":[{"href":"https:\/\/devabor.com\/en\/wp-json\/wp\/v2\/media?parent=2331"}],"wp:term":[{"taxonomy":"product_brand","embeddable":true,"href":"https:\/\/devabor.com\/en\/wp-json\/wp\/v2\/product_brand?post=2331"},{"taxonomy":"product_cat","embeddable":true,"href":"https:\/\/devabor.com\/en\/wp-json\/wp\/v2\/product_cat?post=2331"},{"taxonomy":"product_tag","embeddable":true,"href":"https:\/\/devabor.com\/en\/wp-json\/wp\/v2\/product_tag?post=2331"}],"curies":[{"name":"wp","href":"https:\/\/api.w.org\/{rel}","templated":true}]}}