{"id":2434,"date":"2025-05-29T18:06:21","date_gmt":"2025-05-29T18:06:21","guid":{"rendered":"https:\/\/devabor.com\/?post_type=product&#038;p=2434"},"modified":"2025-11-19T16:46:00","modified_gmt":"2025-11-19T16:46:00","slug":"hars-furmint-harmonia","status":"publish","type":"product","link":"https:\/\/devabor.com\/en\/product\/hars-furmint-harmonia\/","title":{"rendered":"H\u00e1rs-Furmint harm\u00f3nia"},"content":{"rendered":"<p data-start=\"263\" data-end=\"314\">K\u00e9t tokaji klasszikus, egy harmonikus t\u00f6rt\u00e9net. A Furmint frissess\u00e9ge \u00e9s a H\u00e1rslevel\u0171 m\u00e9zes-bujas\u00e1ga t\u00f6k\u00e9letesen kieg\u00e9sz\u00edtik egym\u00e1st ebben a f\u00e9l\u00e9des h\u00e1zas\u00edt\u00e1sban. Korai sz\u00fcret, spont\u00e1n erjed\u00e9s, majd ac\u00e9ltart\u00e1lyos pihen\u00e9s ut\u00e1n sz\u00fcletett meg ez a bor, melyben a citrusos, reszelt alm\u00e1s jegyek mellett vir\u00e1gos, h\u00e1rsas arom\u00e1k is felsejlenek.<\/p>\n<p data-start=\"615\" data-end=\"746\">Illat\u00e1ban\u00a0feh\u00e9r vir\u00e1gok, k\u00f6rte \u00e9s m\u00e9zes alma.<br data-start=\"664\" data-end=\"667\" \/>\u00cdz\u00e9ben\u00a0l\u00e1gy \u00e9dess\u00e9g, gy\u00fcm\u00f6lcs\u00f6s l\u00fcktet\u00e9s \u00e9s egy eleg\u00e1nsan hossz\u00fa lecseng\u00e9s.<\/p>\n<p data-start=\"288\" data-end=\"578\">Aj\u00e1nlom:\u00a0f\u0171szeres \u00e1zsiai fog\u00e1sokhoz, piknikre a domboldalba, vagy csak akkor, amikor j\u00f3l esne valami k\u00f6nny\u0171, ami m\u00e9gis maradand\u00f3 \u00e9lm\u00e9nyt ad.<\/p>\n<p data-start=\"288\" data-end=\"578\">Mit tartalmaz a csomag? 6 palack f\u00e9l\u00e9des Cuv\u00e9e-t!<\/p>\n<p data-start=\"580\" data-end=\"748\">Analitikai adatok:<\/p>\n<ul>\n<li data-start=\"580\" data-end=\"748\">Alkohol: 13, 5 % vol<\/li>\n<li data-start=\"580\" data-end=\"748\">Sav: 5, 7 g\/l<\/li>\n<li data-start=\"580\" data-end=\"748\">Marad\u00e9kcukor: 24, 8 g\/l<\/li>\n<\/ul>","protected":false},"excerpt":{"rendered":"<p data-start=\"263\" data-end=\"314\">K\u00e9t tokaji klasszikus, egy harmonikus t\u00f6rt\u00e9net.\u00a0A Furmint frissess\u00e9ge \u00e9s a H\u00e1rslevel\u0171 m\u00e9zes-bujas\u00e1ga t\u00f6k\u00e9letesen kieg\u00e9sz\u00edtik egym\u00e1st ebben a f\u00e9l\u00e9des h\u00e1zas\u00edt\u00e1sban.<\/p>\n<p data-start=\"615\" data-end=\"746\">Illat\u00e1ban\u00a0feh\u00e9r vir\u00e1gok, k\u00f6rte \u00e9s m\u00e9zes alma.<br data-start=\"664\" data-end=\"667\" \/>\u00cdz\u00e9ben\u00a0l\u00e1gy \u00e9dess\u00e9g, gy\u00fcm\u00f6lcs\u00f6s l\u00fcktet\u00e9s \u00e9s egy eleg\u00e1nsan hossz\u00fa lecseng\u00e9s.<\/p>","protected":false},"featured_media":2423,"comment_status":"closed","ping_status":"closed","template":"","meta":{"_seopress_robots_primary_cat":"none","_seopress_titles_title":"D\u00e9vabor - H\u00e1rs-Furmint harm\u00f3nia","_seopress_titles_desc":"K\u00e9t tokaji klasszikus, egy harmonikus t\u00f6rt\u00e9net. A Furmint frissess\u00e9ge \u00e9s a H\u00e1rslevel\u0171 m\u00e9zes-bujas\u00e1ga t\u00f6k\u00e9letesen kieg\u00e9sz\u00edtik egym\u00e1st ebben a f\u00e9l\u00e9des h\u00e1zas\u00edt\u00e1sban.","_seopress_robots_index":"","_kad_post_transparent":"default","_kad_post_title":"","_kad_post_layout":"default","_kad_post_sidebar_id":"","_kad_post_content_style":"default","_kad_post_vertical_padding":"default","_kad_post_feature":"","_kad_post_feature_position":"","_kad_post_header":false,"_kad_post_footer":false,"_kad_post_classname":""},"product_brand":[],"product_cat":[78,17,58],"product_tag":[],"class_list":{"0":"post-2434","1":"product","2":"type-product","3":"status-publish","4":"has-post-thumbnail","6":"product_cat-ajandekotletek","7":"product_cat-devabor","8":"product_cat-termekek","10":"first","11":"instock","12":"purchasable","13":"product-type-simple","14":"entry","15":"content-bg","16":"loop-entry"},"jetpack_sharing_enabled":true,"_links":{"self":[{"href":"https:\/\/devabor.com\/en\/wp-json\/wp\/v2\/product\/2434","targetHints":{"allow":["GET"]}}],"collection":[{"href":"https:\/\/devabor.com\/en\/wp-json\/wp\/v2\/product"}],"about":[{"href":"https:\/\/devabor.com\/en\/wp-json\/wp\/v2\/types\/product"}],"replies":[{"embeddable":true,"href":"https:\/\/devabor.com\/en\/wp-json\/wp\/v2\/comments?post=2434"}],"version-history":[{"count":2,"href":"https:\/\/devabor.com\/en\/wp-json\/wp\/v2\/product\/2434\/revisions"}],"predecessor-version":[{"id":3029,"href":"https:\/\/devabor.com\/en\/wp-json\/wp\/v2\/product\/2434\/revisions\/3029"}],"wp:featuredmedia":[{"embeddable":true,"href":"https:\/\/devabor.com\/en\/wp-json\/wp\/v2\/media\/2423"}],"wp:attachment":[{"href":"https:\/\/devabor.com\/en\/wp-json\/wp\/v2\/media?parent=2434"}],"wp:term":[{"taxonomy":"product_brand","embeddable":true,"href":"https:\/\/devabor.com\/en\/wp-json\/wp\/v2\/product_brand?post=2434"},{"taxonomy":"product_cat","embeddable":true,"href":"https:\/\/devabor.com\/en\/wp-json\/wp\/v2\/product_cat?post=2434"},{"taxonomy":"product_tag","embeddable":true,"href":"https:\/\/devabor.com\/en\/wp-json\/wp\/v2\/product_tag?post=2434"}],"curies":[{"name":"wp","href":"https:\/\/api.w.org\/{rel}","templated":true}]}}