{"id":2439,"date":"2025-05-29T18:17:02","date_gmt":"2025-05-29T18:17:02","guid":{"rendered":"https:\/\/devabor.com\/?post_type=product&#038;p=2439"},"modified":"2026-04-19T10:21:20","modified_gmt":"2026-04-19T10:21:20","slug":"edes-kis-semmiseg","status":"publish","type":"product","link":"https:\/\/devabor.com\/en\/product\/edes-kis-semmiseg\/","title":{"rendered":"D\u00e9vabor \u2013 \u00c9des kis semmis\u00e9g"},"content":{"rendered":"<p data-start=\"271\" data-end=\"335\">Aranyl\u00f3 m\u00e9lys\u00e9g \u2013 a sz\u00fcret t\u00fcrelm\u00e9vel. Szeptember v\u00e9g\u00e9n, amikor a nap m\u00e9g meleget ad, sz\u00fcletett meg ez a k\u00e9s\u0151i sz\u00fcretel\u00e9s\u0171 Furmint. Tart\u00e1lyban, spont\u00e1n erjedt, majd 7 h\u00f3napon \u00e1t pihent t\u00f6lgyfahord\u00f3ban, hogy kibontakozhasson.<br data-start=\"555\" data-end=\"558\" \/>A v\u00e9geredm\u00e9ny: egy igaz\u00e1n kr\u00e9mes, m\u00e9zes, di\u00f3s t\u00f3nus\u00fa bor, ami nemcsak k\u00eds\u00e9r, hanem lelass\u00edt.<\/p>\n<p data-start=\"656\" data-end=\"797\">Illat\u00e1ban m\u00e9hviasz, aszalt s\u00e1rgabarack, \u00e9des f\u0171szerek.<br data-start=\"714\" data-end=\"717\" \/>\u00cdz\u00e9ben telt \u00e9s selymes, hossz\u00fa lecseng\u00e9ssel \u2013 egy bor, ami desszert maga is.<\/p>\n<p data-start=\"656\" data-end=\"797\">Aj\u00e1nlom: \u00e9rett sajtokhoz, k\u00f6rt\u00e9s tarte tatin mell\u00e9, vagy csak egy k\u00fcl\u00f6nleges pillanathoz, amikor az id\u0151 meg\u00e1llhat.<\/p>\n<p data-start=\"799\" data-end=\"918\">Analitikai adatok:<\/p>\n<p data-start=\"799\" data-end=\"918\">Alkohol: 13 % vol<\/p>\n<p data-start=\"799\" data-end=\"918\">Sav: 5,68 g\/l<\/p>","protected":false},"excerpt":{"rendered":"<p data-start=\"271\" data-end=\"335\"><strong data-start=\"271\" data-end=\"335\">Aranyl\u00f3 m\u00e9lys\u00e9g \u2013 a sz\u00fcret t\u00fcrelm\u00e9vel\u00a0<\/strong><\/p>\n<p data-start=\"337\" data-end=\"654\"><strong data-start=\"656\" data-end=\"669\">Illat\u00e1ban<\/strong>\u00a0m\u00e9hviasz, aszalt s\u00e1rgabarack, \u00e9des f\u0171szerek.<br data-start=\"714\" data-end=\"717\" \/><strong data-start=\"717\" data-end=\"727\">\u00cdz\u00e9ben<\/strong>\u00a0telt \u00e9s selymes, hossz\u00fa lecseng\u00e9ssel \u2013 egy bor, ami desszert maga is<\/p>","protected":false},"featured_media":2424,"comment_status":"closed","ping_status":"closed","template":"","meta":{"_seopress_robots_primary_cat":"none","_seopress_titles_title":"D\u00e9vabor \u2013 \u00c9des kis semmis\u00e9g","_seopress_titles_desc":"Aranyl\u00f3 m\u00e9lys\u00e9g \u2013 a sz\u00fcret t\u00fcrelm\u00e9vel. Szeptember v\u00e9g\u00e9n, amikor a nap m\u00e9g meleget ad, sz\u00fcletett meg ez a k\u00e9s\u0151i sz\u00fcretel\u00e9s\u0171 Furmint. Tart\u00e1lyban, spont\u00e1n erjedt, majd 7 h\u00f3napon \u00e1t pihent t\u00f6lgyfahord\u00f3ban, hogy kibontakozhasson.","_seopress_robots_index":"","_kad_post_transparent":"default","_kad_post_title":"","_kad_post_layout":"default","_kad_post_sidebar_id":"","_kad_post_content_style":"default","_kad_post_vertical_padding":"default","_kad_post_feature":"","_kad_post_feature_position":"","_kad_post_header":false,"_kad_post_footer":false,"_kad_post_classname":""},"product_brand":[],"product_cat":[78,17,58],"product_tag":[],"class_list":{"0":"post-2439","1":"product","2":"type-product","3":"status-publish","4":"has-post-thumbnail","6":"product_cat-ajandekotletek","7":"product_cat-devabor","8":"product_cat-termekek","10":"first","11":"instock","12":"sale","13":"purchasable","14":"product-type-simple","15":"entry","16":"content-bg","17":"loop-entry"},"jetpack_sharing_enabled":true,"_links":{"self":[{"href":"https:\/\/devabor.com\/en\/wp-json\/wp\/v2\/product\/2439","targetHints":{"allow":["GET"]}}],"collection":[{"href":"https:\/\/devabor.com\/en\/wp-json\/wp\/v2\/product"}],"about":[{"href":"https:\/\/devabor.com\/en\/wp-json\/wp\/v2\/types\/product"}],"replies":[{"embeddable":true,"href":"https:\/\/devabor.com\/en\/wp-json\/wp\/v2\/comments?post=2439"}],"version-history":[{"count":2,"href":"https:\/\/devabor.com\/en\/wp-json\/wp\/v2\/product\/2439\/revisions"}],"predecessor-version":[{"id":3264,"href":"https:\/\/devabor.com\/en\/wp-json\/wp\/v2\/product\/2439\/revisions\/3264"}],"wp:featuredmedia":[{"embeddable":true,"href":"https:\/\/devabor.com\/en\/wp-json\/wp\/v2\/media\/2424"}],"wp:attachment":[{"href":"https:\/\/devabor.com\/en\/wp-json\/wp\/v2\/media?parent=2439"}],"wp:term":[{"taxonomy":"product_brand","embeddable":true,"href":"https:\/\/devabor.com\/en\/wp-json\/wp\/v2\/product_brand?post=2439"},{"taxonomy":"product_cat","embeddable":true,"href":"https:\/\/devabor.com\/en\/wp-json\/wp\/v2\/product_cat?post=2439"},{"taxonomy":"product_tag","embeddable":true,"href":"https:\/\/devabor.com\/en\/wp-json\/wp\/v2\/product_tag?post=2439"}],"curies":[{"name":"wp","href":"https:\/\/api.w.org\/{rel}","templated":true}]}}