{"id":2602,"date":"2025-06-09T17:03:50","date_gmt":"2025-06-09T17:03:50","guid":{"rendered":"https:\/\/devabor.com\/?post_type=product&#038;p=2602"},"modified":"2026-03-24T11:07:35","modified_gmt":"2026-03-24T11:07:35","slug":"nice-to-meet-you","status":"publish","type":"product","link":"https:\/\/devabor.com\/en\/product\/nice-to-meet-you\/","title":{"rendered":"Nice to meet you"},"content":{"rendered":"<p data-start=\"181\" data-end=\"243\">Fedezd fel a <strong data-start=\"258\" data-end=\"269\">Devawine<\/strong> vil\u00e1g\u00e1t egy k\u00fcl\u00f6nleges, 6 palackb\u00f3l \u00e1ll\u00f3 borsomaggal, amelyhez egy <strong data-start=\"337\" data-end=\"376\">szem\u00e9lyre szabott online bork\u00f3stol\u00f3<\/strong> is t\u00e1rsul \u2013 csak neked, csak veled.<\/p>\n<p data-start=\"671\" data-end=\"852\"><strong data-start=\"671\" data-end=\"725\">D\u00e9vabor \u2013 <\/strong>ahol a korty nem csak bor, hanem \u00e9lm\u00e9ny.<br data-start=\"725\" data-end=\"728\" \/>T\u00f6k\u00e9letes aj\u00e1nd\u00e9k, vagy \u00e9pp saj\u00e1t k\u00e9nyeztet\u00e9s egy f\u00e1radt h\u00e9t ut\u00e1n.<br data-start=\"794\" data-end=\"797\" \/>K\u00f3stolj bele \u2013 \u00e9s engedd, hogy a bor <em data-start=\"834\" data-end=\"851\">D\u00e9vasz\u00e1rnyaljon<\/em>!<\/p>","protected":false},"excerpt":{"rendered":"<p data-start=\"426\" data-end=\"530\">Ez nem csak egy borszett.<br data-start=\"340\" data-end=\"343\" \/>Ez egy szem\u00e9lyre szabott utaz\u00e1s a bor vil\u00e1g\u00e1ba \u2013<strong data-start=\"392\" data-end=\"446\">\u00a0palackkal a kezedben, tud\u00e1ssal a poharadban.<\/strong><\/p>\n<h6 data-start=\"448\" data-end=\"470\"><strong data-start=\"448\" data-end=\"470\">Mit rejt a csomag?<\/strong><\/h6>\n<p><strong data-start=\"475\" data-end=\"495\">3 fajta borst\u00edlus<\/strong>\u00a0a D\u00e9vabor v\u00e1logat\u00e1sb\u00f3l \u2013 st\u00edlus, t\u00f6rt\u00e9net \u00e9s terroir minden kortyban<br data-start=\"564\" data-end=\"567\" \/><strong data-start=\"570\" data-end=\"609\">Szem\u00e9lyre szabott online bork\u00f3stol\u00f3t<\/strong>, ahol:<\/p>\n<ul>\n<li>K\u00f3stol\u00f3napl\u00f3, hogy ne csak \u00e9rezd, de meg is jegyezd, amit szeretsz<\/li>\n<li>R\u00f6vid borbemutat\u00f3k seg\u00edtenek m\u00e9lyebben meg\u00e9rteni, mit k\u00f3stolsz, bele\u00e9rtve p\u00e1r szakmai titkot is<\/li>\n<li>Praktikus tippek, ahol bevezetlek a bork\u00f3stol\u00e1s vil\u00e1g\u00e1ba<\/li>\n<\/ul>\n<p data-start=\"807\" data-end=\"944\">Ez a k\u00f3stol\u00f3 <strong data-start=\"820\" data-end=\"867\">nem szab\u00e1lyokr\u00f3l sz\u00f3l, hanem felfedez\u00e9sr\u0151l.<\/strong><br data-start=\"867\" data-end=\"870\" \/>Nem tan\u00f3ra \u2013 hanem egy izgalmas bor\u00e9lm\u00e9ny, ami tan\u00edt is, mik\u00f6zben \u00e9lvezed.<\/p>\n<p>-&gt; Szeretn\u00e9d aj\u00e1nd\u00e9kba adni?, akkor \u00edrj nekem priv\u00e1tban! info@devabor.com<\/p>","protected":false},"featured_media":2741,"comment_status":"closed","ping_status":"closed","template":"","meta":{"_seopress_robots_primary_cat":"none","_seopress_titles_title":"","_seopress_titles_desc":"Fedezd fel a D\u00e9vabor vil\u00e1g\u00e1t egy k\u00fcl\u00f6nleges, 6 palackb\u00f3l \u00e1ll\u00f3 borsomaggal, amelyhez egy szem\u00e9lyre szabott online bork\u00f3stol\u00f3 is t\u00e1rsul \u2013 csak neked, csak veled.","_seopress_robots_index":"","_kad_post_transparent":"default","_kad_post_title":"","_kad_post_layout":"default","_kad_post_sidebar_id":"","_kad_post_content_style":"default","_kad_post_vertical_padding":"default","_kad_post_feature":"","_kad_post_feature_position":"","_kad_post_header":false,"_kad_post_footer":false,"_kad_post_classname":""},"product_brand":[],"product_cat":[78,17,58],"product_tag":[],"class_list":{"0":"post-2602","1":"product","2":"type-product","3":"status-publish","4":"has-post-thumbnail","6":"product_cat-ajandekotletek","7":"product_cat-devabor","8":"product_cat-termekek","10":"first","11":"instock","12":"sale","13":"purchasable","14":"product-type-simple","15":"entry","16":"content-bg","17":"loop-entry"},"jetpack_sharing_enabled":true,"_links":{"self":[{"href":"https:\/\/devabor.com\/en\/wp-json\/wp\/v2\/product\/2602","targetHints":{"allow":["GET"]}}],"collection":[{"href":"https:\/\/devabor.com\/en\/wp-json\/wp\/v2\/product"}],"about":[{"href":"https:\/\/devabor.com\/en\/wp-json\/wp\/v2\/types\/product"}],"replies":[{"embeddable":true,"href":"https:\/\/devabor.com\/en\/wp-json\/wp\/v2\/comments?post=2602"}],"version-history":[{"count":2,"href":"https:\/\/devabor.com\/en\/wp-json\/wp\/v2\/product\/2602\/revisions"}],"predecessor-version":[{"id":3027,"href":"https:\/\/devabor.com\/en\/wp-json\/wp\/v2\/product\/2602\/revisions\/3027"}],"wp:featuredmedia":[{"embeddable":true,"href":"https:\/\/devabor.com\/en\/wp-json\/wp\/v2\/media\/2741"}],"wp:attachment":[{"href":"https:\/\/devabor.com\/en\/wp-json\/wp\/v2\/media?parent=2602"}],"wp:term":[{"taxonomy":"product_brand","embeddable":true,"href":"https:\/\/devabor.com\/en\/wp-json\/wp\/v2\/product_brand?post=2602"},{"taxonomy":"product_cat","embeddable":true,"href":"https:\/\/devabor.com\/en\/wp-json\/wp\/v2\/product_cat?post=2602"},{"taxonomy":"product_tag","embeddable":true,"href":"https:\/\/devabor.com\/en\/wp-json\/wp\/v2\/product_tag?post=2602"}],"curies":[{"name":"wp","href":"https:\/\/api.w.org\/{rel}","templated":true}]}}