{"id":2742,"date":"2025-09-26T13:33:54","date_gmt":"2025-09-26T13:33:54","guid":{"rendered":"https:\/\/devabor.com\/?post_type=product&#038;p=2742"},"modified":"2026-03-25T07:20:27","modified_gmt":"2026-03-25T07:20:27","slug":"ez-must-have-100-szolomust-alkoholmentes","status":"publish","type":"product","link":"https:\/\/devabor.com\/en\/product\/ez-must-have-100-szolomust-alkoholmentes\/","title":{"rendered":"Ez &#8222;MUST HAVE&#8221; &#8211; 100% Sz\u0151l\u0151must (alkoholmentes)"},"content":{"rendered":"<div>\n<div>\n<div>\n<p>100% sz\u0151l\u0151must, melynek alapanyag\u00e1t a r\u00e1tkai Herczeg d\u0171l\u0151b\u0151l szedt\u00fck. Passzt\u0151r\u00f6z\u00e9ssel k\u00e9sz\u00fclt, term\u00e9szetes \u00e9s alkoholmentes friss\u00edt\u0151 ital.<\/p>\n<p>Kit\u0171n\u0151 v\u00e1laszt\u00e1s fr\u00f6ccsnek is!<\/p>\n<\/div>\n<\/div>\n<\/div>","protected":false},"excerpt":{"rendered":"<p>100% sz\u0151l\u0151must, melynek alapanyag\u00e1t a r\u00e1tkai Herczeg d\u0171l\u0151b\u0151l szedt\u00fck. Passzt\u0151r\u00f6z\u00e9ssel k\u00e9sz\u00fclt, term\u00e9szetes \u00e9s alkoholmentes friss\u00edt\u0151 ital. Kit\u0171n\u0151 v\u00e1laszt\u00e1s fr\u00f6ccsnek is!<\/p>","protected":false},"featured_media":2747,"comment_status":"closed","ping_status":"closed","template":"","meta":{"_seopress_robots_primary_cat":"none","_seopress_titles_title":"Ez \"MUST HAVE\" - 100% Sz\u0151l\u0151must (alkoholmentes)","_seopress_titles_desc":"100% sz\u0151l\u0151must, melynek alapanyag\u00e1t a r\u00e1tkai Herczeg d\u0171l\u0151b\u0151l szedt\u00fck. Passzt\u0151r\u00f6z\u00e9ssel k\u00e9sz\u00fclt, term\u00e9szetes \u00e9s alkoholmentes friss\u00edt\u0151 ital.\r\n\r\nKit\u0171n\u0151 v\u00e1laszt\u00e1s fr\u00f6ccsnek is!","_seopress_robots_index":"","_kad_post_transparent":"default","_kad_post_title":"","_kad_post_layout":"default","_kad_post_sidebar_id":"","_kad_post_content_style":"default","_kad_post_vertical_padding":"default","_kad_post_feature":"","_kad_post_feature_position":"","_kad_post_header":false,"_kad_post_footer":false,"_kad_post_classname":""},"product_brand":[],"product_cat":[78,130,17,58],"product_tag":[],"class_list":{"0":"post-2742","1":"product","2":"type-product","3":"status-publish","4":"has-post-thumbnail","6":"product_cat-ajandekotletek","7":"product_cat-alkoholmentes","8":"product_cat-devabor","9":"product_cat-termekek","11":"first","12":"instock","13":"sale","14":"taxable","15":"shipping-taxable","16":"purchasable","17":"product-type-simple","18":"entry","19":"content-bg","20":"loop-entry"},"jetpack_sharing_enabled":true,"_links":{"self":[{"href":"https:\/\/devabor.com\/en\/wp-json\/wp\/v2\/product\/2742","targetHints":{"allow":["GET"]}}],"collection":[{"href":"https:\/\/devabor.com\/en\/wp-json\/wp\/v2\/product"}],"about":[{"href":"https:\/\/devabor.com\/en\/wp-json\/wp\/v2\/types\/product"}],"replies":[{"embeddable":true,"href":"https:\/\/devabor.com\/en\/wp-json\/wp\/v2\/comments?post=2742"}],"version-history":[{"count":1,"href":"https:\/\/devabor.com\/en\/wp-json\/wp\/v2\/product\/2742\/revisions"}],"predecessor-version":[{"id":3224,"href":"https:\/\/devabor.com\/en\/wp-json\/wp\/v2\/product\/2742\/revisions\/3224"}],"wp:featuredmedia":[{"embeddable":true,"href":"https:\/\/devabor.com\/en\/wp-json\/wp\/v2\/media\/2747"}],"wp:attachment":[{"href":"https:\/\/devabor.com\/en\/wp-json\/wp\/v2\/media?parent=2742"}],"wp:term":[{"taxonomy":"product_brand","embeddable":true,"href":"https:\/\/devabor.com\/en\/wp-json\/wp\/v2\/product_brand?post=2742"},{"taxonomy":"product_cat","embeddable":true,"href":"https:\/\/devabor.com\/en\/wp-json\/wp\/v2\/product_cat?post=2742"},{"taxonomy":"product_tag","embeddable":true,"href":"https:\/\/devabor.com\/en\/wp-json\/wp\/v2\/product_tag?post=2742"}],"curies":[{"name":"wp","href":"https:\/\/api.w.org\/{rel}","templated":true}]}}