{"id":3225,"date":"2026-03-20T15:32:03","date_gmt":"2026-03-20T15:32:03","guid":{"rendered":"https:\/\/devabor.com\/?post_type=product&#038;p=3225"},"modified":"2026-04-07T16:12:04","modified_gmt":"2026-04-07T16:12:04","slug":"elso-talalkozas-a-devaborral","status":"publish","type":"product","link":"https:\/\/devabor.com\/en\/product\/elso-talalkozas-a-devaborral\/","title":{"rendered":"Els\u0151 tal\u00e1lkoz\u00e1s a D\u00e9vaborral"},"content":{"rendered":"<p data-start=\"1756\" data-end=\"1817\">M\u00e9g nem ismerj\u00fck egym\u00e1st, de szerintem \u00e9pp itt az ideje. Ha most tal\u00e1lkozol el\u0151sz\u00f6r a D\u00e9vaborral, ezt a csomagot neked \u00e1ll\u00edtottam \u00f6ssze: egy v\u00e1logat\u00e1st, amiben h\u00e1rom k\u00fcl\u00f6nb\u00f6z\u0151 arc\u00e1t ismerheted meg a boraimnak a sz\u00e1razt\u00f3l az \u00e9desig.<\/p>\n<p data-start=\"2003\" data-end=\"2061\">Ez nem csak egy borcsomag. <strong data-start=\"2032\" data-end=\"2061\">Ez az els\u0151 tal\u00e1lkoz\u00e1sunk.<\/strong><\/p>\n<h2 data-section-id=\"w4sfej\" data-start=\"2063\" data-end=\"2085\">A csomag tartalma:<\/h2>\n<ul data-start=\"2086\" data-end=\"2302\">\n<li data-section-id=\"s0mf8w\" data-start=\"2086\" data-end=\"2115\"><strong data-start=\"2088\" data-end=\"2115\">2 palack sz\u00e1raz Furmint<\/strong><\/li>\n<li data-section-id=\"1buw6do\" data-start=\"2116\" data-end=\"2165\"><strong data-start=\"2118\" data-end=\"2165\">2 palack f\u00e9l\u00e9des Furmint &amp; H\u00e1rslevel\u0171 Cuv\u00e9e<\/strong><\/li>\n<li data-section-id=\"19jbz62\" data-start=\"2166\" data-end=\"2193\"><strong data-start=\"2168\" data-end=\"2193\">2 palack \u00e9des Furmint<\/strong><\/li>\n<li data-section-id=\"17v98pm\" data-start=\"2194\" data-end=\"2228\"><strong data-start=\"2196\" data-end=\"2228\">saj\u00e1t tervez\u00e9s\u0171 k\u00f3stol\u00f3f\u00fczet<\/strong><\/li>\n<li data-section-id=\"ol4k1f\" data-start=\"2229\" data-end=\"2302\"><strong>+ vezetett bork\u00f3stol\u00f3, hogy igaz\u00e1n meg\u00e9rtsd, mit \u00e9s hogyan k\u00f3stolsz<\/strong><\/li>\n<li data-section-id=\"ol4k1f\" data-start=\"2229\" data-end=\"2302\">+ ingyenes sz\u00e1ll\u00edt\u00e1s<\/li>\n<\/ul>\n<p data-start=\"2304\" data-end=\"2338\">&#x2728; <strong data-start=\"2306\" data-end=\"2338\">Korl\u00e1tozott sz\u00e1mban el\u00e9rhet\u0151<\/strong><\/p>","protected":false},"excerpt":{"rendered":"<h2 data-section-id=\"x5nkzs\" data-start=\"2793\" data-end=\"2822\">kinek val\u00f3 a csomagom?<\/h2>\n<ul data-start=\"2834\" data-end=\"3139\">\n<li data-section-id=\"pjg0ql\" data-start=\"2834\" data-end=\"2947\">Neked sz\u00f3l, ha most ismerkedsz a boraimmal, \u00e9s szeretn\u00e9d az eg\u00e9sz D\u00e9vabor vil\u00e1g\u00e1t egy csomagban felfedezni.<\/li>\n<li data-section-id=\"59axh7\" data-start=\"2948\" data-end=\"3043\">Akkor v\u00e1laszd, ha nem tudod, melyik borommal kezdj, de szeretn\u00e9l biztos k\u00e9zzel elindulni.<\/li>\n<li data-section-id=\"a54llq\" data-start=\"3044\" data-end=\"3139\">T\u00f6k\u00e9letes els\u0151 v\u00e1laszt\u00e1s, ha aj\u00e1nd\u00e9kba adn\u00e1d, vagy egy otthoni mini bork\u00f3stol\u00f3t tartan\u00e1l.<\/li>\n<\/ul>","protected":false},"featured_media":3279,"comment_status":"closed","ping_status":"closed","template":"","meta":{"_seopress_robots_primary_cat":"none","_seopress_titles_title":"Els\u0151 tal\u00e1lkoz\u00e1s a D\u00e9vaborral","_seopress_titles_desc":"M\u00e9g nem ismerj\u00fck egym\u00e1st, de szerintem \u00e9pp itt az ideje. Ha most tal\u00e1lkozol el\u0151sz\u00f6r a D\u00e9vaborral, ezt a csomagot neked \u00e1ll\u00edtottam \u00f6ssze: egy v\u00e1logat\u00e1st, amiben h\u00e1rom k\u00fcl\u00f6nb\u00f6z\u0151 arc\u00e1t ismerheted meg a boraimnak a sz\u00e1razt\u00f3l az \u00e9desig.","_seopress_robots_index":"","_kad_post_transparent":"default","_kad_post_title":"","_kad_post_layout":"default","_kad_post_sidebar_id":"","_kad_post_content_style":"default","_kad_post_vertical_padding":"default","_kad_post_feature":"","_kad_post_feature_position":"","_kad_post_header":false,"_kad_post_footer":false,"_kad_post_classname":""},"product_brand":[],"product_cat":[78,58],"product_tag":[142,141,143],"class_list":{"0":"post-3225","1":"product","2":"type-product","3":"status-publish","4":"has-post-thumbnail","6":"product_cat-ajandekotletek","7":"product_cat-termekek","8":"product_tag-elmenycsomag","9":"product_tag-husvet","10":"product_tag-husveti-csoamg","12":"first","13":"instock","14":"sale","15":"purchasable","16":"product-type-simple","17":"entry","18":"content-bg","19":"loop-entry"},"jetpack_sharing_enabled":true,"_links":{"self":[{"href":"https:\/\/devabor.com\/en\/wp-json\/wp\/v2\/product\/3225","targetHints":{"allow":["GET"]}}],"collection":[{"href":"https:\/\/devabor.com\/en\/wp-json\/wp\/v2\/product"}],"about":[{"href":"https:\/\/devabor.com\/en\/wp-json\/wp\/v2\/types\/product"}],"replies":[{"embeddable":true,"href":"https:\/\/devabor.com\/en\/wp-json\/wp\/v2\/comments?post=3225"}],"version-history":[{"count":7,"href":"https:\/\/devabor.com\/en\/wp-json\/wp\/v2\/product\/3225\/revisions"}],"predecessor-version":[{"id":3301,"href":"https:\/\/devabor.com\/en\/wp-json\/wp\/v2\/product\/3225\/revisions\/3301"}],"wp:featuredmedia":[{"embeddable":true,"href":"https:\/\/devabor.com\/en\/wp-json\/wp\/v2\/media\/3279"}],"wp:attachment":[{"href":"https:\/\/devabor.com\/en\/wp-json\/wp\/v2\/media?parent=3225"}],"wp:term":[{"taxonomy":"product_brand","embeddable":true,"href":"https:\/\/devabor.com\/en\/wp-json\/wp\/v2\/product_brand?post=3225"},{"taxonomy":"product_cat","embeddable":true,"href":"https:\/\/devabor.com\/en\/wp-json\/wp\/v2\/product_cat?post=3225"},{"taxonomy":"product_tag","embeddable":true,"href":"https:\/\/devabor.com\/en\/wp-json\/wp\/v2\/product_tag?post=3225"}],"curies":[{"name":"wp","href":"https:\/\/api.w.org\/{rel}","templated":true}]}}