{"id":3247,"date":"2026-03-25T07:22:21","date_gmt":"2026-03-25T07:22:21","guid":{"rendered":"https:\/\/devabor.com\/?post_type=product&#038;p=3247"},"modified":"2026-03-25T07:24:19","modified_gmt":"2026-03-25T07:24:19","slug":"deva-borpiknik-elmeny-a-szolohegyen-egy-palacknyi-varazslattal","status":"publish","type":"product","link":"https:\/\/devabor.com\/en\/product\/deva-borpiknik-elmeny-a-szolohegyen-egy-palacknyi-varazslattal\/","title":{"rendered":"D\u00e9va Borpiknik \u2013 \u00c9lm\u00e9ny a sz\u0151l\u0151hegyen, egy palacknyi var\u00e1zslattal"},"content":{"rendered":"<p>Van egy hely, ahol a bor val\u00f3ban otthon van \u00e9s most megh\u00edvlak, erre az egyed\u00fcl\u00e1ll\u00f3 \u00e9lm\u00e9nyre. K\u00e9pzeld csak el, ahogy s\u00e9t\u00e1lsz a sz\u0151l\u0151sorok k\u00f6z\u00f6tt, \u00a0poharadban pedig a saj\u00e1t boraimb\u00f3l kortyolgatsz egyenesen ott, ahol a sz\u0151l\u0151im teremnek \u00e9s amib\u0151l saj\u00e1t boraimat is k\u00e9sz\u00edtem.<\/p>\n<p>Sz\u0151l\u00e9sz \u00e9s bor\u00e1szk\u00e9nt, \u00e9n kalauzollak v\u00e9gig a d\u0171l\u0151k k\u00f6z\u00f6tt, ahol nemcsak a borokkal, hanem a sz\u0151l\u0151m\u0171vel\u00e9s \u00e9s bork\u00e9sz\u00edt\u00e9s titkaival is megismerkedhetsz. Megtudhatod, mit\u0151l k\u00fcl\u00f6nlegesek ezek a borok, milyen hat\u00e1ssal van a terroir az \u00edzekre, \u00e9s milyen kih\u00edv\u00e1sokkal j\u00e1r a fenntarthat\u00f3 bor\u00e1szat. A\u00a0D\u00e9va Borpiknik\u00a0nem\u00a0csup\u00e1n egy k\u00f3stol\u00f3, hanem egy hangulatos kir\u00e1ndul\u00e1s a sz\u0151l\u0151hegyre, ahol a term\u00e9szet, a bor, tud\u00e1s \u00e9s a gasztron\u00f3mia t\u00f6k\u00e9letes harm\u00f3ni\u00e1t alkot.<\/p>\n<p data-start=\"479\" data-end=\"746\">A piknik exkluz\u00edv ter\u00edt\u00e9kkel \u00e9s fenntarthat\u00f3 kieg\u00e9sz\u00edt\u0151kkel v\u00e1lik igaz\u00e1n k\u00fcl\u00f6nlegess\u00e9, mert hiszek az eleganci\u00e1ban, a min\u0151s\u00e9gben \u00e9s a term\u00e9szetess\u00e9gben.<\/p>\n<p data-start=\"479\" data-end=\"746\">\u00c1r: 20.000 Ft\/ 2 f\u0151<\/p>\n<p><a href=\"https:\/\/devabor.simplybook.it\/v2\/\">https:\/\/devabor.simplybook.it\/v2\/<\/a><\/p>","protected":false},"excerpt":{"rendered":"<p>Van egy hely, ahol a bor val\u00f3ban otthon van \u00e9s most megh\u00edvlak, erre az egyed\u00fcl\u00e1ll\u00f3 \u00e9lm\u00e9nyre. K\u00e9pzeld csak el, ahogy s\u00e9t\u00e1lsz a sz\u0151l\u0151sorok k\u00f6z\u00f6tt, \u00a0poharadban pedig a saj\u00e1t boraimb\u00f3l kortyolgatsz egyenesen ott, ahol a sz\u0151l\u0151im teremnek \u00e9s amib\u0151l saj\u00e1t boraimat is k\u00e9sz\u00edtem. Sz\u0151l\u00e9sz \u00e9s bor\u00e1szk\u00e9nt, \u00e9n kalauzollak v\u00e9gig a d\u0171l\u0151k k\u00f6z\u00f6tt, ahol nemcsak a borokkal,&#8230;<\/p>","protected":false},"featured_media":0,"comment_status":"closed","ping_status":"closed","template":"","meta":{"_seopress_robots_primary_cat":"none","_seopress_titles_title":"","_seopress_titles_desc":"","_seopress_robots_index":"","_kad_post_transparent":"default","_kad_post_title":"","_kad_post_layout":"default","_kad_post_sidebar_id":"","_kad_post_content_style":"default","_kad_post_vertical_padding":"default","_kad_post_feature":"","_kad_post_feature_position":"","_kad_post_header":false,"_kad_post_footer":false,"_kad_post_classname":""},"product_brand":[],"product_cat":[17,58],"product_tag":[],"class_list":{"0":"post-3247","1":"product","2":"type-product","3":"status-publish","5":"product_cat-devabor","6":"product_cat-termekek","8":"first","9":"instock","10":"taxable","11":"shipping-taxable","12":"purchasable","13":"product-type-simple","14":"entry","15":"content-bg","16":"loop-entry"},"jetpack_sharing_enabled":true,"_links":{"self":[{"href":"https:\/\/devabor.com\/en\/wp-json\/wp\/v2\/product\/3247","targetHints":{"allow":["GET"]}}],"collection":[{"href":"https:\/\/devabor.com\/en\/wp-json\/wp\/v2\/product"}],"about":[{"href":"https:\/\/devabor.com\/en\/wp-json\/wp\/v2\/types\/product"}],"replies":[{"embeddable":true,"href":"https:\/\/devabor.com\/en\/wp-json\/wp\/v2\/comments?post=3247"}],"version-history":[{"count":3,"href":"https:\/\/devabor.com\/en\/wp-json\/wp\/v2\/product\/3247\/revisions"}],"predecessor-version":[{"id":3266,"href":"https:\/\/devabor.com\/en\/wp-json\/wp\/v2\/product\/3247\/revisions\/3266"}],"wp:attachment":[{"href":"https:\/\/devabor.com\/en\/wp-json\/wp\/v2\/media?parent=3247"}],"wp:term":[{"taxonomy":"product_brand","embeddable":true,"href":"https:\/\/devabor.com\/en\/wp-json\/wp\/v2\/product_brand?post=3247"},{"taxonomy":"product_cat","embeddable":true,"href":"https:\/\/devabor.com\/en\/wp-json\/wp\/v2\/product_cat?post=3247"},{"taxonomy":"product_tag","embeddable":true,"href":"https:\/\/devabor.com\/en\/wp-json\/wp\/v2\/product_tag?post=3247"}],"curies":[{"name":"wp","href":"https:\/\/api.w.org\/{rel}","templated":true}]}}